{"id":28810,"date":"2024-08-30T18:05:39","date_gmt":"2024-08-30T16:05:39","guid":{"rendered":"https:\/\/pawz.rs\/?post_type=product&#038;p=28810"},"modified":"2025-06-29T19:57:44","modified_gmt":"2025-06-29T17:57:44","slug":"versele-laga-cuni-complete-sensitive","status":"publish","type":"product","link":"https:\/\/pawz.rs\/en\/versele-laga-cuni-complete-sensitive\/","title":{"rendered":"Versele Laga Cuni Complete Sensitive 500 g"},"content":{"rendered":"<p><strong>Versele Laga Cuni Complete Sensitive 500 g<\/strong><\/p>\n<p>Kompletna ekstrudirana hrana namenjena ze\u010devima koji su osetljivi na neke sastojke ostalih hrana<\/p>\n<p>Cuni Complete Sensitive\u00a0je kompletna ekstrudirana hrana u obliku peleta. Time se izbegava da Va\u0161i ljubimci ne unesu neophodne nutriente zbog izbirljivosti. Formula bez \u017eitarica, sa dugim vlaknima i dodatim kalcijumom i ekstaktom brusnice za spre\u010davanje gojaznosti, stvaranja kuglica dlaka i optimalni rad urinarnog trakta. Ova hrana je napravljena u saradnji sa veterinarima.<\/p>\n<ul>\n<li>Optimalan sadr\u017eaj kalcijuma i ekstakt brusnice za zdrav urinarni trakt i optimalan rad bubrega<\/li>\n<li>Hrana sa manjim koli\u010dinama energije radi spre\u010davanja gojaznosti<\/li>\n<li>Prirodna duga\u010dka vlakna poma\u017eu da dlaka prolazi lako kroz digestivni trakt i spre\u010davaju formiranje kuglica dlake<\/li>\n<\/ul>\n<p><strong>Sastav:<br \/>\n<\/strong>Derivati biljnog porekla ( ma\u010dija trava, trave i bilje 6%\u00a0 ), vo\u0107e ( brusnica 5% ), ekstrakt proteina biljnog porekla, semenje ( seme lana 2% ), minerali, FOS 0,3%, kalendula, juka<\/p>\n<p><strong>Analytical composition:<br \/>\n<\/strong>Proteini 13,5%, masti 2,5%, sirova vlakna 20%, sirovi pepeo 7%, kalcijum 0,6%, fosfor 0,5%<\/p>\n<p><strong>Dodaci po kilogramu proizvoda: nutritivni dodaci:<br \/>\n<\/strong>Vitamin A 10000 IU, vitamin D3 1200 IU, vitamin E 80 mg, vitamin C 100 mg, 3b103 (gvo\u017e\u0111e) 100 mg, 3b202 (jodid) 2 mg, E4 (bakar) 10 mg, 3b502 (mangan) 75 mg, 3b603 (cink) 70 mg, E8 (selenijum) 0.2 mg,<br \/>\n<strong>Tehnolo\u0161ki dodaci:<\/strong>\u00a0antioksidansi<\/p>\n<p><strong>Uputstvo za hranjenje:<\/strong><br \/>\nU zavisnosti od veli\u010dine i rase zeca dnevna koli\u010dina hrane bi trebalo da bude od 40 do 70 grama. Sve\u017ea voda bi uvek trebalo da bude dostupna ljubimcu.<br \/>\nUvek dodajte i dovoljno sena<\/p>\n<p>Dostupno u pakovanju od 500g<\/p>\n<p>Proizvo\u0111a\u010d: Versle-Laga, Kapellestraat 70, Deinze, Belgium<br \/>\nZemlja porekla: Belgija (EU)<\/p>\n\n    <div class=\"xs_social_share_widget xs_share_url after_content \t\tmain_content  wslu-style-1 wslu-share-box-shaped wslu-fill-colored wslu-none wslu-share-horizontal wslu-theme-font-no wslu-main_content\">\n\n\t\t\n        <ul>\n\t\t\t        <\/ul>\n    <\/div>","protected":false},"excerpt":{"rendered":"<p>Versele Laga Cuni Complete Sensitive predstavlja kompletnu hranu za patuljste ze\u010deve koji su osetljivi na neki sastojak u hrani<\/p>","protected":false},"featured_media":28813,"comment_status":"open","ping_status":"closed","template":"","meta":{"_acf_changed":false},"pwb-brand":[318],"product_cat":[986,987,989],"product_tag":[],"class_list":{"0":"post-28810","1":"product","2":"type-product","3":"status-publish","4":"has-post-thumbnail","6":"pwb-brand-versele-laga","7":"product_cat-glodari","8":"product_cat-zecevi","9":"product_cat-hrana-za-zeceve","11":"first","12":"instock","13":"taxable","14":"shipping-taxable","15":"purchasable","16":"product-type-simple"},"acf":[],"brands":[{"id":318,"name":"Versele-Laga","slug":"versele-laga"}],"_links":{"self":[{"href":"https:\/\/pawz.rs\/en\/wp-json\/wp\/v2\/product\/28810","targetHints":{"allow":["GET"]}}],"collection":[{"href":"https:\/\/pawz.rs\/en\/wp-json\/wp\/v2\/product"}],"about":[{"href":"https:\/\/pawz.rs\/en\/wp-json\/wp\/v2\/types\/product"}],"replies":[{"embeddable":true,"href":"https:\/\/pawz.rs\/en\/wp-json\/wp\/v2\/comments?post=28810"}],"wp:featuredmedia":[{"embeddable":true,"href":"https:\/\/pawz.rs\/en\/wp-json\/wp\/v2\/media\/28813"}],"wp:attachment":[{"href":"https:\/\/pawz.rs\/en\/wp-json\/wp\/v2\/media?parent=28810"}],"wp:term":[{"taxonomy":"pwb-brand","embeddable":true,"href":"https:\/\/pawz.rs\/en\/wp-json\/wp\/v2\/pwb-brand?post=28810"},{"taxonomy":"product_cat","embeddable":true,"href":"https:\/\/pawz.rs\/en\/wp-json\/wp\/v2\/product_cat?post=28810"},{"taxonomy":"product_tag","embeddable":true,"href":"https:\/\/pawz.rs\/en\/wp-json\/wp\/v2\/product_tag?post=28810"}],"curies":[{"name":"wp","href":"https:\/\/api.w.org\/{rel}","templated":true}]}}