{"id":28814,"date":"2024-08-30T18:05:38","date_gmt":"2024-08-30T16:05:38","guid":{"rendered":"https:\/\/pawz.rs\/?post_type=product&#038;p=28814"},"modified":"2025-06-29T19:57:44","modified_gmt":"2025-06-29T17:57:44","slug":"versele-laga-classic-cuni-500-g","status":"publish","type":"product","link":"https:\/\/pawz.rs\/en\/versele-laga-classic-cuni-500-g\/","title":{"rendered":"Versele Laga Classic Cuni 500 g"},"content":{"rendered":"<p><strong>Versele Laga Classic Cuni 500 g<\/strong><\/p>\n<p>Classic Cuni 500gr\u00a0je klasi\u010dna me\u0161avina semenki, \u017eitarica, presovanih \u017eitarica, peleta i ekstrudiranih peleta namenjena svakodnevnoj ishrani patuljastih kuni\u0107a.<\/p>\n<p><strong>Sastav:<\/strong><br \/>\nDerivati biljnog porekla, \u017eitarice 30%, semenje, povr\u0107e 5%, minerali<\/p>\n<p><strong>Analytical composition:<br \/>\n<\/strong>Proteini 14%, masti 3%, sirova vlakna 13%, sirovi pepeo 7%<\/p>\n<p><strong>Dodaci po kilogramu proizvoda:<\/strong><br \/>\nVitamin A 8700 IU, Vitamin D3 1040 IU, Vitamin E 70 IU, E1 (gvo\u017e\u0111e) 85mg, E2 (jodid) 1.8mg, E4 (bakar) 8,5mg, E5 (Mangan) 65mg, E6 ( cink) 60mg, E8 (Selenijum) 0.17mg.<\/p>\n<p>Proizvo\u0111a\u010d: Versle-Laga, Kapellestraat 70, Deinze, Belgium<br \/>\nZemlja porekla: Belgija (EU)<\/p>\n\n    <div class=\"xs_social_share_widget xs_share_url after_content \t\tmain_content  wslu-style-1 wslu-share-box-shaped wslu-fill-colored wslu-none wslu-share-horizontal wslu-theme-font-no wslu-main_content\">\n\n\t\t\n        <ul>\n\t\t\t        <\/ul>\n    <\/div>","protected":false},"excerpt":{"rendered":"<p>Versele Laga Classic Cuni je klasi\u010dna me\u0161avina namenjena patuljastim ze\u010devima<\/p>","protected":false},"featured_media":28815,"comment_status":"open","ping_status":"closed","template":"","meta":{"_acf_changed":false},"pwb-brand":[318],"product_cat":[986,987,989],"product_tag":[],"class_list":{"0":"post-28814","1":"product","2":"type-product","3":"status-publish","4":"has-post-thumbnail","6":"pwb-brand-versele-laga","7":"product_cat-glodari","8":"product_cat-zecevi","9":"product_cat-hrana-za-zeceve","11":"first","12":"instock","13":"taxable","14":"shipping-taxable","15":"purchasable","16":"product-type-simple"},"acf":[],"brands":[{"id":318,"name":"Versele-Laga","slug":"versele-laga"}],"_links":{"self":[{"href":"https:\/\/pawz.rs\/en\/wp-json\/wp\/v2\/product\/28814","targetHints":{"allow":["GET"]}}],"collection":[{"href":"https:\/\/pawz.rs\/en\/wp-json\/wp\/v2\/product"}],"about":[{"href":"https:\/\/pawz.rs\/en\/wp-json\/wp\/v2\/types\/product"}],"replies":[{"embeddable":true,"href":"https:\/\/pawz.rs\/en\/wp-json\/wp\/v2\/comments?post=28814"}],"wp:featuredmedia":[{"embeddable":true,"href":"https:\/\/pawz.rs\/en\/wp-json\/wp\/v2\/media\/28815"}],"wp:attachment":[{"href":"https:\/\/pawz.rs\/en\/wp-json\/wp\/v2\/media?parent=28814"}],"wp:term":[{"taxonomy":"pwb-brand","embeddable":true,"href":"https:\/\/pawz.rs\/en\/wp-json\/wp\/v2\/pwb-brand?post=28814"},{"taxonomy":"product_cat","embeddable":true,"href":"https:\/\/pawz.rs\/en\/wp-json\/wp\/v2\/product_cat?post=28814"},{"taxonomy":"product_tag","embeddable":true,"href":"https:\/\/pawz.rs\/en\/wp-json\/wp\/v2\/product_tag?post=28814"}],"curies":[{"name":"wp","href":"https:\/\/api.w.org\/{rel}","templated":true}]}}