{"id":28818,"date":"2024-08-30T18:05:36","date_gmt":"2024-08-30T16:05:36","guid":{"rendered":"https:\/\/pawz.rs\/?post_type=product&#038;p=28818"},"modified":"2025-06-29T19:57:44","modified_gmt":"2025-06-29T17:57:44","slug":"versele-laga-mini-hamster-nature-400-g","status":"publish","type":"product","link":"https:\/\/pawz.rs\/en\/versele-laga-mini-hamster-nature-400-g\/","title":{"rendered":"Versele Laga Mini Hamster Nature 400 g"},"content":{"rendered":"<p><strong>Versele Laga Mini Hamster Nature 400 g<\/strong><\/p>\n<div class=\"col-md-12 text-center\">\n<div class=\"col-md-12 text-center\">\n<p>Kompletna balansirana me\u0161avina namenjena ishrani patuljastih hr\u010daka<\/p>\n<ul>\n<li>Vo\u0107e i povr\u0107e u me\u0161avini unose raznolikost i neophodne vitamine u svakodnevnu ishranu<\/li>\n<li>Visok sadr\u017eaj vitamina E potpoma\u017ee imunitet ljubimaca<\/li>\n<li>Sadr\u017ei dodatne antioksidanse<\/li>\n<\/ul>\n<p><strong>Sastav:<br \/>\n<\/strong>\u017ditarice ( ovas 8% ),derivati biljnog porekla, povr\u0107e ( gra\u0161ak 10%, pa\u0161kanat 2%, praziluk 1% ), vo\u0107e ( ananas 2%, suvo gro\u017e\u0111e 2% ) , semenje, ora\u0161asti plodovi, insekti ( bra\u0161nasti crvi 4% ),\u00a0 minerali, ekstrakti proteina iz povr\u0107a, ulja i masti, FOS, kalendula, MOS, bilje, ko\u0161tice gro\u017e\u0111a<\/p>\n<p><strong>Analytical composition:<br \/>\n<\/strong>Proteini 16,5%, masti 7,5%, sirova vlakna 7%, sirovi pepeo 5%, kalcijum 0,65%, fosfor 0,35%<\/p>\n<p><strong>Nutritivni dodaci po KG proizvoda:<br \/>\n<\/strong>Vitamin A 12000 IU, vitamin D3 1500 IU, vitamin E 90mg, gvo\u017e\u0111e 110mg, jod 2mg, bakar 11mg, mangan 87mg, cink 81mg, selen 0,23mg<\/p>\n<p><strong>Uputstvo za upotrebu:<br \/>\n<\/strong>Svakodnevno menjajte vodu i dodajte sve\u017eu hranu Va\u0161em ljubimcu. U zavisnosti od veli\u010dine i rase Va\u0161eg patuljastog hr\u010dka preporu\u010duju se dnevne porcije od oko 15 grama.<br \/>\nUz bogat dodatak sena ma\u010dije trave i Nature Snacks Va\u0161 ljubimac \u0107e imati dovoljno raznolikosti u ishrani<\/p>\n<p>Dostupno u pakovanju od 400g<\/p>\n<\/div>\n<\/div>\n<p>Proizvo\u0111a\u010d: Versle-Laga, Kapellestraat 70, Deinze, Belgium<br \/>\nZemlja porekla: Belgija (EU)<\/p>\n\n    <div class=\"xs_social_share_widget xs_share_url after_content \t\tmain_content  wslu-style-1 wslu-share-box-shaped wslu-fill-colored wslu-none wslu-share-horizontal wslu-theme-font-no wslu-main_content\">\n\n\t\t\n        <ul>\n\t\t\t        <\/ul>\n    <\/div>","protected":false},"excerpt":{"rendered":"<p>Versele Laga Mini Hamster Nature je hrana za patuljaste hr\u010dke<\/p>","protected":false},"featured_media":28819,"comment_status":"open","ping_status":"closed","template":"","meta":{"_acf_changed":false},"pwb-brand":[318],"product_cat":[986,988,990],"product_tag":[],"class_list":{"0":"post-28818","1":"product","2":"type-product","3":"status-publish","4":"has-post-thumbnail","6":"pwb-brand-versele-laga","7":"product_cat-glodari","8":"product_cat-hrcci","9":"product_cat-hrana-za-hrcke","11":"first","12":"instock","13":"taxable","14":"shipping-taxable","15":"purchasable","16":"product-type-simple"},"acf":[],"brands":[{"id":318,"name":"Versele-Laga","slug":"versele-laga"}],"_links":{"self":[{"href":"https:\/\/pawz.rs\/en\/wp-json\/wp\/v2\/product\/28818","targetHints":{"allow":["GET"]}}],"collection":[{"href":"https:\/\/pawz.rs\/en\/wp-json\/wp\/v2\/product"}],"about":[{"href":"https:\/\/pawz.rs\/en\/wp-json\/wp\/v2\/types\/product"}],"replies":[{"embeddable":true,"href":"https:\/\/pawz.rs\/en\/wp-json\/wp\/v2\/comments?post=28818"}],"wp:featuredmedia":[{"embeddable":true,"href":"https:\/\/pawz.rs\/en\/wp-json\/wp\/v2\/media\/28819"}],"wp:attachment":[{"href":"https:\/\/pawz.rs\/en\/wp-json\/wp\/v2\/media?parent=28818"}],"wp:term":[{"taxonomy":"pwb-brand","embeddable":true,"href":"https:\/\/pawz.rs\/en\/wp-json\/wp\/v2\/pwb-brand?post=28818"},{"taxonomy":"product_cat","embeddable":true,"href":"https:\/\/pawz.rs\/en\/wp-json\/wp\/v2\/product_cat?post=28818"},{"taxonomy":"product_tag","embeddable":true,"href":"https:\/\/pawz.rs\/en\/wp-json\/wp\/v2\/product_tag?post=28818"}],"curies":[{"name":"wp","href":"https:\/\/api.w.org\/{rel}","templated":true}]}}