{"id":28820,"date":"2024-08-30T18:05:35","date_gmt":"2024-08-30T16:05:35","guid":{"rendered":"https:\/\/pawz.rs\/?post_type=product&#038;p=28820"},"modified":"2025-06-29T19:57:44","modified_gmt":"2025-06-29T17:57:44","slug":"versele-laga-gerbil-nature-700-g","status":"publish","type":"product","link":"https:\/\/pawz.rs\/en\/versele-laga-gerbil-nature-700-g\/","title":{"rendered":"Versele Laga Gerbil Nature 700 g"},"content":{"rendered":"<p><strong>Versele Laga Gerbil Nature 700 g<\/strong><\/p>\n<div class=\"col-md-12 text-center\">\n<div class=\"col-md-12 text-center\">\n<div class=\"col-md-12 text-center\">\n<p>Kompletna balansirana me\u0161avina namenjena ishrani gerbila<\/p>\n<ul>\n<li>Bra\u0161nasti crvi kao izvor proteina doprinose da obrok bude dobro balansiran<\/li>\n<li>Vo\u0107e i povr\u0107e u me\u0161avini unose raznolikost i neophodne vitamine u svakodnevnu ishranu<\/li>\n<li>Visok sadr\u017eaj \u017eitarica potpoma\u017ee da ove aktivne \u017eivotinjice imaju energiju i vitalnost<\/li>\n<li>Sadr\u017ei dodatne antioksidanse<\/li>\n<\/ul>\n<p><strong>Sastav:<br \/>\n<\/strong>\u017ditarice ( kukuruz 17% ),derivati biljnog porekla, povr\u0107e ( gra\u0161ak 12%, crvena paprika 2%, \u0161argarepa 2% ), vo\u0107e ( banana 1%, suvo gro\u017e\u0111e 2% ) , semenje, ora\u0161asti plodovi, insekti ( bra\u0161nasti crvi 4% ),\u00a0 minerali, ekstrakti proteina iz povr\u0107a, ulja i masti, FOS, kalendula, MOS, bilje, ko\u0161tice gro\u017e\u0111a,juka, alge<\/p>\n<p><strong>Analytical composition:<br \/>\n<\/strong>Proteini 16,5%, masti 7%, sirova vlakna 7,5%, sirovi pepeo 6%, kalcijum 0,8%, fosfor 0,45%<\/p>\n<p><strong>Nutritivni dodaci po KG proizvoda:<br \/>\n<\/strong>Vitamin A 10950 IU, vitamin D3 1450 IU, vitamin E 74mg, gvo\u017e\u0111e 91mg, jod 2mg, bakar 10mg, mangan 77mg, cink 72mg, selen 0,22mg<\/p>\n<p><strong>Uputstvo za upotrebu:<br \/>\n<\/strong>Svakodnevno menjajte vodu i dodajte sve\u017eu hranu Va\u0161em ljubimcu. U zavisnosti od veli\u010dine i rase Va\u0161eg gerbila preporu\u010duju se dnevne porcije od 10 do 15 grama.<br \/>\nUz dodatak Nature Snacks Va\u0161 ljubimac \u0107e imati dovoljno raznolikosti u ishrani<\/p>\n<p>Dostupno u pakovanju od 700g<\/p>\n<\/div>\n<\/div>\n<\/div>\n<p>Proizvo\u0111a\u010d: Versle-Laga, Kapellestraat 70, Deinze, Belgium<br \/>\nZemlja porekla: Belgija (EU)<\/p>\n\n    <div class=\"xs_social_share_widget xs_share_url after_content \t\tmain_content  wslu-style-1 wslu-share-box-shaped wslu-fill-colored wslu-none wslu-share-horizontal wslu-theme-font-no wslu-main_content\">\n\n\t\t\n        <ul>\n\t\t\t        <\/ul>\n    <\/div>","protected":false},"excerpt":{"rendered":"<p>Versele Laga Gerbil Nature je hrana namenjena ishrani gerbila<\/p>","protected":false},"featured_media":28821,"comment_status":"open","ping_status":"closed","template":"","meta":{"_acf_changed":false},"pwb-brand":[318],"product_cat":[986,988,990],"product_tag":[],"class_list":{"0":"post-28820","1":"product","2":"type-product","3":"status-publish","4":"has-post-thumbnail","6":"pwb-brand-versele-laga","7":"product_cat-glodari","8":"product_cat-hrcci","9":"product_cat-hrana-za-hrcke","11":"first","12":"instock","13":"taxable","14":"shipping-taxable","15":"purchasable","16":"product-type-simple"},"acf":[],"brands":[{"id":318,"name":"Versele-Laga","slug":"versele-laga"}],"_links":{"self":[{"href":"https:\/\/pawz.rs\/en\/wp-json\/wp\/v2\/product\/28820","targetHints":{"allow":["GET"]}}],"collection":[{"href":"https:\/\/pawz.rs\/en\/wp-json\/wp\/v2\/product"}],"about":[{"href":"https:\/\/pawz.rs\/en\/wp-json\/wp\/v2\/types\/product"}],"replies":[{"embeddable":true,"href":"https:\/\/pawz.rs\/en\/wp-json\/wp\/v2\/comments?post=28820"}],"wp:featuredmedia":[{"embeddable":true,"href":"https:\/\/pawz.rs\/en\/wp-json\/wp\/v2\/media\/28821"}],"wp:attachment":[{"href":"https:\/\/pawz.rs\/en\/wp-json\/wp\/v2\/media?parent=28820"}],"wp:term":[{"taxonomy":"pwb-brand","embeddable":true,"href":"https:\/\/pawz.rs\/en\/wp-json\/wp\/v2\/pwb-brand?post=28820"},{"taxonomy":"product_cat","embeddable":true,"href":"https:\/\/pawz.rs\/en\/wp-json\/wp\/v2\/product_cat?post=28820"},{"taxonomy":"product_tag","embeddable":true,"href":"https:\/\/pawz.rs\/en\/wp-json\/wp\/v2\/product_tag?post=28820"}],"curies":[{"name":"wp","href":"https:\/\/api.w.org\/{rel}","templated":true}]}}