{"id":28824,"date":"2024-08-30T18:05:31","date_gmt":"2024-08-30T16:05:31","guid":{"rendered":"https:\/\/pawz.rs\/?post_type=product&#038;p=28824"},"modified":"2025-06-29T19:57:48","modified_gmt":"2025-06-29T17:57:48","slug":"versele-laga-crispy-muesli-hamsterco","status":"publish","type":"product","link":"https:\/\/pawz.rs\/en\/versele-laga-crispy-muesli-hamsterco\/","title":{"rendered":"Versele Laga Crispy muesli Hamster&#038;Co"},"content":{"rendered":"<p><strong>Versele Laga Crispy muesli Hamster&amp;Co<\/strong><\/p>\n<p>Ukusna me\u0161avina bogata proteinima za hr\u010dke, gerbile, pacove i mi\u0161eve<\/p>\n<ul>\n<li>Me\u0161avina koja daje enrgiju Va\u0161im hr\u010dcima, gerbilima, pacovima i mi\u0161evima<\/li>\n<li>Oboga\u0107ena sa &#8220;Happy &amp; Healthy&#8221; peletima za odr\u017eavanje optimalnog stanja organizma Va\u0161eg ljubimca<\/li>\n<li>Laka za kori\u0161\u0107enje zahvaljuju\u0107i prakti\u010dnom pakovanju koje \u010duva sve\u017einu<\/li>\n<li>Sa dodatim \u017eitaricama radi boljeg apetita<\/li>\n<\/ul>\n<p><strong>Sastav:<br \/>\n<\/strong>\u017ditarice 40%, semenje, derivati povr\u0107a, povr\u0107e, ora\u0161asti plodovi, vo\u0107e, ekstrakti proteina iz povr\u0107a, minerali, ulja i masti, \u0161e\u0107eri<\/p>\n<p><strong>Analytical composition:<\/strong><br \/>\nProteini 15%, masti 9,5%, sirova vlakna 8%, sirovi pepeo 3,5%, kalcijum 0,4%, fosfor 0,4%<\/p>\n<p><strong>Dodaci po kilogramu proizvoda: nutritivni dodaci:<br \/>\n<\/strong>Vitamin A 9700 IU, vitamin D3 1550 IU, vitamin E 39 mg, 3b103 (gvo\u017e\u0111e) 46 mg, 3b202 (jodid) 1.5 mg, 3b405 (bakar) 7 mg, 3b502 (mangan) 60 mg, 3b603 (cink) 55 mg, 3b801 (selenijum) 0.1 mg. tehnolo\u0161ki dodaci: antioksidansi.\u00a0<strong><br \/>\nSenzorni dodaci:<\/strong>\u00a0boje za hranu<\/p>\n<p><strong>Uputstvo za hranjenje:<\/strong><br \/>\nU zavisnosti od veli\u010dine Va\u0161eg hr\u010dka dajte mu 10 do 15 grama hrane dnevno. Sve\u017ea pija\u0107a voda mora uvek biti dostupna ljubimcu<\/p>\n<p>Dostupno u pakovanjima od 400g, 1kg, 2,75kg i 20kg<\/p>\n<p>Proizvo\u0111a\u010d: Versle-Laga, Kapellestraat 70, Deinze, Belgium<br \/>\nZemlja porekla: Belgija (EU)<\/p>\n\n    <div class=\"xs_social_share_widget xs_share_url after_content \t\tmain_content  wslu-style-1 wslu-share-box-shaped wslu-fill-colored wslu-none wslu-share-horizontal wslu-theme-font-no wslu-main_content\">\n\n\t\t\n        <ul>\n\t\t\t        <\/ul>\n    <\/div>","protected":false},"excerpt":{"rendered":"<p>Versele Laga Crispy muesli Hamster&amp;Co je kompletna hrana za hr\u010dke, gerbile, pacove i mi\u0161eve<\/p>","protected":false},"featured_media":28829,"comment_status":"open","ping_status":"closed","template":"","meta":{"_acf_changed":false},"pwb-brand":[318],"product_cat":[986,988,990],"product_tag":[],"class_list":{"0":"post-28824","1":"product","2":"type-product","3":"status-publish","4":"has-post-thumbnail","6":"pwb-brand-versele-laga","7":"product_cat-glodari","8":"product_cat-hrcci","9":"product_cat-hrana-za-hrcke","11":"first","12":"instock","13":"taxable","14":"shipping-taxable","15":"purchasable","16":"product-type-variable","17":"has-default-attributes"},"acf":[],"brands":[{"id":318,"name":"Versele-Laga","slug":"versele-laga"}],"_links":{"self":[{"href":"https:\/\/pawz.rs\/en\/wp-json\/wp\/v2\/product\/28824","targetHints":{"allow":["GET"]}}],"collection":[{"href":"https:\/\/pawz.rs\/en\/wp-json\/wp\/v2\/product"}],"about":[{"href":"https:\/\/pawz.rs\/en\/wp-json\/wp\/v2\/types\/product"}],"replies":[{"embeddable":true,"href":"https:\/\/pawz.rs\/en\/wp-json\/wp\/v2\/comments?post=28824"}],"wp:featuredmedia":[{"embeddable":true,"href":"https:\/\/pawz.rs\/en\/wp-json\/wp\/v2\/media\/28829"}],"wp:attachment":[{"href":"https:\/\/pawz.rs\/en\/wp-json\/wp\/v2\/media?parent=28824"}],"wp:term":[{"taxonomy":"pwb-brand","embeddable":true,"href":"https:\/\/pawz.rs\/en\/wp-json\/wp\/v2\/pwb-brand?post=28824"},{"taxonomy":"product_cat","embeddable":true,"href":"https:\/\/pawz.rs\/en\/wp-json\/wp\/v2\/product_cat?post=28824"},{"taxonomy":"product_tag","embeddable":true,"href":"https:\/\/pawz.rs\/en\/wp-json\/wp\/v2\/product_tag?post=28824"}],"curies":[{"name":"wp","href":"https:\/\/api.w.org\/{rel}","templated":true}]}}