{"id":28830,"date":"2024-08-30T18:05:32","date_gmt":"2024-08-30T16:05:32","guid":{"rendered":"https:\/\/pawz.rs\/?post_type=product&#038;p=28830"},"modified":"2025-06-29T19:57:44","modified_gmt":"2025-06-29T17:57:44","slug":"versele-laga-hamster-complete-500-g","status":"publish","type":"product","link":"https:\/\/pawz.rs\/en\/versele-laga-hamster-complete-500-g\/","title":{"rendered":"Versele Laga Hamster Complete 500 g"},"content":{"rendered":"<p><strong>Versele Laga Hamster Complete 500 g<\/strong><\/p>\n<div class=\"col-md-12 text-center\">\n<p>Kompletna ekstrudirana hrana bogata proteinima namenjena patuljastim hr\u010dcima<\/p>\n<p>Hamster Complete\u00a0je kompletna ekstrudirana hrana u obliku peleta. Time se izbegava da Va\u0161i ljubumci ne unesu neophodne nutriente zbog izbirljivosti. Hrana sadr\u017ei piletinu kao prirodan izvor proteina i \u017eitaricama koje daju energiju posebno je formulisana da zadovolji nutritivne potrebe hr\u010daka. Ova hrana je napravljena u saradnji sa veterinarima.<\/p>\n<ul>\n<li>Sa dodatim proteinima iz piletine, \u017eitaricama i semenom lana za dobro varenje i optimalnu probavu<\/li>\n<li>Oboga\u0107ena povr\u0107em i vo\u0107em. Sadr\u017ei juku koja elimini\u0161e neprijatne mirise<\/li>\n<li>Ulje lososa i ulje semena lana su izvor Omega 3 i Omega 6 masnih kiselina koje su neophodne za zdravlje dlake<\/li>\n<\/ul>\n<p><strong>Sastav:<br \/>\n<\/strong>\u017ditarice 40%, derivati biljnog porekla , povr\u0107e ( gra\u0161ak 15% ), meso i derivati mesa ( piletina 5% ),\u00a0 vo\u0107e ( jabuka 4% ), ulja i masti ( lososovo ulje 1% ), semenje ( seme lana 2% ), minerali ( montromolitna glina 0,5% ), kvasci, jaja i derivati jaja, FOS 0,3%, kalendula, juka ( 125 mg\/kg ), ruzmarin, zeleni \u010daj<\/p>\n<p><strong>Analytical composition:<br \/>\n<\/strong>Proteini 17%, masti 6%, sirova vlakna 4%, sirovi pepeo 5,5%, kalcijum 0,6%, fosfor 0,4%<\/p>\n<p><strong>Dodaci po kilogramu proizvoda: nutritivni dodaci:<br \/>\n<\/strong>Vitamin A 30000 IU, vitamin D3 1500 IU, vitamin E 50 mg, vitamin C 140 mg, 3b103 (gvo\u017e\u0111e) 140 mg, 3b202 (jodid) 2,8 mg, E4 (bakar) 11 mg, 3b502 (mangan) 94 mg, 3b603 (cink) 120 mg, 3b607 (cink) 5 mg, E8 (selenijum) 0.3 mg,<br \/>\n<strong>Tehnolo\u0161ki dodaci:<\/strong>\u00a0antioksidansi,<br \/>\n<strong>Senzorni dodaci:\u00a0<\/strong>boje za hranu<\/p>\n<p><strong>Uputstvo za hranjenje:<\/strong><br \/>\nZa hr\u010dka preporu\u010duje se dneva koli\u010dina od 15 grama hrane. Sve\u017ea voda mora uvek biti dostupna ljubimcu<\/p>\n<p>Dostupno u pakovanju od 500g<\/p>\n<\/div>\n<p>Proizvo\u0111a\u010d: Versle-Laga, Kapellestraat 70, Deinze, Belgium<br \/>\nZemlja porekla: Belgija (EU)<\/p>\n\n    <div class=\"xs_social_share_widget xs_share_url after_content \t\tmain_content  wslu-style-1 wslu-share-box-shaped wslu-fill-colored wslu-none wslu-share-horizontal wslu-theme-font-no wslu-main_content\">\n\n\t\t\n        <ul>\n\t\t\t        <\/ul>\n    <\/div>","protected":false},"excerpt":{"rendered":"<p>Versele Laga Hamster Complete je kompletna hrana namenjena patuljastim hr\u010dcima<\/p>","protected":false},"featured_media":28831,"comment_status":"open","ping_status":"closed","template":"","meta":{"_acf_changed":false},"pwb-brand":[318],"product_cat":[986,988,990],"product_tag":[],"class_list":{"0":"post-28830","1":"product","2":"type-product","3":"status-publish","4":"has-post-thumbnail","6":"pwb-brand-versele-laga","7":"product_cat-glodari","8":"product_cat-hrcci","9":"product_cat-hrana-za-hrcke","11":"first","12":"instock","13":"taxable","14":"shipping-taxable","15":"purchasable","16":"product-type-simple"},"acf":[],"brands":[{"id":318,"name":"Versele-Laga","slug":"versele-laga"}],"_links":{"self":[{"href":"https:\/\/pawz.rs\/en\/wp-json\/wp\/v2\/product\/28830","targetHints":{"allow":["GET"]}}],"collection":[{"href":"https:\/\/pawz.rs\/en\/wp-json\/wp\/v2\/product"}],"about":[{"href":"https:\/\/pawz.rs\/en\/wp-json\/wp\/v2\/types\/product"}],"replies":[{"embeddable":true,"href":"https:\/\/pawz.rs\/en\/wp-json\/wp\/v2\/comments?post=28830"}],"wp:featuredmedia":[{"embeddable":true,"href":"https:\/\/pawz.rs\/en\/wp-json\/wp\/v2\/media\/28831"}],"wp:attachment":[{"href":"https:\/\/pawz.rs\/en\/wp-json\/wp\/v2\/media?parent=28830"}],"wp:term":[{"taxonomy":"pwb-brand","embeddable":true,"href":"https:\/\/pawz.rs\/en\/wp-json\/wp\/v2\/pwb-brand?post=28830"},{"taxonomy":"product_cat","embeddable":true,"href":"https:\/\/pawz.rs\/en\/wp-json\/wp\/v2\/product_cat?post=28830"},{"taxonomy":"product_tag","embeddable":true,"href":"https:\/\/pawz.rs\/en\/wp-json\/wp\/v2\/product_tag?post=28830"}],"curies":[{"name":"wp","href":"https:\/\/api.w.org\/{rel}","templated":true}]}}