{"id":28832,"date":"2024-08-30T18:05:33","date_gmt":"2024-08-30T16:05:33","guid":{"rendered":"https:\/\/pawz.rs\/?post_type=product&#038;p=28832"},"modified":"2025-06-29T19:57:44","modified_gmt":"2025-06-29T17:57:44","slug":"versele-laga-classic-hamster-500-g","status":"publish","type":"product","link":"https:\/\/pawz.rs\/en\/versele-laga-classic-hamster-500-g\/","title":{"rendered":"Versele Laga Classic Hamster 500 g"},"content":{"rendered":"<p><strong>Versele Laga Classic Hamster 500 g<\/strong><\/p>\n<div class=\"col-md-12 text-center\">\n<p>Classic Hamster\u00a0je klasi\u010dna me\u0161avina semenki, \u017eitarica, presovanih \u017eitarica, peleta i ekstrudiranih peleta namenjena svakodnevnoj ishrani hr\u010daka.<\/p>\n<p><strong>Sastav:<\/strong><br \/>\n\u017ditarice 50%, semenje, derivati povr\u0107a, povr\u0107e 13%, minerali<\/p>\n<p><strong>Analytical composition:<\/strong><br \/>\nProteini 15,5%, masti 7,5%, sirova vlakna 8%, sirovi pepeo 4,5%<\/p>\n<p><strong>Dodaci po kilogramu proizvoda:<\/strong><br \/>\nVitamin A 16000 IU, Vitamin D3 3100 IU, Vitamin E 50 IU, Vitamin C 35 IU, E1 (gvo\u017e\u0111e) 80mg, E2 (jodid) 1.9mg, E4 (bakar) 15mg, E5 (Mangan) 70mg, E6 ( cink) 50mg, E8 (Selenijum) 0.18mg.<\/p>\n<\/div>\n<p>Proizvo\u0111a\u010d: Versle-Laga, Kapellestraat 70, Deinze, Belgium<br \/>\nZemlja porekla: Belgija (EU)<\/p>\n\n    <div class=\"xs_social_share_widget xs_share_url after_content \t\tmain_content  wslu-style-1 wslu-share-box-shaped wslu-fill-colored wslu-none wslu-share-horizontal wslu-theme-font-no wslu-main_content\">\n\n\t\t\n        <ul>\n\t\t\t        <\/ul>\n    <\/div>","protected":false},"excerpt":{"rendered":"<p>Versele Laga Classic Hamster je klasi\u010dna me\u0161avina \u017eitarica namenjena za ishranu hr\u010dka<\/p>","protected":false},"featured_media":28833,"comment_status":"open","ping_status":"closed","template":"","meta":{"_acf_changed":false},"pwb-brand":[318],"product_cat":[986,988,990],"product_tag":[],"class_list":{"0":"post-28832","1":"product","2":"type-product","3":"status-publish","4":"has-post-thumbnail","6":"pwb-brand-versele-laga","7":"product_cat-glodari","8":"product_cat-hrcci","9":"product_cat-hrana-za-hrcke","11":"first","12":"instock","13":"taxable","14":"shipping-taxable","15":"purchasable","16":"product-type-simple"},"acf":[],"brands":[{"id":318,"name":"Versele-Laga","slug":"versele-laga"}],"_links":{"self":[{"href":"https:\/\/pawz.rs\/en\/wp-json\/wp\/v2\/product\/28832","targetHints":{"allow":["GET"]}}],"collection":[{"href":"https:\/\/pawz.rs\/en\/wp-json\/wp\/v2\/product"}],"about":[{"href":"https:\/\/pawz.rs\/en\/wp-json\/wp\/v2\/types\/product"}],"replies":[{"embeddable":true,"href":"https:\/\/pawz.rs\/en\/wp-json\/wp\/v2\/comments?post=28832"}],"wp:featuredmedia":[{"embeddable":true,"href":"https:\/\/pawz.rs\/en\/wp-json\/wp\/v2\/media\/28833"}],"wp:attachment":[{"href":"https:\/\/pawz.rs\/en\/wp-json\/wp\/v2\/media?parent=28832"}],"wp:term":[{"taxonomy":"pwb-brand","embeddable":true,"href":"https:\/\/pawz.rs\/en\/wp-json\/wp\/v2\/pwb-brand?post=28832"},{"taxonomy":"product_cat","embeddable":true,"href":"https:\/\/pawz.rs\/en\/wp-json\/wp\/v2\/product_cat?post=28832"},{"taxonomy":"product_tag","embeddable":true,"href":"https:\/\/pawz.rs\/en\/wp-json\/wp\/v2\/product_tag?post=28832"}],"curies":[{"name":"wp","href":"https:\/\/api.w.org\/{rel}","templated":true}]}}