{"id":28834,"date":"2024-08-30T18:05:41","date_gmt":"2024-08-30T16:05:41","guid":{"rendered":"https:\/\/pawz.rs\/?post_type=product&#038;p=28834"},"modified":"2025-06-29T19:57:44","modified_gmt":"2025-06-29T17:57:44","slug":"versele-laga-cavia-nature-original-750-g","status":"publish","type":"product","link":"https:\/\/pawz.rs\/en\/versele-laga-cavia-nature-original-750-g\/","title":{"rendered":"Versele Laga Cavia Nature Original 750 g"},"content":{"rendered":"<p><strong>Versele Laga Cavia Nature Original 750 g<\/strong><\/p>\n<div class=\"col-md-12 text-center\">\n<div class=\"col-md-12 text-center\">\n<p>Kompletna hrana bogata vlaknima namenjena ishrani morskih prasi\u0107a<\/p>\n<p>Cavia Nature Original je hrana posebno prilago\u0111ena kako bi ispunila sve nutritivne potrebe morskih prasi\u0107a.<br \/>\nOvaj ukusni miks premium kvaliteta sadr\u017ei sve neophodne nutriente, vitamine i minerale koji su Va\u0161em ljubimcu neophodni kako bi \u017eiveo zdrav i bezbri\u017ean \u017eivot.<br \/>\nVlakna, bilje, povr\u0107e i vo\u0107e u ovom miksu doprinose dobroj probavi, odli\u010dnoj nezi zuba i desni, sjajnoj dlaci i savr\u0161enom zdravlju Va\u0161eg ljubimca.<br \/>\nRaznolikost sastojaka garantuje da \u0107e Va\u0161 ljubimac jako rado jesti ovu hranu. Sve ovo \u010dini Cuni Nature Original idealnim svakodnevnim u\u017eitkom za Va\u0161e ljubimce.<\/p>\n<ul>\n<li>Dodati vitamin C oja\u010dava imunitet<\/li>\n<li>Ne sadr\u017ei pelete kako bi se izbeglo da ljubimci ne jedu odre\u0111ene sastojke hrane<\/li>\n<li>Sadr\u017ei Juku koja poma\u017ee u kontroli neprijatnih mirisa<\/li>\n<\/ul>\n<p><strong>Sastav:<\/strong><br \/>\nDerivati biljnog porekla, \u017eitarice, povr\u0107e ( gra\u0161ak 10%, \u0161argarepa 5%, paprika 3,5%, cvekla 2%, praziluk 0,5% ), ekstrakt proteina biljnog porekla, vo\u0107e ( \u0161ipak 1%, banana 1% ), semenje, minerali, kvasci, FOS, bilje, ekstrakt nevena, MOS, alge, juka<\/p>\n<p><strong>Analytical composition:<\/strong><br \/>\nSirovi proteini 14,5%, sirove masti 3,5%, sirova vlakna 12%, sirovi pepeo 5,5%, kalcijum 0,65%, lizin 0,61%, metionin 0,21%<\/p>\n<p><strong>Dodaci po kg proizvoda:<\/strong>\u00a0<strong>Nutritivni dodaci:<\/strong><br \/>\nVitamin A 23500 IU, vitamin D3 850 IU, vitamin E 55 mg, 3b103 (gvo\u017e\u0111e) 69 mg, 3b202 (jod) 2 mg, 3b405 (bakar) 7 mg, 3b502 (mangan) 52 mg, 3b603 (cink) 50 mg, 3b801 (selenijum) 0.14 mg:<br \/>\n<strong>Tehnolo\u0161ki dodaci:<\/strong>\u00a0Antioksidansi<\/p>\n<p><strong>Uputstvo za hranjenje:<\/strong><br \/>\nSvakodnevno menjajte vodu i dodajte sve\u017ee koli\u010dine hrane. U zavisnosti od veli\u010dine i morskih prasi\u0107a, preporu\u010dena dnevna koli\u010dina hrane je od 35 do 50g. Uz dodatak sena i poslastica ishrana Va\u0161eh ljubimca bi\u0107e raznolika i izbalansirana<\/p>\n<p>Dostupno u pakovanju od 750g<\/p>\n<\/div>\n<\/div>\n<p>Proizvo\u0111a\u010d: Versle-Laga, Kapellestraat 70, Deinze, Belgium<br \/>\nZemlja porekla: Belgija (EU)<\/p>\n\n    <div class=\"xs_social_share_widget xs_share_url after_content \t\tmain_content  wslu-style-1 wslu-share-box-shaped wslu-fill-colored wslu-none wslu-share-horizontal wslu-theme-font-no wslu-main_content\">\n\n\t\t\n        <ul>\n\t\t\t        <\/ul>\n    <\/div>","protected":false},"excerpt":{"rendered":"<p>Versele Laga Cavia Nature Original je hrana namenjena ishrani morksih prasi\u0107a<\/p>","protected":false},"featured_media":28835,"comment_status":"open","ping_status":"closed","template":"","meta":{"_acf_changed":false},"pwb-brand":[318],"product_cat":[986,1007,1008],"product_tag":[],"class_list":{"0":"post-28834","1":"product","2":"type-product","3":"status-publish","4":"has-post-thumbnail","6":"pwb-brand-versele-laga","7":"product_cat-glodari","8":"product_cat-morsko-prase","9":"product_cat-hrana-za-morsko-prase","11":"first","12":"instock","13":"taxable","14":"shipping-taxable","15":"purchasable","16":"product-type-simple"},"acf":[],"brands":[{"id":318,"name":"Versele-Laga","slug":"versele-laga"}],"_links":{"self":[{"href":"https:\/\/pawz.rs\/en\/wp-json\/wp\/v2\/product\/28834","targetHints":{"allow":["GET"]}}],"collection":[{"href":"https:\/\/pawz.rs\/en\/wp-json\/wp\/v2\/product"}],"about":[{"href":"https:\/\/pawz.rs\/en\/wp-json\/wp\/v2\/types\/product"}],"replies":[{"embeddable":true,"href":"https:\/\/pawz.rs\/en\/wp-json\/wp\/v2\/comments?post=28834"}],"wp:featuredmedia":[{"embeddable":true,"href":"https:\/\/pawz.rs\/en\/wp-json\/wp\/v2\/media\/28835"}],"wp:attachment":[{"href":"https:\/\/pawz.rs\/en\/wp-json\/wp\/v2\/media?parent=28834"}],"wp:term":[{"taxonomy":"pwb-brand","embeddable":true,"href":"https:\/\/pawz.rs\/en\/wp-json\/wp\/v2\/pwb-brand?post=28834"},{"taxonomy":"product_cat","embeddable":true,"href":"https:\/\/pawz.rs\/en\/wp-json\/wp\/v2\/product_cat?post=28834"},{"taxonomy":"product_tag","embeddable":true,"href":"https:\/\/pawz.rs\/en\/wp-json\/wp\/v2\/product_tag?post=28834"}],"curies":[{"name":"wp","href":"https:\/\/api.w.org\/{rel}","templated":true}]}}