{"id":28840,"date":"2024-08-30T18:05:42","date_gmt":"2024-08-30T16:05:42","guid":{"rendered":"https:\/\/pawz.rs\/?post_type=product&#038;p=28840"},"modified":"2025-06-29T19:57:44","modified_gmt":"2025-06-29T17:57:44","slug":"versele-laga-fiberfood-cavia-1-kg","status":"publish","type":"product","link":"https:\/\/pawz.rs\/en\/versele-laga-fiberfood-cavia-1-kg\/","title":{"rendered":"Versele Laga Fiberfood Cavia 1 kg"},"content":{"rendered":"<p><strong>Versele Laga Fiberfood Cavia 1 kg<\/strong><\/p>\n<div class=\"col-md-12 text-center\">\n<div class=\"col-md-12 text-center\">\n<div class=\"col-md-12 text-center\">\n<p>Komletna izbalansirana me\u0161avina namenjena ishrani morskih prasi\u0107a koji su osetljivi na odre\u0111ene sastojke hrane<\/p>\n<ul>\n<li>Me\u0161avina bogata vlaknima koja sadr\u017ei samo najbolje sastojke koji se lako vare poput ma\u010dije trave i cvekle<\/li>\n<li>Prepuna posebno odabranih vrsta trave i bilja koje doprinose boljem zdravlju zuba i probavnog sistema<\/li>\n<li>Bez \u017eitarica \u0161to potpoma\u017ee probavu.<\/li>\n<li>Sadr\u017ei dodatne antioksidanse<\/li>\n<\/ul>\n<p><strong>Sastav:<br \/>\n<\/strong>Derivati biljnog porekla ( trave i bilje28%: ma\u010dija trava, je\u017eevica, engleski ljulj, Poa pratensis, Festuca pratensis, Festuca arundinacea,\u00a0 bela detelina, crvena detelina, lisi\u010diji rep, mu\u0161ka bokvica, masla\u010dak, hajdu\u010dka trava ) povr\u0107e ( gra\u0161ak 12,5%,cvekla 5,5%,\u00a0 \u0161argarepa 1,5% ), vo\u0107e ( \u0161ipak 1% ), semenje , minerali, ekstrakti proteina iz povr\u0107a, ulja i masti, FOS, kalendula, MOS, juka, alge<\/p>\n<p><strong>Analytical composition:<br \/>\n<\/strong>Proteini 15,5%, masti 3%, sirova vlakna 17,5%, sirovi pepeo 8,5%, kalcijum 0,75%, fosfor 0,50%<\/p>\n<p><strong>Nutritivni dodaci po KG proizvoda:<br \/>\n<\/strong>Vitamin A 11375 IU, vitamin D3 1365 IU, vitamin E 91mg, vitamin C 250mg,\u00a0 gvo\u017e\u0111e 113mg, jod 2,3mg, bakar 11mg, mangan 85mg, cink 80mg, selen 0,22mg<\/p>\n<p><strong>Uputstvo za upotrebu:<br \/>\n<\/strong>Svakodnevno menjajte vodu i dodajte sve\u017eu hranu Va\u0161em ljubimcu. U zavisnosti od veli\u010dine i rase Va\u0161eg morskog praseta preporu\u010duju se dnevne porcije od 40 do 55 grama.<br \/>\nUz bogat dodatak sena ma\u010dije trave i Nature Snacks Va\u0161 ljubimac \u0107e imati dovoljno raznolikosti u ishrani<\/p>\n<p>Dostupno u pakovanju od 1kg<\/p>\n<\/div>\n<\/div>\n<\/div>\n<p>Proizvo\u0111a\u010d: Versle-Laga, Kapellestraat 70, Deinze, Belgium<br \/>\nZemlja porekla: Belgija (EU)<\/p>\n\n    <div class=\"xs_social_share_widget xs_share_url after_content \t\tmain_content  wslu-style-1 wslu-share-box-shaped wslu-fill-colored wslu-none wslu-share-horizontal wslu-theme-font-no wslu-main_content\">\n\n\t\t\n        <ul>\n\t\t\t        <\/ul>\n    <\/div>","protected":false},"excerpt":{"rendered":"<p>Versele Laga Fiberfood Cavia je kompletna hrana za ishranu osetljivih morskih prasi\u0107a<\/p>","protected":false},"featured_media":28841,"comment_status":"open","ping_status":"closed","template":"","meta":{"_acf_changed":false},"pwb-brand":[318],"product_cat":[986,1007,1008],"product_tag":[],"class_list":{"0":"post-28840","1":"product","2":"type-product","3":"status-publish","4":"has-post-thumbnail","6":"pwb-brand-versele-laga","7":"product_cat-glodari","8":"product_cat-morsko-prase","9":"product_cat-hrana-za-morsko-prase","11":"first","12":"instock","13":"taxable","14":"shipping-taxable","15":"purchasable","16":"product-type-simple"},"acf":[],"brands":[{"id":318,"name":"Versele-Laga","slug":"versele-laga"}],"_links":{"self":[{"href":"https:\/\/pawz.rs\/en\/wp-json\/wp\/v2\/product\/28840","targetHints":{"allow":["GET"]}}],"collection":[{"href":"https:\/\/pawz.rs\/en\/wp-json\/wp\/v2\/product"}],"about":[{"href":"https:\/\/pawz.rs\/en\/wp-json\/wp\/v2\/types\/product"}],"replies":[{"embeddable":true,"href":"https:\/\/pawz.rs\/en\/wp-json\/wp\/v2\/comments?post=28840"}],"wp:featuredmedia":[{"embeddable":true,"href":"https:\/\/pawz.rs\/en\/wp-json\/wp\/v2\/media\/28841"}],"wp:attachment":[{"href":"https:\/\/pawz.rs\/en\/wp-json\/wp\/v2\/media?parent=28840"}],"wp:term":[{"taxonomy":"pwb-brand","embeddable":true,"href":"https:\/\/pawz.rs\/en\/wp-json\/wp\/v2\/pwb-brand?post=28840"},{"taxonomy":"product_cat","embeddable":true,"href":"https:\/\/pawz.rs\/en\/wp-json\/wp\/v2\/product_cat?post=28840"},{"taxonomy":"product_tag","embeddable":true,"href":"https:\/\/pawz.rs\/en\/wp-json\/wp\/v2\/product_tag?post=28840"}],"curies":[{"name":"wp","href":"https:\/\/api.w.org\/{rel}","templated":true}]}}