{"id":28842,"date":"2024-08-30T18:05:30","date_gmt":"2024-08-30T16:05:30","guid":{"rendered":"https:\/\/pawz.rs\/?post_type=product&#038;p=28842"},"modified":"2025-06-29T19:57:48","modified_gmt":"2025-06-29T17:57:48","slug":"versele-laga-crispy-muesli-guinea-pigs","status":"publish","type":"product","link":"https:\/\/pawz.rs\/en\/versele-laga-crispy-muesli-guinea-pigs\/","title":{"rendered":"Versele Laga Crispy Muesli Guinea Pigs"},"content":{"rendered":"<p><strong>Versele Laga Crispy Muesli Guinea Pigs<\/strong><\/p>\n<div class=\"col-md-12 text-center\">\n<div class=\"col-md-12 text-center\">\n<div class=\"col-md-12 text-center\">\n<p>Ukusna hrana bogata vlaknima namenjena morskim prasi\u0107ima<\/p>\n<ul>\n<li>Me\u0161avina bogata vlaknima koja doprinosi zdravlju digestivnog trakta i zuba<\/li>\n<li>Oboga\u0107ena &#8220;Happy&amp;Healthy&#8221; peletima kako bi organizam Va\u0161eg ljubimca bio u optimalnom stanju<\/li>\n<li>Laka za kori\u0161\u0107enje zahvaljuju\u0107i prakti\u010dnom pakovanju koje \u010duve sve\u017einu<\/li>\n<li>Sa dodatim vitaminom C koje potpoma\u017ee zdravlje organizma<\/li>\n<\/ul>\n<p><strong>Sastav:<\/strong><br \/>\nDerivati iz povr\u0107a, \u017eitarice, povr\u0107e, semenje, minerali, \u0161e\u0107eri, ekstrakti proteina iz povr\u0107a<\/p>\n<p><strong>Analytical composition:<\/strong><br \/>\nProteini 14,5%, masti 2,5%, sirova vlakna 14%, sirovi pepeo 7%, kalcijum 1%, fosfor 0,55%<\/p>\n<p><strong>Dodaci po kilogramu proizvoda: nutritivni dodaci:<br \/>\n<\/strong>Vitamin A 26100 IU, vitamin D3 1250 IU, vitamin E 83 mg, vitamin C 380 mg, 3b103 (gvo\u017e\u0111e) 104 mg, 3b202 (jodid) 2 mg, 3b405 (bakar) 10 mg, 3b502 (mangan) 78 mg, 3b603 (cink) 72 mg, 3b801 (selenijum) 0.20 mg. tehnolo\u0161ki dodaci: antioksidansi.<br \/>\n<strong>Senzorni dodaci:<\/strong>\u00a0boje za hranu<\/p>\n<p><strong>Uputstvo za hranjenje:<\/strong><br \/>\nDnevan koli\u010dina hrane koju bi trebalo da date Va\u0161em morskom prasetu je 50 grama. Sve\u017ea pija\u0107a voda mora uvek biti dostupna ljubimcu<\/p>\n<p>Dostupno u pakovanjima od 400g, 1kg, 2,75kg i 20kg<\/p>\n<\/div>\n<\/div>\n<\/div>\n<p>Proizvo\u0111a\u010d: Versle-Laga, Kapellestraat 70, Deinze, Belgium<br \/>\nZemlja porekla: Belgija (EU)<\/p>\n\n    <div class=\"xs_social_share_widget xs_share_url after_content \t\tmain_content  wslu-style-1 wslu-share-box-shaped wslu-fill-colored wslu-none wslu-share-horizontal wslu-theme-font-no wslu-main_content\">\n\n\t\t\n        <ul>\n\t\t\t        <\/ul>\n    <\/div>","protected":false},"excerpt":{"rendered":"<p>Versele Laga Crispy Muesli Guinea Pigs je hrana namenjena morskim prasi\u0107ima<\/p>","protected":false},"featured_media":28847,"comment_status":"open","ping_status":"closed","template":"","meta":{"_acf_changed":false},"pwb-brand":[318],"product_cat":[986,1007,1008],"product_tag":[],"class_list":{"0":"post-28842","1":"product","2":"type-product","3":"status-publish","4":"has-post-thumbnail","6":"pwb-brand-versele-laga","7":"product_cat-glodari","8":"product_cat-morsko-prase","9":"product_cat-hrana-za-morsko-prase","11":"first","12":"instock","13":"taxable","14":"shipping-taxable","15":"purchasable","16":"product-type-variable","17":"has-default-attributes"},"acf":[],"brands":[{"id":318,"name":"Versele-Laga","slug":"versele-laga"}],"_links":{"self":[{"href":"https:\/\/pawz.rs\/en\/wp-json\/wp\/v2\/product\/28842","targetHints":{"allow":["GET"]}}],"collection":[{"href":"https:\/\/pawz.rs\/en\/wp-json\/wp\/v2\/product"}],"about":[{"href":"https:\/\/pawz.rs\/en\/wp-json\/wp\/v2\/types\/product"}],"replies":[{"embeddable":true,"href":"https:\/\/pawz.rs\/en\/wp-json\/wp\/v2\/comments?post=28842"}],"wp:featuredmedia":[{"embeddable":true,"href":"https:\/\/pawz.rs\/en\/wp-json\/wp\/v2\/media\/28847"}],"wp:attachment":[{"href":"https:\/\/pawz.rs\/en\/wp-json\/wp\/v2\/media?parent=28842"}],"wp:term":[{"taxonomy":"pwb-brand","embeddable":true,"href":"https:\/\/pawz.rs\/en\/wp-json\/wp\/v2\/pwb-brand?post=28842"},{"taxonomy":"product_cat","embeddable":true,"href":"https:\/\/pawz.rs\/en\/wp-json\/wp\/v2\/product_cat?post=28842"},{"taxonomy":"product_tag","embeddable":true,"href":"https:\/\/pawz.rs\/en\/wp-json\/wp\/v2\/product_tag?post=28842"}],"curies":[{"name":"wp","href":"https:\/\/api.w.org\/{rel}","templated":true}]}}