{"id":28863,"date":"2024-08-30T18:05:29","date_gmt":"2024-08-30T16:05:29","guid":{"rendered":"https:\/\/pawz.rs\/?post_type=product&#038;p=28863"},"modified":"2026-04-23T22:33:16","modified_gmt":"2026-04-23T20:33:16","slug":"versele-laga-cavia-complete","status":"publish","type":"product","link":"https:\/\/pawz.rs\/en\/versele-laga-cavia-complete\/","title":{"rendered":"Versele Laga Cavia Complete"},"content":{"rendered":"<p><strong>Versele Laga Cavia Complete<\/strong><\/p>\n<div class=\"col-md-12 text-center\">\n<div class=\"col-md-12 text-center\">\n<div class=\"col-md-12 text-center\">\n<div class=\"col-md-12 text-center\">\n<div class=\"col-md-12 text-center\">\n<div class=\"col-md-12 text-center\">\n<p>Kompletna ekstrudirana hrana bogata vlaknima namenjena morskim prasi\u0107ima<\/p>\n<p>Cavia Completeje kompletna ekstrudirana hrana u obliku peleta. Time se izbegava da Va\u0161i ljubumci ne unesu neophodne nutriente zbog izbirljivosti.<br \/>\nFormula bez \u017eitarica, sa dugim vlaknima i dodatim vitaminom C je posebno formulisana da zadovolji sve nutritivne potrebe morskih prasi\u0107a. Ova hrana je napravljena u saradnji sa veterinarima.<\/p>\n<ul>\n<li>Sa dodatim vitaminom C i ma\u010dijom travom za optimalno stanje organizma i dobar kvalitet zuba<\/li>\n<li>Oboga\u0107ena borovnicom i biljem za optimalnu kondiciju<\/li>\n<\/ul>\n<p><strong>Sastav:<br \/>\n<\/strong>Derivati biljnog porekla ( ma\u010dija trava, trave i bilje 7%\u00a0 ), vo\u0107e ( borovnica 5% ), ekstrakt proteina biljnog porekla, semenje ( seme lana 2% ), minerali, FOS 0,3%, kalendula, juka<\/p>\n<p><strong>Analytical composition:<br \/>\n<\/strong>Proteini 14%, masti 3%, sirova vlakna 20%, sirovi pepeo 8%, kalcijum 0,8%, fosfor 0,6%<\/p>\n<p><strong>Dodaci po kilogramu proizvoda: nutritivni dodaci:<br \/>\n<\/strong>Vitamin A 10000 IU, vitamin D3 1200 IU, vitamin E 80 mg, vitamin C 100 mg, 3b103 (gvo\u017e\u0111e) 100 mg, 3b202 (jodid) 2 mg, E4 (bakar) 10 mg, 3b502 (mangan) 75 mg, 3b603 (cink) 70 mg, E8 (selenijum) 0.2 mg,<br \/>\n<strong>Tehnolo\u0161ki dodaci:<\/strong>\u00a0antioksidansi,<br \/>\n<strong>Senzorni dodaci:\u00a0<\/strong>boje za hranu<\/p>\n<p><strong>Uputstvo za hranjenje:<\/strong><br \/>\nU zavisnosti od veli\u010dine i rase morskog praseta dnevna koli\u010dina hrane bi trebalo da bude od 35 do 50 grama. Sve\u017ea voda bi uvek trebalo da bude dostupna ljubimcu. Uvek dodajte i dovoljno sena<\/p>\n<p>Dostupno u pakovanjima od 500g i 1,75kg<\/p>\n<\/div>\n<\/div>\n<\/div>\n<\/div>\n<\/div>\n<\/div>\n<p>Proizvo\u0111a\u010d: Versle-Laga, Kapellestraat 70, Deinze, Belgium<br \/>\nZemlja porekla: Belgija (EU)<\/p>\n\n    <div class=\"xs_social_share_widget xs_share_url after_content \t\tmain_content  wslu-style-1 wslu-share-box-shaped wslu-fill-colored wslu-none wslu-share-horizontal wslu-theme-font-no wslu-main_content\">\n\n\t\t\n        <ul>\n\t\t\t        <\/ul>\n    <\/div>","protected":false},"excerpt":{"rendered":"<p>Versele Laga Cavia Complete je hrana namenjena ishrani morksih prasi\u0107a<\/p>","protected":false},"featured_media":28866,"comment_status":"open","ping_status":"closed","template":"","meta":{"_acf_changed":false},"pwb-brand":[318],"product_cat":[986,1007,1008],"product_tag":[],"class_list":{"0":"post-28863","1":"product","2":"type-product","3":"status-publish","4":"has-post-thumbnail","6":"pwb-brand-versele-laga","7":"product_cat-glodari","8":"product_cat-morsko-prase","9":"product_cat-hrana-za-morsko-prase","11":"first","12":"instock","13":"taxable","14":"shipping-taxable","15":"purchasable","16":"product-type-variable","17":"has-default-attributes"},"acf":[],"brands":[{"id":318,"name":"Versele-Laga","slug":"versele-laga"}],"_links":{"self":[{"href":"https:\/\/pawz.rs\/en\/wp-json\/wp\/v2\/product\/28863","targetHints":{"allow":["GET"]}}],"collection":[{"href":"https:\/\/pawz.rs\/en\/wp-json\/wp\/v2\/product"}],"about":[{"href":"https:\/\/pawz.rs\/en\/wp-json\/wp\/v2\/types\/product"}],"replies":[{"embeddable":true,"href":"https:\/\/pawz.rs\/en\/wp-json\/wp\/v2\/comments?post=28863"}],"wp:featuredmedia":[{"embeddable":true,"href":"https:\/\/pawz.rs\/en\/wp-json\/wp\/v2\/media\/28866"}],"wp:attachment":[{"href":"https:\/\/pawz.rs\/en\/wp-json\/wp\/v2\/media?parent=28863"}],"wp:term":[{"taxonomy":"pwb-brand","embeddable":true,"href":"https:\/\/pawz.rs\/en\/wp-json\/wp\/v2\/pwb-brand?post=28863"},{"taxonomy":"product_cat","embeddable":true,"href":"https:\/\/pawz.rs\/en\/wp-json\/wp\/v2\/product_cat?post=28863"},{"taxonomy":"product_tag","embeddable":true,"href":"https:\/\/pawz.rs\/en\/wp-json\/wp\/v2\/product_tag?post=28863"}],"curies":[{"name":"wp","href":"https:\/\/api.w.org\/{rel}","templated":true}]}}