{"id":28883,"date":"2024-08-30T18:04:59","date_gmt":"2024-08-30T16:04:59","guid":{"rendered":"https:\/\/pawz.rs\/?post_type=product&#038;p=28883"},"modified":"2025-06-29T19:57:44","modified_gmt":"2025-06-29T17:57:44","slug":"versele-laga-chinchilla-and-degu-complete-500-g","status":"publish","type":"product","link":"https:\/\/pawz.rs\/en\/versele-laga-chinchilla-and-degu-complete-500-g\/","title":{"rendered":"Versele Laga Chinchilla and Degu Complete 500 g"},"content":{"rendered":"<p><strong>Versele Laga Chinchilla and Degu Complete 500 g<\/strong><\/p>\n<div class=\"col-md-12 text-center\">\n<div class=\"col-md-12 text-center\">\n<div class=\"col-md-12 text-center\">\n<div class=\"col-md-12 text-center\">\n<div>\n<div class=\"col-md-12 text-center\">\n<div class=\"col-md-12 text-center\">\n<div class=\"col-md-12 text-center\">\n<div>\n<div class=\"col-md-12 text-center\">\n<p>Kompletna ekstrudirana hrana vlaknima namenjena \u010din\u010dilama i deguima<\/p>\n<div class=\"container\">\n<div class=\"row\">\n<div class=\"col-sm-5\">\n<div id=\"opis\" class=\"collapse show\">\n<div class=\"row\">\n<div class=\"col-sm-12\">\n<p>Chinchilla and Degu Complete\u00a0je kompletna ekstrudirana hrana u obliku peleta. Time se izbegava da Va\u0161i ljubumci ne unesu neophodne nutriente zbog izbirljivosti.<br \/>\nHrana ne sadr\u017ei \u0161e\u0107ere i odr\u017eava zdravlje i vitalnost Va\u0161ih ljubimaca.<br \/>\nSeme lana bogato Omega 3 masnim kiselinama za zdravu dlaku i duga\u010dka vlakna \u010dine ovu hranu idealnom za \u010din\u010dile i degue.<br \/>\nOva hrana je napravljena u saradnji sa veterinarima.<\/p>\n<ul>\n<li>Bez dodatih \u0161e\u0107era; sa semenom lana ( Omega 3\u00a0 ) &#8211;\u00a0 za zdravu dlaku<\/li>\n<li>Duga\u010dka vlakna ma\u010dije trave i alfa-alfa za optimalnu probavu i zdravlje zuba<\/li>\n<\/ul>\n<p><strong>Sastav:<br \/>\n<\/strong>Derivati biljnog porekla ( ma\u010dija trava, alfa-alfa, trave i bilje 23%\u00a0 ), ekstrakt proteina biljnog porekla, semenje ( seme lana 4% ), minerali, FOS 0,3%, kalendula, juka<\/p>\n<p><strong>Analytical composition:<br \/>\n<\/strong>Proteini 17%, masti 3%, sirova vlakna 20%, sirovi pepeo 7,5%, kalcijum 0,8%, fosfor 0,6%<\/p>\n<p><strong>Dodaci po kilogramu proizvoda: nutritivni dodaci:<br \/>\n<\/strong>Vitamin A 10000 IU, vitamin D3 1200 IU, vitamin E 80 mg, vitamin C 100 mg, 3b103 (gvo\u017e\u0111e) 100 mg, 3b202 (jodid) 2 mg, E4 (bakar) 10 mg, 3b502 (mangan) 75 mg, 3b603 (cink) 70 mg, E8 (selenijum) 0.2 mg,<br \/>\n<strong>Tehnolo\u0161ki dodaci:<\/strong>\u00a0antioksidansi,<br \/>\n<strong>Senzorni dodaci:\u00a0<\/strong>boje za hranu<\/p>\n<p><strong>Uputstvo za hranjenje:<\/strong>\u00a0U zavisnosti od veli\u010dine i starosti \u010din\u010dile ili gerbila dnevna koli\u010dina hrane bi trebalo da bude od 30 do 45 grama.<br \/>\nSve\u017ea voda bi uvek trebalo da bude dostupna ljubimcu.<br \/>\nUvek dodajte i dovoljno sena<\/p>\n<p>Dostupno u pakovanju od 500g<\/p>\n<\/div>\n<\/div>\n<\/div>\n<\/div>\n<\/div>\n<\/div>\n<\/div>\n<\/div>\n<\/div>\n<\/div>\n<\/div>\n<\/div>\n<\/div>\n<\/div>\n<\/div>\n<\/div>\n<p>Proizvo\u0111a\u010d: Versle-Laga, Kapellestraat 70, Deinze, Belgium<br \/>\nZemlja porekla: Belgija (EU)<\/p>\n\n    <div class=\"xs_social_share_widget xs_share_url after_content \t\tmain_content  wslu-style-1 wslu-share-box-shaped wslu-fill-colored wslu-none wslu-share-horizontal wslu-theme-font-no wslu-main_content\">\n\n\t\t\n        <ul>\n\t\t\t        <\/ul>\n    <\/div>","protected":false},"excerpt":{"rendered":"<p>Versele Laga Chinchilla and Degu Complete je kompletna hrana za \u010din\u010dile i degue<\/p>","protected":false},"featured_media":28884,"comment_status":"open","ping_status":"closed","template":"","meta":{"_acf_changed":false},"pwb-brand":[318],"product_cat":[986,1010,1011],"product_tag":[],"class_list":{"0":"post-28883","1":"product","2":"type-product","3":"status-publish","4":"has-post-thumbnail","6":"pwb-brand-versele-laga","7":"product_cat-glodari","8":"product_cat-cincila","9":"product_cat-hrana-za-cincile","11":"first","12":"instock","13":"taxable","14":"shipping-taxable","15":"purchasable","16":"product-type-simple"},"acf":[],"brands":[{"id":318,"name":"Versele-Laga","slug":"versele-laga"}],"_links":{"self":[{"href":"https:\/\/pawz.rs\/en\/wp-json\/wp\/v2\/product\/28883","targetHints":{"allow":["GET"]}}],"collection":[{"href":"https:\/\/pawz.rs\/en\/wp-json\/wp\/v2\/product"}],"about":[{"href":"https:\/\/pawz.rs\/en\/wp-json\/wp\/v2\/types\/product"}],"replies":[{"embeddable":true,"href":"https:\/\/pawz.rs\/en\/wp-json\/wp\/v2\/comments?post=28883"}],"wp:featuredmedia":[{"embeddable":true,"href":"https:\/\/pawz.rs\/en\/wp-json\/wp\/v2\/media\/28884"}],"wp:attachment":[{"href":"https:\/\/pawz.rs\/en\/wp-json\/wp\/v2\/media?parent=28883"}],"wp:term":[{"taxonomy":"pwb-brand","embeddable":true,"href":"https:\/\/pawz.rs\/en\/wp-json\/wp\/v2\/pwb-brand?post=28883"},{"taxonomy":"product_cat","embeddable":true,"href":"https:\/\/pawz.rs\/en\/wp-json\/wp\/v2\/product_cat?post=28883"},{"taxonomy":"product_tag","embeddable":true,"href":"https:\/\/pawz.rs\/en\/wp-json\/wp\/v2\/product_tag?post=28883"}],"curies":[{"name":"wp","href":"https:\/\/api.w.org\/{rel}","templated":true}]}}