{"id":28897,"date":"2024-08-30T18:04:56","date_gmt":"2024-08-30T16:04:56","guid":{"rendered":"https:\/\/pawz.rs\/?post_type=product&#038;p=28897"},"modified":"2025-06-29T19:57:49","modified_gmt":"2025-06-29T17:57:49","slug":"versele-laga-snack-nature-fibers","status":"publish","type":"product","link":"https:\/\/pawz.rs\/en\/versele-laga-snack-nature-fibers\/","title":{"rendered":"Versele Laga Snack Nature Fibers"},"content":{"rendered":"<p><strong>Versele Laga Snack Nature Fibers<\/strong><\/p>\n<div class=\"col-md-12 text-center\">\n<div class=\"col-md-12 text-center\">\n<div class=\"col-md-12 text-center\">\n<div class=\"col-md-12 text-center\">\n<div>\n<div class=\"col-md-12 text-center\">\n<div class=\"col-md-12 text-center\">\n<div class=\"col-md-12 text-center\">\n<div>\n<div class=\"col-md-12 text-center\">\n<div class=\"container\">\n<div class=\"row\">\n<div class=\"col-sm-5\">\n<div id=\"opis\" class=\"collapse show\">\n<div class=\"row\">\n<div class=\"col-sm-12\">\n<div class=\"col-md-12 text-center\">\n<div class=\"col-md-12 text-center\">\n<p>Ukusne i zdrave poslastice bogate vlaknima namenjene ze\u010devima, morskim prasi\u0107ima, \u010din\u010dilama i deguima<\/p>\n<ul>\n<li>Ukusna prirodna me\u0161avina na bazi komada vlakana, cvekle i cikorije<\/li>\n<li>Spre\u010dava da Va\u0161im ljubimcima bude dosadno u toku dana i unosi raznolikost u svakodnevnu ishranu<\/li>\n<li>Idealna za ze\u010deve, morske prasi\u0107e, \u010din\u010dile i degue<\/li>\n<\/ul>\n<p><strong>Sastav:<\/strong><br \/>\nDerivati iz povr\u0107a, povr\u0107e ( gra\u0161ak 10%, cikorija 5%, cvekla 4% ), vo\u0107e ( roga\u010d 9% ), ekstakti proteina iz povr\u0107a, semenje, minerali, bilje, ulja i masti , FOS,MOS, kalendula, alge, Juka<\/p>\n<p><strong>Dodaci po kilogramu proizvoda: nutritivni dodaci:<br \/>\n<\/strong>Vitamin A 17740 IU, vitamin D3 2130 IU, vitamin E 140 mg, 3b103 (gvo\u017e\u0111e) 177 mg, 3b202 (jodid) 3 mg, E4 (bakar) 17 mg, 3b502 (mangan) 133 mg, 3b603 (cink) 124 mg, E8 (selenijum) 0.35mg,<br \/>\n<strong>Tehnolo\u0161ki dodaci:<\/strong>\u00a0antioksidansi<\/p>\n<p><strong>Uputstvo za hranjenje:<\/strong><br \/>\nPru\u017eite Va\u0161em ljubimcu ograni\u010dene koli\u010dine ove poslastice kao dodatak osnovnoj Nature ishrani i Nature Timothy Hay<\/p>\n<\/div>\n<\/div>\n<\/div>\n<\/div>\n<\/div>\n<\/div>\n<\/div>\n<\/div>\n<\/div>\n<\/div>\n<\/div>\n<\/div>\n<\/div>\n<\/div>\n<\/div>\n<\/div>\n<\/div>\n<\/div>\n<p>Proizvo\u0111a\u010d: Versle-Laga, Kapellestraat 70, Deinze, Belgium<br \/>\nZemlja porekla: Belgija (EU)<\/p>\n\n    <div class=\"xs_social_share_widget xs_share_url after_content \t\tmain_content  wslu-style-1 wslu-share-box-shaped wslu-fill-colored wslu-none wslu-share-horizontal wslu-theme-font-no wslu-main_content\">\n\n\t\t\n        <ul>\n\t\t\t        <\/ul>\n    <\/div>","protected":false},"excerpt":{"rendered":"<p>Versele Laga Snack Nature Fibers je poslastica namenjena morskim prasi\u0107ima, ze\u010devima, \u010din\u010dilama i deguima<\/p>","protected":false},"featured_media":28901,"comment_status":"open","ping_status":"closed","template":"","meta":{"_acf_changed":false},"pwb-brand":[318],"product_cat":[986,1010,1014,987,1017,1007,1016],"product_tag":[],"class_list":{"0":"post-28897","1":"product","2":"type-product","3":"status-publish","4":"has-post-thumbnail","6":"pwb-brand-versele-laga","7":"product_cat-glodari","8":"product_cat-cincila","9":"product_cat-poslastice-za-cincile","10":"product_cat-zecevi","11":"product_cat-poslastice-za-zeceve","12":"product_cat-morsko-prase","13":"product_cat-poslastice-za-morsko-prase","15":"first","16":"instock","17":"taxable","18":"shipping-taxable","19":"purchasable","20":"product-type-variable","21":"has-default-attributes"},"acf":[],"brands":[{"id":318,"name":"Versele-Laga","slug":"versele-laga"}],"_links":{"self":[{"href":"https:\/\/pawz.rs\/en\/wp-json\/wp\/v2\/product\/28897","targetHints":{"allow":["GET"]}}],"collection":[{"href":"https:\/\/pawz.rs\/en\/wp-json\/wp\/v2\/product"}],"about":[{"href":"https:\/\/pawz.rs\/en\/wp-json\/wp\/v2\/types\/product"}],"replies":[{"embeddable":true,"href":"https:\/\/pawz.rs\/en\/wp-json\/wp\/v2\/comments?post=28897"}],"wp:featuredmedia":[{"embeddable":true,"href":"https:\/\/pawz.rs\/en\/wp-json\/wp\/v2\/media\/28901"}],"wp:attachment":[{"href":"https:\/\/pawz.rs\/en\/wp-json\/wp\/v2\/media?parent=28897"}],"wp:term":[{"taxonomy":"pwb-brand","embeddable":true,"href":"https:\/\/pawz.rs\/en\/wp-json\/wp\/v2\/pwb-brand?post=28897"},{"taxonomy":"product_cat","embeddable":true,"href":"https:\/\/pawz.rs\/en\/wp-json\/wp\/v2\/product_cat?post=28897"},{"taxonomy":"product_tag","embeddable":true,"href":"https:\/\/pawz.rs\/en\/wp-json\/wp\/v2\/product_tag?post=28897"}],"curies":[{"name":"wp","href":"https:\/\/api.w.org\/{rel}","templated":true}]}}