{"id":28964,"date":"2024-08-30T18:04:52","date_gmt":"2024-08-30T16:04:52","guid":{"rendered":"https:\/\/pawz.rs\/?post_type=product&#038;p=28964"},"modified":"2025-06-29T19:57:49","modified_gmt":"2025-06-29T17:57:49","slug":"versele-laga-snack-nature-veggies","status":"publish","type":"product","link":"https:\/\/pawz.rs\/en\/versele-laga-snack-nature-veggies\/","title":{"rendered":"Versele Laga Snack Nature Veggies"},"content":{"rendered":"<p><strong>Versele Laga Snack Nature Veggies<\/strong><\/p>\n<div class=\"col-md-12 text-center\">\n<div class=\"col-md-12 text-center\">\n<div class=\"col-md-12 text-center\">\n<div class=\"col-md-12 text-center\">\n<div class=\"col-md-12 text-center\">\n<div class=\"col-md-12 text-center\">\n<div class=\"col-md-12 text-center\">\n<div class=\"col-md-12 text-center\">\n<div class=\"container\">\n<div class=\"row\">\n<div class=\"col-sm-5\">\n<div id=\"opis\" class=\"collapse show\">\n<div class=\"row\">\n<div class=\"col-sm-12\">\n<div class=\"col-md-12 text-center\">\n<div class=\"col-md-12 text-center\">\n<div class=\"col-md-12 text-center\">\n<div class=\"col-md-12 text-center\">\n<div class=\"col-md-12 text-center\">\n<p>Ukusne i zdrave poslastice bogate povr\u0107em namenjene ze\u010devima i glodarima sva\u0161tojedima i biljojedima<\/p>\n<\/div>\n<p><strong>Poslastice bogate povr\u0107em<\/strong><\/p>\n<ul>\n<li>Ukusna prirodna me\u0161avina na bazi paprike, paradajza, poriluka, per\u0161una, \u0161argarepe i cvekle<\/li>\n<li>Ukusna me\u0161avina koju ljubimci jako vole. Omogu\u0107ava laku probavu<\/li>\n<li>Idealna za ze\u010deve i glodare sva\u0161tojede i biljojede<\/li>\n<\/ul>\n<p><strong>Sastav:<\/strong><br \/>\nPovr\u0107e ( per\u0161un 9%, \u0161argarepa 8%, poriluk 4% ), vo\u0107e, semenje, derivati iz povr\u0107a, ekstakti proteina iz povr\u0107a, minerali, ulja i masti, FOS,MOS, kalendula, alge, Juka<\/p>\n<p><strong>Dodaci po kilogramu proizvoda: nutritivni dodaci:<br \/>\n<\/strong>Vitamin A 3100 IU, vitamin D3 375 IU, vitamin E 25 mg, 3b103 (gvo\u017e\u0111e) 31 mg, 3b202 (jodid) 1 mg, E4 (bakar) 3 mg, 3b502 (mangan) 23 mg, 3b603 (cink) 22 mg, E8 (selenijum) 0.06 mg,<br \/>\n<strong>Tehnolo\u0161ki dodaci:<\/strong>\u00a0antioksidansi<\/p>\n<p><strong>Uputstvo za hranjenje:<\/strong><br \/>\nPru\u017eite Va\u0161em ljubimcu ograni\u010dene koli\u010dine ove poslastice kao dodatak osnovnoj Nature ishrani. Tako\u0111e, kako bi ishrana bila kompletna za ze\u010deve, \u010din\u010dile, morske prasi\u0107e i degue dodajte Nature Timothy Hay<\/p>\n<\/div>\n<\/div>\n<\/div>\n<\/div>\n<\/div>\n<\/div>\n<\/div>\n<\/div>\n<\/div>\n<\/div>\n<\/div>\n<\/div>\n<\/div>\n<\/div>\n<\/div>\n<\/div>\n<\/div>\n<\/div>\n<p>Proizvo\u0111a\u010d: Versle-Laga, Kapellestraat 70, Deinze, Belgium<br \/>\nZemlja porekla: Belgija (EU)<\/p>\n\n    <div class=\"xs_social_share_widget xs_share_url after_content \t\tmain_content  wslu-style-1 wslu-share-box-shaped wslu-fill-colored wslu-none wslu-share-horizontal wslu-theme-font-no wslu-main_content\">\n\n\t\t\n        <ul>\n\t\t\t        <\/ul>\n    <\/div>","protected":false},"excerpt":{"rendered":"<p>Versele Laga Snack Nature Veggies predstavljaju zdrave poslastice sa povr\u0107em, namenjene ze\u010devima, glodarima sva\u0161tojedima<\/p>","protected":false},"featured_media":28953,"comment_status":"open","ping_status":"closed","template":"","meta":{"_acf_changed":false},"pwb-brand":[318],"product_cat":[986,1010,1014,987,1017,988,1015,1007,1016],"product_tag":[],"class_list":{"0":"post-28964","1":"product","2":"type-product","3":"status-publish","4":"has-post-thumbnail","6":"pwb-brand-versele-laga","7":"product_cat-glodari","8":"product_cat-cincila","9":"product_cat-poslastice-za-cincile","10":"product_cat-zecevi","11":"product_cat-poslastice-za-zeceve","12":"product_cat-hrcci","13":"product_cat-poslastice-za-hrcke","14":"product_cat-morsko-prase","15":"product_cat-poslastice-za-morsko-prase","17":"first","18":"instock","19":"taxable","20":"shipping-taxable","21":"purchasable","22":"product-type-variable","23":"has-default-attributes"},"acf":[],"brands":[{"id":318,"name":"Versele-Laga","slug":"versele-laga"}],"_links":{"self":[{"href":"https:\/\/pawz.rs\/en\/wp-json\/wp\/v2\/product\/28964","targetHints":{"allow":["GET"]}}],"collection":[{"href":"https:\/\/pawz.rs\/en\/wp-json\/wp\/v2\/product"}],"about":[{"href":"https:\/\/pawz.rs\/en\/wp-json\/wp\/v2\/types\/product"}],"replies":[{"embeddable":true,"href":"https:\/\/pawz.rs\/en\/wp-json\/wp\/v2\/comments?post=28964"}],"wp:featuredmedia":[{"embeddable":true,"href":"https:\/\/pawz.rs\/en\/wp-json\/wp\/v2\/media\/28953"}],"wp:attachment":[{"href":"https:\/\/pawz.rs\/en\/wp-json\/wp\/v2\/media?parent=28964"}],"wp:term":[{"taxonomy":"pwb-brand","embeddable":true,"href":"https:\/\/pawz.rs\/en\/wp-json\/wp\/v2\/pwb-brand?post=28964"},{"taxonomy":"product_cat","embeddable":true,"href":"https:\/\/pawz.rs\/en\/wp-json\/wp\/v2\/product_cat?post=28964"},{"taxonomy":"product_tag","embeddable":true,"href":"https:\/\/pawz.rs\/en\/wp-json\/wp\/v2\/product_tag?post=28964"}],"curies":[{"name":"wp","href":"https:\/\/api.w.org\/{rel}","templated":true}]}}