{"id":28970,"date":"2024-08-30T18:04:50","date_gmt":"2024-08-30T16:04:50","guid":{"rendered":"https:\/\/pawz.rs\/?post_type=product&#038;p=28970"},"modified":"2025-06-29T19:57:50","modified_gmt":"2025-06-29T17:57:50","slug":"versele-laga-crispy-snack-popcorn","status":"publish","type":"product","link":"https:\/\/pawz.rs\/en\/versele-laga-crispy-snack-popcorn\/","title":{"rendered":"Versele Laga Crispy Snack &#8211; Popcorn"},"content":{"rendered":"<p><strong>Versele Laga Crispy Snack &#8211; Popcorn<\/strong><\/p>\n<div class=\"col-md-12 text-center\">\n<div class=\"col-md-12 text-center\">\n<div class=\"col-md-12 text-center\">\n<div class=\"col-md-12 text-center\">\n<div class=\"col-md-12 text-center\">\n<div class=\"col-md-12 text-center\">\n<div class=\"col-md-12 text-center\">\n<div class=\"col-md-12 text-center\">\n<div class=\"container\">\n<div class=\"row\">\n<div class=\"col-sm-5\">\n<div id=\"opis\" class=\"collapse show\">\n<div class=\"row\">\n<div class=\"col-sm-12\">\n<div class=\"col-md-12 text-center\">\n<div class=\"col-md-12 text-center\">\n<div class=\"col-md-12 text-center\">\n<div class=\"col-md-12 text-center\">\n<div class=\"col-md-12 text-center\">\n<div class=\"col-md-12 text-center\">\n<p>Ukusna i zdrava poslastica namenjena ze\u010devima i ostalim glodarima<\/p>\n<ul>\n<li>Ukusna poslastica za male gurmane koja unosi raznovrsnost u dnevnu ishranu Va\u0161ih ljubimaca<\/li>\n<li>Sadr\u017ei ukusne komade povr\u0107a, hrskave pahuljice i eksapndirane \u017eitarice<\/li>\n<li>&#8220;Freshpack&#8221; pakovanje \u010duva sve\u017einu i aromu<\/li>\n<\/ul>\n<p><strong>Sastav<\/strong>:<br \/>\n\u017ditarice ( ekspandirane \u017eitarice 25% ), derivati biljnog porekla, vo\u0107e, semenje, povr\u0107e, ekstrakti proteina biljnog porekla, minerali<\/p>\n<p><strong>Analytical composition:<\/strong><br \/>\nProteini 9%, masti 3,5%, sirova vlakna 7,5%, sirovi pepeo 3,5%, kalcijum 0,4%, fosfor 0,3%<\/p>\n<p><strong>Dodaci po kilogramu proizvoda: nutritivni dodaci:<br \/>\n<\/strong>Vitamin A 500 IU, vitamin D3 60 IU, vitamin E 4 mg, 3b103 (gvo\u017e\u0111e) 5 mg, 3b202 (jodid) 0.1 mg, 3b405 (bakar) 0.5 mg, 3b502 (mangan) 3.7 mg, 3b603 (cink) 3.5 mg, 3b801 (selenijum) 0.01 mg,<br \/>\n<strong>Tehnolo\u0161ki dodaci: <\/strong>antioksidansi<br \/>\n<strong>Senzorni dodaci:<\/strong>\u00a0boje za hranu<\/p>\n<p><strong>Uputstvo za hranjenje:<br \/>\n<\/strong>Ova poslastica mo\u017ee \u010diniti do 25% dnevne ishrane<\/p>\n<\/div>\n<\/div>\n<\/div>\n<\/div>\n<\/div>\n<\/div>\n<\/div>\n<\/div>\n<\/div>\n<\/div>\n<\/div>\n<\/div>\n<\/div>\n<\/div>\n<\/div>\n<\/div>\n<\/div>\n<\/div>\n<\/div>\n<\/div>\n<p>Proizvo\u0111a\u010d: Versle-Laga, Kapellestraat 70, Deinze, Belgium<br \/>\nZemlja porekla: Belgija (EU)<\/p>\n\n    <div class=\"xs_social_share_widget xs_share_url after_content \t\tmain_content  wslu-style-1 wslu-share-box-shaped wslu-fill-colored wslu-none wslu-share-horizontal wslu-theme-font-no wslu-main_content\">\n\n\t\t\n        <ul>\n\t\t\t        <\/ul>\n    <\/div>","protected":false},"excerpt":{"rendered":"<p>Versele Laga Crispy Snack &#8211; Popcorn su zdrave poslastice za ze\u010deve i druge glodare<\/p>","protected":false},"featured_media":28977,"comment_status":"open","ping_status":"closed","template":"","meta":{"_acf_changed":false},"pwb-brand":[318],"product_cat":[986,1010,1014,987,1017,988,1015,1007,1016],"product_tag":[],"class_list":{"0":"post-28970","1":"product","2":"type-product","3":"status-publish","4":"has-post-thumbnail","6":"pwb-brand-versele-laga","7":"product_cat-glodari","8":"product_cat-cincila","9":"product_cat-poslastice-za-cincile","10":"product_cat-zecevi","11":"product_cat-poslastice-za-zeceve","12":"product_cat-hrcci","13":"product_cat-poslastice-za-hrcke","14":"product_cat-morsko-prase","15":"product_cat-poslastice-za-morsko-prase","17":"first","18":"instock","19":"taxable","20":"shipping-taxable","21":"purchasable","22":"product-type-variable","23":"has-default-attributes"},"acf":[],"brands":[{"id":318,"name":"Versele-Laga","slug":"versele-laga"}],"_links":{"self":[{"href":"https:\/\/pawz.rs\/en\/wp-json\/wp\/v2\/product\/28970","targetHints":{"allow":["GET"]}}],"collection":[{"href":"https:\/\/pawz.rs\/en\/wp-json\/wp\/v2\/product"}],"about":[{"href":"https:\/\/pawz.rs\/en\/wp-json\/wp\/v2\/types\/product"}],"replies":[{"embeddable":true,"href":"https:\/\/pawz.rs\/en\/wp-json\/wp\/v2\/comments?post=28970"}],"wp:featuredmedia":[{"embeddable":true,"href":"https:\/\/pawz.rs\/en\/wp-json\/wp\/v2\/media\/28977"}],"wp:attachment":[{"href":"https:\/\/pawz.rs\/en\/wp-json\/wp\/v2\/media?parent=28970"}],"wp:term":[{"taxonomy":"pwb-brand","embeddable":true,"href":"https:\/\/pawz.rs\/en\/wp-json\/wp\/v2\/pwb-brand?post=28970"},{"taxonomy":"product_cat","embeddable":true,"href":"https:\/\/pawz.rs\/en\/wp-json\/wp\/v2\/product_cat?post=28970"},{"taxonomy":"product_tag","embeddable":true,"href":"https:\/\/pawz.rs\/en\/wp-json\/wp\/v2\/product_tag?post=28970"}],"curies":[{"name":"wp","href":"https:\/\/api.w.org\/{rel}","templated":true}]}}