{"id":28988,"date":"2024-08-30T18:04:49","date_gmt":"2024-08-30T16:04:49","guid":{"rendered":"https:\/\/pawz.rs\/?post_type=product&#038;p=28988"},"modified":"2025-06-29T19:57:50","modified_gmt":"2025-06-29T17:57:50","slug":"versele-laga-crock-carrot-complete","status":"publish","type":"product","link":"https:\/\/pawz.rs\/en\/versele-laga-crock-carrot-complete\/","title":{"rendered":"Versele Laga Crock Carrot Complete"},"content":{"rendered":"<p><strong>Versele Laga Crock Carrot Complete<\/strong><\/p>\n<div class=\"col-md-12 text-center\">\n<p>Crock Carrot\u00a0\u00a0Complete je ukusna i zdrava poslastica namenjena ze\u010devima i ostalim glodarima<\/p>\n<p>Hrskava poslastica sa ukusnim punjenjem od \u0161argarepe. Hrskava korica zadovoljava potrebu Va\u0161eg ljubimca za \u017evakanjem a mekano punjenje je bogato vitaminima i Omega 3 masnim kiselinama. Poslastica se lako vari, ne sadr\u017ei dodate \u0161e\u0107ere \u0161to je \u010dini idealnom za Va\u0161eg ljubimca.<\/p>\n<ul>\n<li>Oboga\u0107ena vitaminom C<\/li>\n<li>Idealna za ze\u010deve i ostale glodare<\/li>\n<\/ul>\n<p><strong>Sastav:<br \/>\n<\/strong>Povr\u0107e ( \u0161argarepa 30% ), \u017eitarice, derivati biljnog porekla, ulja i masti ( Omega 3 masne kiseline 2% ), minerali<\/p>\n<p><strong>Dodaci po kilogramu proizvoda: nutritivni dodaci:<br \/>\n<\/strong>Vitamin A 10000 IU, Vitamin D3 1500 IU, Vitamin E 110 mg, Vitamin C 1250 mg;<br \/>\n<strong>Tehnolo\u0161ki dodaci<\/strong>: antioksidansi;<strong><br \/>\nSenzorni dodaci: <\/strong>boje za hranu<\/p>\n<p><strong>Uputstvo za upotrebu:<\/strong>\u00a0Davati najvi\u0161e 25% od dnevnog obroka.<\/p>\n<p>Dostupno u pakovanju od 50g<\/p>\n<\/div>\n<div class=\"col-md-12 text-center\">\n<div class=\"col-md-12 text-center\">\n<div class=\"col-md-12 text-center\">\n<div class=\"col-md-12 text-center\">\n<div class=\"col-md-12 text-center\">\n<div class=\"col-md-12 text-center\">\n<div class=\"col-md-12 text-center\">\n<div class=\"col-md-12 text-center\">\n<div class=\"container\">\n<div class=\"row\">\n<div class=\"col-sm-5\">\n<div id=\"opis\" class=\"collapse show\">\n<div class=\"row\">\n<div class=\"col-sm-12\">\n<div class=\"col-md-12 text-center\">\n<div class=\"col-md-12 text-center\">\n<div class=\"col-md-12 text-center\">\n<div class=\"col-md-12 text-center\">\n<div class=\"col-md-12 text-center\">Proizvo\u0111a\u010d: Versle-Laga, Kapellestraat 70, Deinze, Belgium<br \/>\nZemlja porekla: Belgija (EU)<\/div>\n<\/div>\n<\/div>\n<\/div>\n<\/div>\n<\/div>\n<\/div>\n<\/div>\n<\/div>\n<\/div>\n<\/div>\n<\/div>\n<\/div>\n<\/div>\n<\/div>\n<\/div>\n<\/div>\n<\/div>\n<\/div>\n\n    <div class=\"xs_social_share_widget xs_share_url after_content \t\tmain_content  wslu-style-1 wslu-share-box-shaped wslu-fill-colored wslu-none wslu-share-horizontal wslu-theme-font-no wslu-main_content\">\n\n\t\t\n        <ul>\n\t\t\t        <\/ul>\n    <\/div>","protected":false},"excerpt":{"rendered":"<p>Versele Laga Crock Carrot Complete je ukusna poslastica namenjena ze\u010devima i ostalim glodarima<\/p>","protected":false},"featured_media":29002,"comment_status":"open","ping_status":"closed","template":"","meta":{"_acf_changed":false},"pwb-brand":[318],"product_cat":[986,1010,1014,987,1017,988,1015,1007,1016],"product_tag":[],"class_list":{"0":"post-28988","1":"product","2":"type-product","3":"status-publish","4":"has-post-thumbnail","6":"pwb-brand-versele-laga","7":"product_cat-glodari","8":"product_cat-cincila","9":"product_cat-poslastice-za-cincile","10":"product_cat-zecevi","11":"product_cat-poslastice-za-zeceve","12":"product_cat-hrcci","13":"product_cat-poslastice-za-hrcke","14":"product_cat-morsko-prase","15":"product_cat-poslastice-za-morsko-prase","17":"first","18":"instock","19":"taxable","20":"shipping-taxable","21":"purchasable","22":"product-type-variable","23":"has-default-attributes"},"acf":[],"brands":[{"id":318,"name":"Versele-Laga","slug":"versele-laga"}],"_links":{"self":[{"href":"https:\/\/pawz.rs\/en\/wp-json\/wp\/v2\/product\/28988","targetHints":{"allow":["GET"]}}],"collection":[{"href":"https:\/\/pawz.rs\/en\/wp-json\/wp\/v2\/product"}],"about":[{"href":"https:\/\/pawz.rs\/en\/wp-json\/wp\/v2\/types\/product"}],"replies":[{"embeddable":true,"href":"https:\/\/pawz.rs\/en\/wp-json\/wp\/v2\/comments?post=28988"}],"wp:featuredmedia":[{"embeddable":true,"href":"https:\/\/pawz.rs\/en\/wp-json\/wp\/v2\/media\/29002"}],"wp:attachment":[{"href":"https:\/\/pawz.rs\/en\/wp-json\/wp\/v2\/media?parent=28988"}],"wp:term":[{"taxonomy":"pwb-brand","embeddable":true,"href":"https:\/\/pawz.rs\/en\/wp-json\/wp\/v2\/pwb-brand?post=28988"},{"taxonomy":"product_cat","embeddable":true,"href":"https:\/\/pawz.rs\/en\/wp-json\/wp\/v2\/product_cat?post=28988"},{"taxonomy":"product_tag","embeddable":true,"href":"https:\/\/pawz.rs\/en\/wp-json\/wp\/v2\/product_tag?post=28988"}],"curies":[{"name":"wp","href":"https:\/\/api.w.org\/{rel}","templated":true}]}}