{"id":29023,"date":"2024-08-30T18:04:44","date_gmt":"2024-08-30T16:04:44","guid":{"rendered":"https:\/\/pawz.rs\/?post_type=product&#038;p=29023"},"modified":"2025-06-29T19:57:44","modified_gmt":"2025-06-29T17:57:44","slug":"versele-laga-ferret-crispy-pellets-700-g","status":"publish","type":"product","link":"https:\/\/pawz.rs\/en\/versele-laga-ferret-crispy-pellets-700-g\/","title":{"rendered":"Versele Laga Ferret Crispy Pellets 700 g"},"content":{"rendered":"<p><strong>Versele Laga Ferret Crispy Pellets 700 g<\/strong><\/p>\n<div class=\"col-md-12 text-center\">\n<div class=\"col-md-12 text-center\">\n<div class=\"container\">\n<div class=\"row\">\n<div class=\"col-sm-5\">\n<div id=\"opis\" class=\"collapse show\">\n<div class=\"row\">\n<div class=\"col-sm-12\">\n<div class=\"col-md-12 text-center\">\n<p>Kompletna peletirana hrana bogata proteinima \u017eivotinjskog porekla namenjena ishrani feretki<\/p>\n<ul>\n<li>Visok sadr\u017eaj proteina i masti \u017eivotinjskog porekla, lososa i ukusne piletine<\/li>\n<li>Sadr\u017ei sve neophodne nutritivne sastojke zahvaljuju\u0107i &#8220;Happy&amp;Healthy&#8221; peletu<\/li>\n<\/ul>\n<p><strong>Sastav:<br \/>\n<\/strong>Meso i derivati mesa ( piletina 15% ), \u017eitarice, derivati povr\u0107a, ulja i masti, ekstrakti proteina iz povr\u0107a, riba i derivati ribe ( losos 4% ), minerali, kvasci, FOS, juka<\/p>\n<p><strong>Analytical composition:<br \/>\n<\/strong>Proteini 32%, masti 16%, sirova vlakna 2%, sirovi pepeo 7%, kalcijum 1,3%, fosfor 1%, taurin 2000 mg\/kg<\/p>\n<p><strong>Dodaci po kilogramu proizvoda: nutritivni dodaci:<br \/>\n<\/strong>Vitamin A 30000 IU, vitamin D3 1500 IU, vitamin E 150 mg, 3b103 (gvo\u017e\u0111e) 75 mg, 3b202 (jodid) 2 mg, 3b405 (bakar) 10 mg, 3b502 (mangan) 86 mg, 3b603 (cink) 98 mg, 3b801 (selenijum) 0.3 mg,<br \/>\n<strong>Tehnolo\u0161ki dodaci:<\/strong>\u00a0antioksidansi<\/p>\n<p><strong>Uputstvo za upotrebu:<br \/>\n<\/strong>Preporu\u010dena dnevna koli\u010dina hrane je oko 80 grama.<br \/>\nUvek dr\u017eati sve\u017eu vodu pored hrane<\/p>\n<\/div>\n<\/div>\n<\/div>\n<\/div>\n<\/div>\n<\/div>\n<\/div>\n<\/div>\n<\/div>\n<div class=\"col-md-12 text-center\">\n<div class=\"col-md-12 text-center\">\n<div class=\"col-md-12 text-center\">\n<div class=\"col-md-12 text-center\">\n<div class=\"col-md-12 text-center\">\n<div class=\"col-md-12 text-center\">\n<div class=\"col-md-12 text-center\">\n<div class=\"col-md-12 text-center\">\n<div class=\"container\">\n<div class=\"row\">\n<div class=\"col-sm-5\">\n<div id=\"opis\" class=\"collapse show\">\n<div class=\"row\">\n<div class=\"col-sm-12\">\n<div class=\"col-md-12 text-center\">\n<div class=\"col-md-12 text-center\">\n<div class=\"col-md-12 text-center\">\n<div class=\"col-md-12 text-center\">\n<div class=\"col-md-12 text-center\">Proizvo\u0111a\u010d: Versle-Laga, Kapellestraat 70, Deinze, Belgium<br \/>\nZemlja porekla: Belgija (EU)<\/div>\n<\/div>\n<\/div>\n<\/div>\n<\/div>\n<\/div>\n<\/div>\n<\/div>\n<\/div>\n<\/div>\n<\/div>\n<\/div>\n<\/div>\n<\/div>\n<\/div>\n<\/div>\n<\/div>\n<\/div>\n<\/div>\n\n    <div class=\"xs_social_share_widget xs_share_url after_content \t\tmain_content  wslu-style-1 wslu-share-box-shaped wslu-fill-colored wslu-none wslu-share-horizontal wslu-theme-font-no wslu-main_content\">\n\n\t\t\n        <ul>\n\t\t\t        <\/ul>\n    <\/div>","protected":false},"excerpt":{"rendered":"<p>Versele Laga Ferret Crispy Pellets je hrana namenjena ishrani feretki<\/p>","protected":false},"featured_media":29026,"comment_status":"open","ping_status":"closed","template":"","meta":{"_acf_changed":false},"pwb-brand":[318],"product_cat":[986,1030,1031],"product_tag":[],"class_list":{"0":"post-29023","1":"product","2":"type-product","3":"status-publish","4":"has-post-thumbnail","6":"pwb-brand-versele-laga","7":"product_cat-glodari","8":"product_cat-feretka","9":"product_cat-hrana-za-feretke","11":"first","12":"instock","13":"taxable","14":"shipping-taxable","15":"purchasable","16":"product-type-simple"},"acf":[],"brands":[{"id":318,"name":"Versele-Laga","slug":"versele-laga"}],"_links":{"self":[{"href":"https:\/\/pawz.rs\/en\/wp-json\/wp\/v2\/product\/29023","targetHints":{"allow":["GET"]}}],"collection":[{"href":"https:\/\/pawz.rs\/en\/wp-json\/wp\/v2\/product"}],"about":[{"href":"https:\/\/pawz.rs\/en\/wp-json\/wp\/v2\/types\/product"}],"replies":[{"embeddable":true,"href":"https:\/\/pawz.rs\/en\/wp-json\/wp\/v2\/comments?post=29023"}],"wp:featuredmedia":[{"embeddable":true,"href":"https:\/\/pawz.rs\/en\/wp-json\/wp\/v2\/media\/29026"}],"wp:attachment":[{"href":"https:\/\/pawz.rs\/en\/wp-json\/wp\/v2\/media?parent=29023"}],"wp:term":[{"taxonomy":"pwb-brand","embeddable":true,"href":"https:\/\/pawz.rs\/en\/wp-json\/wp\/v2\/pwb-brand?post=29023"},{"taxonomy":"product_cat","embeddable":true,"href":"https:\/\/pawz.rs\/en\/wp-json\/wp\/v2\/product_cat?post=29023"},{"taxonomy":"product_tag","embeddable":true,"href":"https:\/\/pawz.rs\/en\/wp-json\/wp\/v2\/product_tag?post=29023"}],"curies":[{"name":"wp","href":"https:\/\/api.w.org\/{rel}","templated":true}]}}