{"id":29027,"date":"2024-08-30T18:04:43","date_gmt":"2024-08-30T16:04:43","guid":{"rendered":"https:\/\/pawz.rs\/?post_type=product&#038;p=29027"},"modified":"2025-06-29T19:57:44","modified_gmt":"2025-06-29T17:57:44","slug":"versele-laga-ferret-complete-750-g","status":"publish","type":"product","link":"https:\/\/pawz.rs\/en\/versele-laga-ferret-complete-750-g\/","title":{"rendered":"Versele Laga Ferret Complete 750 g"},"content":{"rendered":"<p><strong>Versele Laga Ferret Complete 750 g<\/strong><\/p>\n<div class=\"col-md-12 text-center\">\n<div class=\"col-md-12 text-center\">\n<div class=\"container\">\n<div class=\"row\">\n<div class=\"col-sm-5\">\n<div id=\"opis\" class=\"collapse show\">\n<div class=\"row\">\n<div class=\"col-sm-12\">\n<div class=\"col-md-12 text-center\">\n<div class=\"col-md-12 text-center\">\n<p>Kompletna ekstrudirana hrana bogata proteinima namenjena feretkama<\/p>\n<p>Ferret Complete je kompletna ekstrudirana hrana u obliku peleta. Time se izbegava da Va\u0161i ljubumci ne unesu neophodne nutriente zbog izbirljivosti.<br \/>\nHrana bez \u017eitarica i glutena sadr\u017ei 90% proteina \u017eivotinjskog porekla. Poma\u017ee optimalno varenje i kondiciju.<br \/>\nSadr\u017ei dodati taurin koji poma\u017ee da se odr\u017ei optimalno stanje sr\u010danog mi\u0161i\u0107a. Ova hrana je napravljena u saradnji sa veterinarima.<\/p>\n<ul>\n<li>Ne sadr\u017ei \u017eitarice ali sadr\u017ei 40% proteina \u017eivotinjskog porekla ( pilrtina, pa\u010detina, \u0107uretina ) bogatih taurinom<\/li>\n<li>Sadr\u017ei juku koja poma\u017ee u eliminisanju neprijatnih mirisa<\/li>\n<\/ul>\n<p><strong>Sastav: <\/strong><br \/>\n\u017divinsko meso ( piletina 42%, \u0107uretina 6%, pa\u010detina 2% ), krompir, \u017eivotinjska mast, gra\u0161ak, pulpa cvekle, celuloza 1%, losos 4%, ulje lososa 1%, pivski kvasac, montromorilonintna glina 0,5%, su\u0161ena cela jaja, FOS 0,3%, kalendula, juka ( 125 mg\/ kg ), ruzmarin, zeleni \u010daj<\/p>\n<p><strong>Analytical composition: <\/strong><br \/>\nProteini 90% ( od \u010dega je 40% \u017eivotinjskog porekla ), masti 20%, sirova vlakna 2%, sirovi pepeo 6,5%, kalcijum 1,3%, fosfor 1%, taurin 0,3%<\/p>\n<p><strong>Dodaci po kilogramu proizvoda: nutritivni dodaci: <\/strong><br \/>\nVitamin A 30000 IU, vitamin D3 1500 IU, vitamin E 300 mg, vitamin C 50 mg, 3b103 (gvo\u017e\u0111e) 75 mg, 3b202 (jodid) 2 mg, E4 (bakar) 10 mg, 3b502 (mangan) 86 mg, 3b605 (cink) 110 mg, 3b607 (cink) 5 mg, E8 (selenijum) 0.3 mg, L-karnitin 40 mg,<br \/>\n<strong>Tehnolo\u0161ki dodaci:<\/strong> antioksidansi<\/p>\n<p><strong>Uputstvo za hranjenje:<\/strong><br \/>\nU zavisnosti od starosti i veli\u010dine Va\u0161e feretke preporu\u010dena dnevna koli\u010dina hrane je od 50 do 80 grama.<br \/>\nSve\u017ea voda mora uvek biti dostupna ljubimcu<\/p>\n<\/div>\n<\/div>\n<\/div>\n<\/div>\n<\/div>\n<\/div>\n<\/div>\n<\/div>\n<\/div>\n<\/div>\n<div class=\"col-md-12 text-center\">\n<div class=\"col-md-12 text-center\">\n<div class=\"col-md-12 text-center\">\n<div class=\"col-md-12 text-center\">\n<div class=\"col-md-12 text-center\">\n<div class=\"col-md-12 text-center\">\n<div class=\"col-md-12 text-center\">\n<div class=\"col-md-12 text-center\">\n<div class=\"container\">\n<div class=\"row\">\n<div class=\"col-sm-5\">\n<div id=\"opis\" class=\"collapse show\">\n<div class=\"row\">\n<div class=\"col-sm-12\">\n<div class=\"col-md-12 text-center\">\n<div class=\"col-md-12 text-center\">\n<div class=\"col-md-12 text-center\">\n<div class=\"col-md-12 text-center\">\n<div class=\"col-md-12 text-center\">Proizvo\u0111a\u010d: Versle-Laga, Kapellestraat 70, Deinze, Belgium<br \/>\nZemlja porekla: Belgija (EU)<\/div>\n<\/div>\n<\/div>\n<\/div>\n<\/div>\n<\/div>\n<\/div>\n<\/div>\n<\/div>\n<\/div>\n<\/div>\n<\/div>\n<\/div>\n<\/div>\n<\/div>\n<\/div>\n<\/div>\n<\/div>\n<\/div>\n\n    <div class=\"xs_social_share_widget xs_share_url after_content \t\tmain_content  wslu-style-1 wslu-share-box-shaped wslu-fill-colored wslu-none wslu-share-horizontal wslu-theme-font-no wslu-main_content\">\n\n\t\t\n        <ul>\n\t\t\t        <\/ul>\n    <\/div>","protected":false},"excerpt":{"rendered":"<p>Versele Laga Ferret Complete je kompletna hrana namenjena feretkama<\/p>","protected":false},"featured_media":29028,"comment_status":"open","ping_status":"closed","template":"","meta":{"_acf_changed":false},"pwb-brand":[318],"product_cat":[986,1030,1031],"product_tag":[],"class_list":{"0":"post-29027","1":"product","2":"type-product","3":"status-publish","4":"has-post-thumbnail","6":"pwb-brand-versele-laga","7":"product_cat-glodari","8":"product_cat-feretka","9":"product_cat-hrana-za-feretke","11":"first","12":"instock","13":"taxable","14":"shipping-taxable","15":"purchasable","16":"product-type-simple"},"acf":[],"brands":[{"id":318,"name":"Versele-Laga","slug":"versele-laga"}],"_links":{"self":[{"href":"https:\/\/pawz.rs\/en\/wp-json\/wp\/v2\/product\/29027","targetHints":{"allow":["GET"]}}],"collection":[{"href":"https:\/\/pawz.rs\/en\/wp-json\/wp\/v2\/product"}],"about":[{"href":"https:\/\/pawz.rs\/en\/wp-json\/wp\/v2\/types\/product"}],"replies":[{"embeddable":true,"href":"https:\/\/pawz.rs\/en\/wp-json\/wp\/v2\/comments?post=29027"}],"wp:featuredmedia":[{"embeddable":true,"href":"https:\/\/pawz.rs\/en\/wp-json\/wp\/v2\/media\/29028"}],"wp:attachment":[{"href":"https:\/\/pawz.rs\/en\/wp-json\/wp\/v2\/media?parent=29027"}],"wp:term":[{"taxonomy":"pwb-brand","embeddable":true,"href":"https:\/\/pawz.rs\/en\/wp-json\/wp\/v2\/pwb-brand?post=29027"},{"taxonomy":"product_cat","embeddable":true,"href":"https:\/\/pawz.rs\/en\/wp-json\/wp\/v2\/product_cat?post=29027"},{"taxonomy":"product_tag","embeddable":true,"href":"https:\/\/pawz.rs\/en\/wp-json\/wp\/v2\/product_tag?post=29027"}],"curies":[{"name":"wp","href":"https:\/\/api.w.org\/{rel}","templated":true}]}}