{"id":29029,"date":"2024-08-30T18:04:42","date_gmt":"2024-08-30T16:04:42","guid":{"rendered":"https:\/\/pawz.rs\/?post_type=product&#038;p=29029"},"modified":"2025-06-29T19:57:51","modified_gmt":"2025-06-29T17:57:51","slug":"versele-laga-2-stick-rabbitchinchila-honeypopcorn","status":"publish","type":"product","link":"https:\/\/pawz.rs\/en\/versele-laga-2-stick-rabbitchinchila-honeypopcorn\/","title":{"rendered":"Versele Laga 2 Stick Rabbit&#038;Chinchila &#8211; Honey&#038;Popcorn"},"content":{"rendered":"<p><strong>Versele Laga 2 Stick Rabbit&amp;Chinchila &#8211; Honey&amp;Popcorn<\/strong><\/p>\n<div class=\"col-md-12 text-center\">\n<div class=\"col-md-12 text-center\">\n<div class=\"container\">\n<div class=\"row\">\n<div class=\"col-sm-5\">\n<div id=\"opis\" class=\"collapse show\">\n<div class=\"row\">\n<div class=\"col-sm-12\">\n<div class=\"col-md-12 text-center\">\n<p>Ukusna i zdrava poslastica sa medom i kokicama namenjena ze\u010devima i \u010din\u010dilama<\/p>\n<\/div>\n<ul>\n<li>Ukusna poslastica sa medom i\u00a0 kokicama<\/li>\n<li>\u0160tapi\u0107i pe\u010deni u rerni koji se lako montiraju u kavez Va\u0161eg ljubimca<\/li>\n<li>&#8220;Freshpack&#8221; pakovanje \u010duva sve\u017einu i aromu<\/li>\n<\/ul>\n<p><strong>Sastav:<\/strong><br \/>\nP\u0161enica, kukuruz, ovas, hlebne mrvice, seme suncokreta, \u0161afranika, \u0161e\u0107eri, med, anis, ekspandirani pirina\u010d, sucokretovo ulje<\/p>\n<p><strong>Analytical composition:<br \/>\n<\/strong>Proteini 10,5%, masti 6%, sirova vlakna 5,5%, sirovi pepeo 2%, kalcijum 0,05%, fosfor 0,4%, natrijum 0,2%<\/p>\n<p><strong>Dodaci po kilogramu proizvoda:<\/strong><br \/>\nKonzervansi<\/p>\n<p><strong>Uputstvo za hranjenje:<br \/>\n<\/strong>Bez ograni\u010denja omogu\u0107ite Va\u0161em ljubimcu pristup ovoj poslastici uz glavnu hranu<\/p>\n<\/div>\n<\/div>\n<\/div>\n<\/div>\n<\/div>\n<\/div>\n<\/div>\n<\/div>\n<div class=\"col-md-12 text-center\">\n<div class=\"col-md-12 text-center\">\n<div class=\"col-md-12 text-center\">\n<div class=\"col-md-12 text-center\">\n<div class=\"col-md-12 text-center\">\n<div class=\"col-md-12 text-center\">\n<div class=\"col-md-12 text-center\">\n<div class=\"col-md-12 text-center\">\n<div class=\"container\">\n<div class=\"row\">\n<div class=\"col-sm-5\">\n<div id=\"opis\" class=\"collapse show\">\n<div class=\"row\">\n<div class=\"col-sm-12\">\n<div class=\"col-md-12 text-center\">\n<div class=\"col-md-12 text-center\">\n<div class=\"col-md-12 text-center\">\n<div class=\"col-md-12 text-center\">\n<div class=\"col-md-12 text-center\">Proizvo\u0111a\u010d: Versle-Laga, Kapellestraat 70, Deinze, Belgium<br \/>\nZemlja porekla: Belgija (EU)<\/div>\n<\/div>\n<\/div>\n<\/div>\n<\/div>\n<\/div>\n<\/div>\n<\/div>\n<\/div>\n<\/div>\n<\/div>\n<\/div>\n<\/div>\n<\/div>\n<\/div>\n<\/div>\n<\/div>\n<\/div>\n<\/div>\n\n    <div class=\"xs_social_share_widget xs_share_url after_content \t\tmain_content  wslu-style-1 wslu-share-box-shaped wslu-fill-colored wslu-none wslu-share-horizontal wslu-theme-font-no wslu-main_content\">\n\n\t\t\n        <ul>\n\t\t\t        <\/ul>\n    <\/div>","protected":false},"excerpt":{"rendered":"<p>Versele Laga Stick Rabbit&amp;Chinchila predstavljaju zdrave poslastice namenjen \u010din\u010dilama i ze\u010devima, sa medom<\/p>","protected":false},"featured_media":29057,"comment_status":"open","ping_status":"closed","template":"","meta":{"_acf_changed":false},"pwb-brand":[318],"product_cat":[986,1010,1014,987,1017],"product_tag":[],"class_list":{"0":"post-29029","1":"product","2":"type-product","3":"status-publish","4":"has-post-thumbnail","6":"pwb-brand-versele-laga","7":"product_cat-glodari","8":"product_cat-cincila","9":"product_cat-poslastice-za-cincile","10":"product_cat-zecevi","11":"product_cat-poslastice-za-zeceve","13":"first","14":"instock","15":"taxable","16":"shipping-taxable","17":"purchasable","18":"product-type-variable","19":"has-default-attributes"},"acf":[],"brands":[{"id":318,"name":"Versele-Laga","slug":"versele-laga"}],"_links":{"self":[{"href":"https:\/\/pawz.rs\/en\/wp-json\/wp\/v2\/product\/29029","targetHints":{"allow":["GET"]}}],"collection":[{"href":"https:\/\/pawz.rs\/en\/wp-json\/wp\/v2\/product"}],"about":[{"href":"https:\/\/pawz.rs\/en\/wp-json\/wp\/v2\/types\/product"}],"replies":[{"embeddable":true,"href":"https:\/\/pawz.rs\/en\/wp-json\/wp\/v2\/comments?post=29029"}],"wp:featuredmedia":[{"embeddable":true,"href":"https:\/\/pawz.rs\/en\/wp-json\/wp\/v2\/media\/29057"}],"wp:attachment":[{"href":"https:\/\/pawz.rs\/en\/wp-json\/wp\/v2\/media?parent=29029"}],"wp:term":[{"taxonomy":"pwb-brand","embeddable":true,"href":"https:\/\/pawz.rs\/en\/wp-json\/wp\/v2\/pwb-brand?post=29029"},{"taxonomy":"product_cat","embeddable":true,"href":"https:\/\/pawz.rs\/en\/wp-json\/wp\/v2\/product_cat?post=29029"},{"taxonomy":"product_tag","embeddable":true,"href":"https:\/\/pawz.rs\/en\/wp-json\/wp\/v2\/product_tag?post=29029"}],"curies":[{"name":"wp","href":"https:\/\/api.w.org\/{rel}","templated":true}]}}