{"id":29085,"date":"2024-08-30T18:04:34","date_gmt":"2024-08-30T16:04:34","guid":{"rendered":"https:\/\/pawz.rs\/?post_type=product&#038;p=29085"},"modified":"2025-06-29T19:57:52","modified_gmt":"2025-06-29T17:57:52","slug":"versele-laga-2-stick-rabbbitguinea-pig-green-meadow","status":"publish","type":"product","link":"https:\/\/pawz.rs\/en\/versele-laga-2-stick-rabbbitguinea-pig-green-meadow\/","title":{"rendered":"Versele Laga 2 Stick Rabbbit&#038;Guinea Pig &#8211; Green Meadow"},"content":{"rendered":"<p><strong>Versele Laga 2 Stick Rabbbit&amp;Guinea Pig &#8211; Green Meadow<\/strong><\/p>\n<div class=\"col-md-12 text-center\">\n<div class=\"col-md-12 text-center\">\n<div class=\"container\">\n<div class=\"row\">\n<div class=\"col-sm-5\">\n<div id=\"opis\" class=\"collapse show\">\n<div class=\"row\">\n<div class=\"col-sm-12\">\n<div class=\"col-md-12 text-center\">\n<div class=\"col-md-12 text-center\">\n<div class=\"col-md-12 text-center\">\n<div class=\"col-md-12 text-center\">\n<div class=\"col-md-12 text-center\">\n<div class=\"col-md-12 text-center\">\n<div class=\"col-md-12 text-center\">\u00a0Ukusna i zdrava poslastica sa masla\u010dkom i lisnatim povr\u0107em namenjena ze\u010devima i \u010din\u010dilama<\/div>\n<\/div>\n<\/div>\n<div>\n<p>Dva \u0161tapi\u0107a pe\u010dena u rerni za ze\u010deve i \u010din\u010dile<\/p>\n<ul>\n<li>Ukusna poslastica sa masla\u010dkom i lisnatim povr\u0107em<\/li>\n<li>\u0160tapi\u0107i pe\u010deni u rerni koji se lako montiraju u kavez Va\u0161eg ljubimca<\/li>\n<li>&#8220;Freshpack&#8221; pakovanje \u010duva sve\u017einu i aromu<\/li>\n<\/ul>\n<p><strong>Sastav:<br \/>\n<\/strong>P\u0161enica, kukuruz, ovas, prezla, \u0161afranika, seme suncokreta, \u0161e\u0107eri, med, poriluk, milo, suncokretovo ulje, masla\u010dak<\/p>\n<p><strong>Analiti\u010dki\u00a0sastav:<\/strong><br \/>\nProteini 10,5%, masti 6,5%, sirova vlakna 5,5%, sirovi pepeo 2%, kalcijum 0,05%, natrijum 0,02%, fosfor 0,4%<\/p>\n<\/div>\n<\/div>\n<\/div>\n<\/div>\n<p><strong>Dodaci po kilogramu proizvoda: <\/strong>Konzervansi<\/p>\n<\/div>\n<p><strong>Uputstvo za hranjenje:<br \/>\n<\/strong>Bez ograni\u010denja omogu\u0107ite Va\u0161em ljubimcu pristup ovoj poslastici uz glavnu hranu<\/p>\n<\/div>\n<\/div>\n<\/div>\n<\/div>\n<\/div>\n<\/div>\n<\/div>\n<\/div>\n<div class=\"col-md-12 text-center\">\n<div class=\"col-md-12 text-center\">\n<div class=\"col-md-12 text-center\">\n<div class=\"col-md-12 text-center\">\n<div class=\"col-md-12 text-center\">\n<div class=\"col-md-12 text-center\">\n<div class=\"col-md-12 text-center\">\n<div class=\"col-md-12 text-center\">\n<div class=\"container\">\n<div class=\"row\">\n<div class=\"col-sm-5\">\n<div id=\"opis\" class=\"collapse show\">\n<div class=\"row\">\n<div class=\"col-sm-12\">\n<div class=\"col-md-12 text-center\">\n<div class=\"col-md-12 text-center\">\n<div class=\"col-md-12 text-center\">\n<div class=\"col-md-12 text-center\">\n<div class=\"col-md-12 text-center\">Proizvo\u0111a\u010d: Versle-Laga, Kapellestraat 70, Deinze, Belgium<br \/>\nZemlja porekla: Belgija (EU)<\/div>\n<\/div>\n<\/div>\n<\/div>\n<\/div>\n<\/div>\n<\/div>\n<\/div>\n<\/div>\n<\/div>\n<\/div>\n<\/div>\n<\/div>\n<\/div>\n<\/div>\n<\/div>\n<\/div>\n<\/div>\n<\/div>\n\n    <div class=\"xs_social_share_widget xs_share_url after_content \t\tmain_content  wslu-style-1 wslu-share-box-shaped wslu-fill-colored wslu-none wslu-share-horizontal wslu-theme-font-no wslu-main_content\">\n\n\t\t\n        <ul>\n\t\t\t        <\/ul>\n    <\/div>","protected":false},"excerpt":{"rendered":"<p>Versele Laga Stick Rabbbit&amp;Guinea Pig je poslastica namenjena ze\u010devima i morskim prasi\u0107ima<\/p>\n<p>&nbsp;<\/p>","protected":false},"featured_media":29037,"comment_status":"open","ping_status":"closed","template":"","meta":{"_acf_changed":false},"pwb-brand":[318],"product_cat":[986,987,1017,1007,1016],"product_tag":[],"class_list":{"0":"post-29085","1":"product","2":"type-product","3":"status-publish","4":"has-post-thumbnail","6":"pwb-brand-versele-laga","7":"product_cat-glodari","8":"product_cat-zecevi","9":"product_cat-poslastice-za-zeceve","10":"product_cat-morsko-prase","11":"product_cat-poslastice-za-morsko-prase","13":"first","14":"instock","15":"taxable","16":"shipping-taxable","17":"purchasable","18":"product-type-variable","19":"has-default-attributes"},"acf":[],"brands":[{"id":318,"name":"Versele-Laga","slug":"versele-laga"}],"_links":{"self":[{"href":"https:\/\/pawz.rs\/en\/wp-json\/wp\/v2\/product\/29085","targetHints":{"allow":["GET"]}}],"collection":[{"href":"https:\/\/pawz.rs\/en\/wp-json\/wp\/v2\/product"}],"about":[{"href":"https:\/\/pawz.rs\/en\/wp-json\/wp\/v2\/types\/product"}],"replies":[{"embeddable":true,"href":"https:\/\/pawz.rs\/en\/wp-json\/wp\/v2\/comments?post=29085"}],"wp:featuredmedia":[{"embeddable":true,"href":"https:\/\/pawz.rs\/en\/wp-json\/wp\/v2\/media\/29037"}],"wp:attachment":[{"href":"https:\/\/pawz.rs\/en\/wp-json\/wp\/v2\/media?parent=29085"}],"wp:term":[{"taxonomy":"pwb-brand","embeddable":true,"href":"https:\/\/pawz.rs\/en\/wp-json\/wp\/v2\/pwb-brand?post=29085"},{"taxonomy":"product_cat","embeddable":true,"href":"https:\/\/pawz.rs\/en\/wp-json\/wp\/v2\/product_cat?post=29085"},{"taxonomy":"product_tag","embeddable":true,"href":"https:\/\/pawz.rs\/en\/wp-json\/wp\/v2\/product_tag?post=29085"}],"curies":[{"name":"wp","href":"https:\/\/api.w.org\/{rel}","templated":true}]}}