{"id":29092,"date":"2024-08-30T18:04:32","date_gmt":"2024-08-30T16:04:32","guid":{"rendered":"https:\/\/pawz.rs\/?post_type=product&#038;p=29092"},"modified":"2025-06-29T19:57:53","modified_gmt":"2025-06-29T17:57:53","slug":"versele-laga-6-biscuits-nuts-eggs","status":"publish","type":"product","link":"https:\/\/pawz.rs\/en\/versele-laga-6-biscuits-nuts-eggs\/","title":{"rendered":"Versele Laga 6 Biscuits &#8211; Nuts &#038; Eggs"},"content":{"rendered":"<p><strong>Versele Laga 6 Biscuits &#8211; Nuts &amp; Eggs<\/strong><\/p>\n<div class=\"col-md-12 text-center\">\n<div class=\"col-md-12 text-center\">\n<div class=\"container\">\n<div class=\"row\">\n<div class=\"col-sm-5\">\n<div id=\"opis\" class=\"collapse show\">\n<div class=\"row\">\n<div class=\"col-sm-12\">\n<div class=\"col-md-12 text-center\">\n<div class=\"col-md-12 text-center\">\n<div class=\"col-md-12 text-center\">\n<div class=\"col-md-12 text-center\">\n<div class=\"col-md-12 text-center\">Ukusna i zdrava poslastica sa jajima i ora\u0161astim plodovima namenjena malim sisarima<\/div>\n<div class=\"col-md-12 text-center\">\n<p>Ukusni i lagani keksi\u0107i namenjeni svim malim sisarima<\/p>\n<ul>\n<li>Lagani keksi\u0107i sa jajima i ora\u0161astim vo\u0107em<\/li>\n<li>&#8220;Freshpack&#8221; pakovanje \u010duva sve\u017einu i aromu<\/li>\n<\/ul>\n<p><strong>Sastav<\/strong>:<br \/>\nJaja i derivati jaja, \u0161e\u0107eri, \u017eitarice, derivati povr\u0107a, ora\u0161asto vo\u0107e 4%, minerali, ulja i masti, mleko i derivati mleka<\/p>\n<p><strong>Analytical composition:<\/strong><br \/>\nProteini 11%, masti 12%, sirova vlakna 0,4%, sirovi pepeo 2,8%<\/p>\n<\/div>\n<\/div>\n<div>\n<p><strong>Uputstvo za hranjenje:<br \/>\n<\/strong>Dajte Va\u0161em ljubimcu 1 do 4 keksi\u0107a nedeljno<\/p>\n<\/div>\n<\/div>\n<\/div>\n<\/div>\n<\/div>\n<\/div>\n<\/div>\n<\/div>\n<\/div>\n<\/div>\n<\/div>\n<\/div>\n<div class=\"col-md-12 text-center\">\n<div class=\"col-md-12 text-center\">\n<div class=\"col-md-12 text-center\">\n<div class=\"col-md-12 text-center\">\n<div class=\"col-md-12 text-center\">\n<div class=\"col-md-12 text-center\">\n<div class=\"col-md-12 text-center\">\n<div class=\"col-md-12 text-center\">\n<div class=\"container\">\n<div class=\"row\">\n<div class=\"col-sm-5\">\n<div id=\"opis\" class=\"collapse show\">\n<div class=\"row\">\n<div class=\"col-sm-12\">\n<div class=\"col-md-12 text-center\">\n<div class=\"col-md-12 text-center\">\n<div class=\"col-md-12 text-center\">\n<div class=\"col-md-12 text-center\">\n<div class=\"col-md-12 text-center\">Proizvo\u0111a\u010d: Versle-Laga, Kapellestraat 70, Deinze, Belgium<br \/>\nZemlja porekla: Belgija (EU)<\/div>\n<\/div>\n<\/div>\n<\/div>\n<\/div>\n<\/div>\n<\/div>\n<\/div>\n<\/div>\n<\/div>\n<\/div>\n<\/div>\n<\/div>\n<\/div>\n<\/div>\n<\/div>\n<\/div>\n<\/div>\n<\/div>\n\n    <div class=\"xs_social_share_widget xs_share_url after_content \t\tmain_content  wslu-style-1 wslu-share-box-shaped wslu-fill-colored wslu-none wslu-share-horizontal wslu-theme-font-no wslu-main_content\">\n\n\t\t\n        <ul>\n\t\t\t        <\/ul>\n    <\/div>","protected":false},"excerpt":{"rendered":"<p>Versele Laga 6 Biscuits -Nuts &amp; Eggs je poslastica namenjena sisarima<\/p>\n<p>&nbsp;<\/p>","protected":false},"featured_media":29033,"comment_status":"open","ping_status":"closed","template":"","meta":{"_acf_changed":false},"pwb-brand":[318],"product_cat":[986,987,1017,988,1015,1007,1016],"product_tag":[],"class_list":{"0":"post-29092","1":"product","2":"type-product","3":"status-publish","4":"has-post-thumbnail","6":"pwb-brand-versele-laga","7":"product_cat-glodari","8":"product_cat-zecevi","9":"product_cat-poslastice-za-zeceve","10":"product_cat-hrcci","11":"product_cat-poslastice-za-hrcke","12":"product_cat-morsko-prase","13":"product_cat-poslastice-za-morsko-prase","15":"first","16":"instock","17":"taxable","18":"shipping-taxable","19":"purchasable","20":"product-type-variable","21":"has-default-attributes"},"acf":[],"brands":[{"id":318,"name":"Versele-Laga","slug":"versele-laga"}],"_links":{"self":[{"href":"https:\/\/pawz.rs\/en\/wp-json\/wp\/v2\/product\/29092","targetHints":{"allow":["GET"]}}],"collection":[{"href":"https:\/\/pawz.rs\/en\/wp-json\/wp\/v2\/product"}],"about":[{"href":"https:\/\/pawz.rs\/en\/wp-json\/wp\/v2\/types\/product"}],"replies":[{"embeddable":true,"href":"https:\/\/pawz.rs\/en\/wp-json\/wp\/v2\/comments?post=29092"}],"wp:featuredmedia":[{"embeddable":true,"href":"https:\/\/pawz.rs\/en\/wp-json\/wp\/v2\/media\/29033"}],"wp:attachment":[{"href":"https:\/\/pawz.rs\/en\/wp-json\/wp\/v2\/media?parent=29092"}],"wp:term":[{"taxonomy":"pwb-brand","embeddable":true,"href":"https:\/\/pawz.rs\/en\/wp-json\/wp\/v2\/pwb-brand?post=29092"},{"taxonomy":"product_cat","embeddable":true,"href":"https:\/\/pawz.rs\/en\/wp-json\/wp\/v2\/product_cat?post=29092"},{"taxonomy":"product_tag","embeddable":true,"href":"https:\/\/pawz.rs\/en\/wp-json\/wp\/v2\/product_tag?post=29092"}],"curies":[{"name":"wp","href":"https:\/\/api.w.org\/{rel}","templated":true}]}}