{"id":29137,"date":"2024-08-24T14:25:57","date_gmt":"2024-08-24T12:25:57","guid":{"rendered":"https:\/\/pawz.rs\/?post_type=product&#038;p=29137"},"modified":"2025-06-29T19:57:53","modified_gmt":"2025-06-29T17:57:53","slug":"platinum-fit-bit-protect-mix","status":"publish","type":"product","link":"https:\/\/pawz.rs\/en\/platinum-fit-bit-protect-mix\/","title":{"rendered":"Platinum Fit &#8211; Bit Protect Mix"},"content":{"rendered":"<p class=\"my-3 tamnozelena2\"><strong>Platinum Fit &#8211; Bit Protect Mix<\/strong><\/p>\n<p>Funkcionalne poslastice su namenjene aktivnim psima. Dok se ostali proizvo\u0111a\u010di oslanjaju na ve\u0161ta\u010dke suplemente prihvataju\u0107i jake nus pojave koje idu uz njih, mi se oslanjamo na kombinaciju prirodnih sastojaka u vidu bilja, semenja i ulja.<\/p>\n<p>Funkcionalne poslastice su napravljene koriste\u0107i FSG (Fleischsaftgarung) i odli\u010dne su kao pomo\u0107 pri dresuri. Ovaj metod pripreme hrane je razvijen u kuhinji, a ne u industrijskim uslovima.<br \/>\nCeo proces je baziran na tehnikama, koje vrhunski kuvari \u010desto koriste, kako bi meso bilo ukusnije i zdravije kuvanjem u njegovom sopstvenom soku. Fleischsaftgarung (FSG) je pa\u017eljivo odabrana kombinacija ovih kulinarskih tehnika i prilago\u0111ena potrebama pasa.<\/p>\n<p>FSG metod podrazumeva kuvanje mesa u sopstvenom soku u vakumu. Nakon dugog kuvanja tokom koga se deo mesnih sokova redukuje nastaju na\u0161e funkcionalne poslastice.<\/p>\n<p>Funkcionalne poslastice Fit-Bits Protect pripremljene FSG (Fleischsaftgarung) metodom se sastoje ve\u0107inom od kuvanog mesa \u0161to podrazumeva da:<\/p>\n<ul>\n<li>Su ektremno ukusne<\/li>\n<li>Podjednako hranljive kao BARF<\/li>\n<li>Odli\u010dne za izgradnju mi\u0161i\u0107ne mase<\/li>\n<li>Brzo se vare<\/li>\n<li>Efikasnu apsopciju nutrienata<\/li>\n<li>Mekane za \u017evakanje zahvaljuju\u0107i mesnim sokovima<\/li>\n<\/ul>\n<p><strong>Sastav:<br \/>\n<\/strong>Sve\u017ea piletina 73%, su\u0161eni krompir, hladno ce\u0111eno devi\u010dansko lososovo ulje,\u00a0 hladno ce\u0111eno devi\u010dansko ulje semena lana, lososovo ulje, su\u0161ena pulpa jabuke,\u00a0 kokosovo ulje (sa 60% lauri\u010dne kiseline), su\u0161eni \u0161ipak, ulje crnog kumina, su\u0161eno cirtusno bilje, ekstrakt ruzmarina, ekstrakt semena grejpfuta.<\/p>\n<p><strong>Analytical composition:<\/strong><br \/>\nSirovi proteini 25%, sirove masti 11%, sirovi pepeo 8,5%, sirova vlakna 2,7%, kalcijum 1,5%, fosfor 1%, vlaga (prirodni udeo) 20%.<\/p>\n<p>Bez dodatih vitamina i minerala<\/p>\n<p><strong>Uputstvo za hranjenje:<br \/>\n<\/strong>Za optimalan efekat davati najmanje 3&#215;3 Fit-Bits-a dnevno (na 1-6kg telesne te\u017eine), 3&#215;7 Fit-Bits-a (na 7-19kg telesne te\u017eine), 3&#215;10 Fit Bits-a (na 20+ kg telesne te\u017eine). Maksimalna dnevna koli\u010dina je 30-do Fit-Bits-a na 10kg telesne te\u017eine.<\/p>\n<p>Efekti se vide za 1-2 nedelje u zavisnosti od psa do psa.<\/p>\n<p><strong>Napomena:<br \/>\n<\/strong>Pre davanja kujama koje su skotne, doje ili psima koji su trenutno na nekoj terapiji, pre davanja ovih poslastica obavezno konsultujte veterinara. Preporu\u010dujemo da se funkcionalne poslastice daju psima starosti od 1 godine pa navi\u0161e. Ukoliko \u017eelite da Fit-Bits dajete psima mla\u0111im od 1 godine obavezno konsultujte veterinara. Mogu\u0107e je kombinovati vi\u0161e vrsta Fit-Bits-a.<\/p>\n<p>Ipak, uzimaju\u0107i u obzir preporu\u010dene dnevne koli\u010dine trebalo bi kombinovati maksimalno 2 vrste poslastica kod pasa te\u017eine do 30kg.<\/p>\n<p>Manufacturer: Platinum GmbH &amp; Co<br \/>\nCountry of origin: Germany<\/p>\n\n    <div class=\"xs_social_share_widget xs_share_url after_content \t\tmain_content  wslu-style-1 wslu-share-box-shaped wslu-fill-colored wslu-none wslu-share-horizontal wslu-theme-font-no wslu-main_content\">\n\n\t\t\n        <ul>\n\t\t\t        <\/ul>\n    <\/div>","protected":false},"excerpt":{"rendered":"<p>Platinum Fit &#8211; Bit Protect Mix predstavljaju poslastice namenjene odraslim aktivnim psima<\/p>","protected":false},"featured_media":29149,"comment_status":"open","ping_status":"closed","template":"","meta":{"_acf_changed":false,"_aa_vp_cena":"","_aa_online_cena":""},"pwb-brand":[321,323],"product_cat":[48,103,47],"product_tag":[],"class_list":{"0":"post-29137","1":"product","2":"type-product","3":"status-publish","4":"has-post-thumbnail","6":"pwb-brand-platinum","7":"pwb-brand-platinum-hrana-za-pse","8":"product_cat-hrana-za-pse","9":"product_cat-poslastice-za-pse","10":"product_cat-psi","12":"first","13":"instock","14":"taxable","15":"shipping-taxable","16":"purchasable","17":"product-type-variable","18":"has-default-attributes"},"acf":[],"brands":[{"id":321,"name":"Platinum","slug":"platinum"},{"id":323,"name":"Platinum Dog Food","slug":"platinum-hrana-za-pse"}],"_links":{"self":[{"href":"https:\/\/pawz.rs\/en\/wp-json\/wp\/v2\/product\/29137","targetHints":{"allow":["GET"]}}],"collection":[{"href":"https:\/\/pawz.rs\/en\/wp-json\/wp\/v2\/product"}],"about":[{"href":"https:\/\/pawz.rs\/en\/wp-json\/wp\/v2\/types\/product"}],"replies":[{"embeddable":true,"href":"https:\/\/pawz.rs\/en\/wp-json\/wp\/v2\/comments?post=29137"}],"wp:featuredmedia":[{"embeddable":true,"href":"https:\/\/pawz.rs\/en\/wp-json\/wp\/v2\/media\/29149"}],"wp:attachment":[{"href":"https:\/\/pawz.rs\/en\/wp-json\/wp\/v2\/media?parent=29137"}],"wp:term":[{"taxonomy":"pwb-brand","embeddable":true,"href":"https:\/\/pawz.rs\/en\/wp-json\/wp\/v2\/pwb-brand?post=29137"},{"taxonomy":"product_cat","embeddable":true,"href":"https:\/\/pawz.rs\/en\/wp-json\/wp\/v2\/product_cat?post=29137"},{"taxonomy":"product_tag","embeddable":true,"href":"https:\/\/pawz.rs\/en\/wp-json\/wp\/v2\/product_tag?post=29137"}],"curies":[{"name":"wp","href":"https:\/\/api.w.org\/{rel}","templated":true}]}}