{"id":29347,"date":"2025-10-03T13:55:51","date_gmt":"2025-10-03T11:55:51","guid":{"rendered":"https:\/\/pawz.rs\/?post_type=product&#038;p=29347"},"modified":"2026-02-07T21:23:58","modified_gmt":"2026-02-07T20:23:58","slug":"cennamo-pluto-dog-adult-medium-maxi-lamb-15-kg","status":"publish","type":"product","link":"https:\/\/pawz.rs\/en\/cennamo-pluto-dog-adult-medium-maxi-lamb-15-kg\/","title":{"rendered":"Cennamo Pluto Dog Adult Medium\/Maxi Lamb 15 kg"},"content":{"rendered":"<p><strong>Cennamo Pluto Dog Adult Medium\/Maxi Lamb 15 kg<\/strong><\/p>\n<p>Potpuna hrana za odrasle pse srednjih i velikih rasa<\/p>\n<p>Dizajniran i formulisan za pse sa umerenom aktivno\u0161\u0107u.<\/p>\n<p><strong>Sastav:<\/strong><br \/>\nDehidrirani \u017eivotinjski proteini 30% (jagnjetina 4%), p\u0161enica, kukuruz, pirina\u010d, ulja, masti, roga\u010d, vitamini i minerali\u017e<\/p>\n<p><strong>Nutritivni dodaci:<\/strong><br \/>\nVitamin A 15000 IU\/kg, Vitamin D3 750 IU\/kg, Vitamin E (all-rac-alfatokoferil acetat) 70 IU\/kg,\u00a0<span class=\"show-tooltip\" title=\"\" data-original-title=\"S\u00edran m\u011b\u010fnat\u00fd je v krmivech kontroverzn\u00ed slo\u017eka. Je \u0161iroce pou\u017e\u00edv\u00e1n jako m\u011b\u010fnat\u00fd dopln\u011bk pro zv\u00ed\u0159ata a je AAFCO (organizace, kter\u00e1 stanovuje standardy krmiv pro dom\u00e1c\u00ed zv\u00ed\u0159ata v Spojen\u00fdch st\u00e1tech) schv\u00e1len\u00fd. V EU je \u010dist\u00fd s\u00edran m\u011b\u010fnat\u00fd klasifikov\u00e1n&amp;hellip;\">Bakrov sulfat<\/span>\u00a0pentahidrat 3,5 mg\/kg, Vitamin B1 6 mg\/kg, Vitamin B2 6 mg\/kg, Vitamin B6 5 mg\/kg, Folna kiselina 1 mg\/kg, Linolna kiselina 1,57%<\/p>\n<p><strong>Tehnolo\u0161ki dodaci:<\/strong><br \/>\nAntioksidansi<\/p>\n<p><strong>Analytical composition:<br \/>\n<\/strong>Sirove belan\u010devine 25%, sirove masti 10%, sirova vlakna 3,20%, <span class=\"show-tooltip\" title=\"\" data-original-title=\"Hrub\u00fd popel je ozna\u010den\u00ed pro v\u0161echny l\u00e1tky anorganick\u00e9ho p\u016fvodu, kter\u00e9 se nach\u00e1z\u00ed v krmivu.&amp;nbsp;Popelovina obsahuje velk\u00e9 mno\u017estv\u00ed miner\u00e1l\u016f jako drasl\u00edk, chl\u00f3r, fosfor, ho\u0159\u010d\u00edk, sod\u00edk, zinek, \u017eelezo a dal\u0161\u00ed. Tyto anorganick\u00e9 l\u00e1tky napom\u00e1haj\u00ed mnoha&amp;hellip;\">sirovi pepeo<\/span>\u00a010,50%,\u00a0<span class=\"show-tooltip\" title=\"\" data-original-title=\"V\u00e1pn\u00edk je&amp;nbsp;nutn\u00fd pro tvorbu kost\u00ed a zub\u016f, nervov\u00e9ho p\u0159enosu, svalov\u00e9 kontrakce.\">kalcijum<\/span>\u00a01,80%,\u00a0<span class=\"show-tooltip\" title=\"\" data-original-title=\"Fosfor&amp;nbsp;je pot\u0159ebn\u00fd pro konstrukci kostry, DNA, RNA, energetick\u00fd metabolismus\">fosfor<\/span> 1,20%. Metaboli\u010dka energija: 3200 kcal (13,40 MJ\/kg).<\/p>\n<p>Serve food in dry form with available fresh water.<br \/>\nFor your pet&#039;s health, consult a veterinarian regularly.<\/p>\n<p>Store the product in a dry, dark and cool place.<\/p>\n<p>Proizvo\u0111a\u010d: Cennamo<br \/>\nZemlja porekla: Italija<\/p>\n\n    <div class=\"xs_social_share_widget xs_share_url after_content \t\tmain_content  wslu-style-1 wslu-share-box-shaped wslu-fill-colored wslu-none wslu-share-horizontal wslu-theme-font-no wslu-main_content\">\n\n\t\t\n        <ul>\n\t\t\t        <\/ul>\n    <\/div>","protected":false},"excerpt":{"rendered":"<p>Cennamo Pluto Dog Adult Medium\/Maxi Lamb je kompletna hrana namenjena odraslim psima srednje i velike rase, sa jagnjetinom<\/p>","protected":false},"featured_media":29348,"comment_status":"open","ping_status":"closed","template":"","meta":{"_acf_changed":false},"pwb-brand":[962],"product_cat":[47,48,49],"product_tag":[],"class_list":{"0":"post-29347","1":"product","2":"type-product","3":"status-publish","4":"has-post-thumbnail","6":"pwb-brand-cennamo","7":"product_cat-psi","8":"product_cat-hrana-za-pse","9":"product_cat-granule-za-pse","11":"first","12":"instock","13":"taxable","14":"shipping-taxable","15":"purchasable","16":"product-type-simple"},"acf":[],"brands":[{"id":962,"name":"Cennamo","slug":"cennamo"}],"_links":{"self":[{"href":"https:\/\/pawz.rs\/en\/wp-json\/wp\/v2\/product\/29347","targetHints":{"allow":["GET"]}}],"collection":[{"href":"https:\/\/pawz.rs\/en\/wp-json\/wp\/v2\/product"}],"about":[{"href":"https:\/\/pawz.rs\/en\/wp-json\/wp\/v2\/types\/product"}],"replies":[{"embeddable":true,"href":"https:\/\/pawz.rs\/en\/wp-json\/wp\/v2\/comments?post=29347"}],"wp:featuredmedia":[{"embeddable":true,"href":"https:\/\/pawz.rs\/en\/wp-json\/wp\/v2\/media\/29348"}],"wp:attachment":[{"href":"https:\/\/pawz.rs\/en\/wp-json\/wp\/v2\/media?parent=29347"}],"wp:term":[{"taxonomy":"pwb-brand","embeddable":true,"href":"https:\/\/pawz.rs\/en\/wp-json\/wp\/v2\/pwb-brand?post=29347"},{"taxonomy":"product_cat","embeddable":true,"href":"https:\/\/pawz.rs\/en\/wp-json\/wp\/v2\/product_cat?post=29347"},{"taxonomy":"product_tag","embeddable":true,"href":"https:\/\/pawz.rs\/en\/wp-json\/wp\/v2\/product_tag?post=29347"}],"curies":[{"name":"wp","href":"https:\/\/api.w.org\/{rel}","templated":true}]}}