{"id":29429,"date":"2024-08-31T17:17:27","date_gmt":"2024-08-31T15:17:27","guid":{"rendered":"https:\/\/pawz.rs\/?post_type=product&#038;p=29429"},"modified":"2026-02-04T22:21:49","modified_gmt":"2026-02-04T21:21:49","slug":"versele-laga-natural-wood-piljevina","status":"publish","type":"product","link":"https:\/\/pawz.rs\/en\/versele-laga-natural-wood-piljevina\/","title":{"rendered":"Versele Laga Natural Wood (Piljevina)"},"content":{"rendered":"<p><strong>Versele Laga Natural Wood (Piljevina)<\/strong><\/p>\n<p>Prirodni higijenski posip namenjen svim vrstama malih sisara<\/p>\n<p>Proizvodi male koli\u010dine pra\u0161ine, 100% prirodan, visoko upijaju\u0107i<\/p>\n<p>Mo\u017ee se staviti u kompost nakon upotrebe ili se upotrebiti kao humus<\/p>\n<p><strong>Uputstvo za upotrebu: <\/strong><br \/>\nRedovno menjati zaprljane i navla\u017eene delove.<\/p>\n<p>Proizvo\u0111a\u010d: Versle-Laga, Kapellestraat 70, Deinze, Belgium<br \/>\nZemlja porekla: Belgija (EU)<\/p>\n\n    <div class=\"xs_social_share_widget xs_share_url after_content \t\tmain_content  wslu-style-1 wslu-share-box-shaped wslu-fill-colored wslu-none wslu-share-horizontal wslu-theme-font-no wslu-main_content\">\n\n\t\t\n        <ul>\n\t\t\t        <\/ul>\n    <\/div>","protected":false},"excerpt":{"rendered":"<p>Versele Laga Natural Wood predstavlja piljevinu kao higijenski posip za sve glodare<\/p>","protected":false},"featured_media":29435,"comment_status":"open","ping_status":"closed","template":"","meta":{"_acf_changed":false},"pwb-brand":[318],"product_cat":[986,1010,1106,987,1107,1030,1108,988,1109,1007,1110],"product_tag":[],"class_list":{"0":"post-29429","1":"product","2":"type-product","3":"status-publish","4":"has-post-thumbnail","6":"pwb-brand-versele-laga","7":"product_cat-glodari","8":"product_cat-cincila","9":"product_cat-higijena-za-cincile","10":"product_cat-zecevi","11":"product_cat-higijena-za-zeceve","12":"product_cat-feretka","13":"product_cat-higijena-za-feretke","14":"product_cat-hrcci","15":"product_cat-higijena-za-hrcke","16":"product_cat-morsko-prase","17":"product_cat-higijena-za-morsko-prase","19":"first","20":"instock","21":"taxable","22":"shipping-taxable","23":"purchasable","24":"product-type-variable","25":"has-default-attributes"},"acf":[],"brands":[{"id":318,"name":"Versele-Laga","slug":"versele-laga"}],"_links":{"self":[{"href":"https:\/\/pawz.rs\/en\/wp-json\/wp\/v2\/product\/29429","targetHints":{"allow":["GET"]}}],"collection":[{"href":"https:\/\/pawz.rs\/en\/wp-json\/wp\/v2\/product"}],"about":[{"href":"https:\/\/pawz.rs\/en\/wp-json\/wp\/v2\/types\/product"}],"replies":[{"embeddable":true,"href":"https:\/\/pawz.rs\/en\/wp-json\/wp\/v2\/comments?post=29429"}],"wp:featuredmedia":[{"embeddable":true,"href":"https:\/\/pawz.rs\/en\/wp-json\/wp\/v2\/media\/29435"}],"wp:attachment":[{"href":"https:\/\/pawz.rs\/en\/wp-json\/wp\/v2\/media?parent=29429"}],"wp:term":[{"taxonomy":"pwb-brand","embeddable":true,"href":"https:\/\/pawz.rs\/en\/wp-json\/wp\/v2\/pwb-brand?post=29429"},{"taxonomy":"product_cat","embeddable":true,"href":"https:\/\/pawz.rs\/en\/wp-json\/wp\/v2\/product_cat?post=29429"},{"taxonomy":"product_tag","embeddable":true,"href":"https:\/\/pawz.rs\/en\/wp-json\/wp\/v2\/product_tag?post=29429"}],"curies":[{"name":"wp","href":"https:\/\/api.w.org\/{rel}","templated":true}]}}