{"id":29509,"date":"2025-10-02T22:00:33","date_gmt":"2025-10-02T20:00:33","guid":{"rendered":"https:\/\/pawz.rs\/?post_type=product&#038;p=29509"},"modified":"2025-10-02T22:01:15","modified_gmt":"2025-10-02T20:01:15","slug":"versele-laga-prestige-budgies","status":"publish","type":"product","link":"https:\/\/pawz.rs\/en\/versele-laga-prestige-budgies\/","title":{"rendered":"Versele Laga Prestige Budgies"},"content":{"rendered":"<p><strong>Versele Laga Prestige Budgies<\/strong><\/p>\n<div class=\"col-md-12 text-center\">\n<p>Visoko kvalitetna semenska me\u0161avina namenjena ishrani tigrica<\/p>\n<p>\u0160arena me\u0161avina namenjena ishrani tigrica i ostalih malih papagaja<\/p>\n<p><strong>Sastav:<\/strong><br \/>\n\u017duti proso 30%, crveni proso 12%, olju\u0161teni ovas 10,5%, beli proso 38%, seme za kanarince 4%, seme lana 3%, \u0161afranika 2%, seme nigera 0,5%<\/p>\n<p><strong>Uputstvo za hranjenje: <\/strong><br \/>\nVa\u0161a ptica \u0107e biti u vrhunskoj kondiciji ako joj se uz osnovnu hranu dodaje i jaj\u010dana hrana, vitamini i minerali poput Orlux Gold Patee Small Parakeets, Oropharma Omni-Vit or Orlux Clay Bloc Mini.<\/p>\n<p>Sve\u017ea pija\u0107a voda mora uvek biti dostupna pticama<\/p>\n<p>Proizvo\u0111a\u010d: Versle-Laga, Kapellestraat 70, Deinze, Belgium<br \/>\nZemlja porekla: Belgija (EU)<\/p>\n<\/div>\n\n    <div class=\"xs_social_share_widget xs_share_url after_content \t\tmain_content  wslu-style-1 wslu-share-box-shaped wslu-fill-colored wslu-none wslu-share-horizontal wslu-theme-font-no wslu-main_content\">\n\n\t\t\n        <ul>\n\t\t\t        <\/ul>\n    <\/div>","protected":false},"excerpt":{"rendered":"<p>Versele Laga Prestige Budgies je visokokvalitetna me\u0161avina, namenjena ishrani tigrica<\/p>","protected":false},"featured_media":29513,"comment_status":"open","ping_status":"closed","template":"","meta":{"_acf_changed":false},"pwb-brand":[318],"product_cat":[1119],"product_tag":[],"class_list":{"0":"post-29509","1":"product","2":"type-product","3":"status-publish","4":"has-post-thumbnail","6":"pwb-brand-versele-laga","7":"product_cat-ptice","9":"first","10":"instock","11":"taxable","12":"shipping-taxable","13":"purchasable","14":"product-type-variable","15":"has-default-attributes"},"acf":[],"brands":[{"id":318,"name":"Versele-Laga","slug":"versele-laga"}],"_links":{"self":[{"href":"https:\/\/pawz.rs\/en\/wp-json\/wp\/v2\/product\/29509","targetHints":{"allow":["GET"]}}],"collection":[{"href":"https:\/\/pawz.rs\/en\/wp-json\/wp\/v2\/product"}],"about":[{"href":"https:\/\/pawz.rs\/en\/wp-json\/wp\/v2\/types\/product"}],"replies":[{"embeddable":true,"href":"https:\/\/pawz.rs\/en\/wp-json\/wp\/v2\/comments?post=29509"}],"wp:featuredmedia":[{"embeddable":true,"href":"https:\/\/pawz.rs\/en\/wp-json\/wp\/v2\/media\/29513"}],"wp:attachment":[{"href":"https:\/\/pawz.rs\/en\/wp-json\/wp\/v2\/media?parent=29509"}],"wp:term":[{"taxonomy":"pwb-brand","embeddable":true,"href":"https:\/\/pawz.rs\/en\/wp-json\/wp\/v2\/pwb-brand?post=29509"},{"taxonomy":"product_cat","embeddable":true,"href":"https:\/\/pawz.rs\/en\/wp-json\/wp\/v2\/product_cat?post=29509"},{"taxonomy":"product_tag","embeddable":true,"href":"https:\/\/pawz.rs\/en\/wp-json\/wp\/v2\/product_tag?post=29509"}],"curies":[{"name":"wp","href":"https:\/\/api.w.org\/{rel}","templated":true}]}}