{"id":2956,"date":"2023-02-12T18:05:29","date_gmt":"2023-02-12T17:05:29","guid":{"rendered":"https:\/\/pawz.rs\/?post_type=product&#038;p=2956"},"modified":"2025-01-11T18:26:26","modified_gmt":"2025-01-11T17:26:26","slug":"premil-fancy-32-14","status":"publish","type":"product","link":"https:\/\/pawz.rs\/en\/premil-fancy-32-14\/","title":{"rendered":"Premil Fancy 32\/14"},"content":{"rendered":"<p><strong>Premil Fancy 32\/14<\/strong><\/p>\n<p>Kompletna hrana za mlade i odrasle ma\u010dke svih vrsta i izbirljivog ukusa. Kvalitetno pile\u0107e i \u0107ure\u0107e meso zadovolji\u0107e ukus i najizbirljivijih ma\u010daka. Dobro izbalansirane masti u kombinaciji sa potrebnim makro i mikro elementima obezbedi\u0107e zdravu ko\u017eu, sjajnu dlaku i dovoljno energije kako ku\u0107nim, tako i ma\u010dkama koje svoje vreme provode van domova vlasnika. Pojava kamenca u mokra\u0107nim kanalima smanjena je zbog dobre pH vrednosti od 6,0 &#8211; 6,5. Dijetetska vlakna spre\u010davaju stvaranje kuglica dlake.<\/p>\n<p><strong>Sastav:<\/strong> dehidrirana piletina i \u0107uretina, kukuruz, pirina\u010d, hladno ce\u0111ena biljna ulja, pile\u0107a mast, repin rezanac, celuloza, dehidrirana hidrolizovana jetra, kvasac, morske alge, Yucca Schidigera, taurin, kalijum hlorid.<\/p>\n<p>Serve food in dry form with available fresh water.<br \/>\nFor your pet&#039;s health, consult a veterinarian regularly.<\/p>\n<p>Store the product in a dry, dark and cool place.<\/p>\n<p>Proizvo\u0111a\u010d: Premil, Kovin, Srbija<br \/>\nZemlja porekla: Srbija<\/p>\n\n    <div class=\"xs_social_share_widget xs_share_url after_content \t\tmain_content  wslu-style-1 wslu-share-box-shaped wslu-fill-colored wslu-none wslu-share-horizontal wslu-theme-font-no wslu-main_content\">\n\n\t\t\n        <ul>\n\t\t\t        <\/ul>\n    <\/div>","protected":false},"excerpt":{"rendered":"<p>Premil Fancy &#8211; Kompletna hrana za mlade i odrasle ma\u010dke svih vrsta<\/p>","protected":false},"featured_media":2957,"comment_status":"open","ping_status":"closed","template":"","meta":{"_acf_changed":false},"pwb-brand":[324,325],"product_cat":[149,23,21],"product_tag":[],"class_list":{"0":"post-2956","1":"product","2":"type-product","3":"status-publish","4":"has-post-thumbnail","6":"pwb-brand-premil","7":"pwb-brand-premil-hrana-za-macke","8":"product_cat-granule-za-macke","9":"product_cat-macke","10":"product_cat-hrana-za-macke","12":"first","13":"instock","14":"taxable","15":"shipping-taxable","16":"purchasable","17":"product-type-variable","18":"has-default-attributes"},"acf":[],"brands":[{"id":324,"name":"Premil","slug":"premil"},{"id":325,"name":"Premil Cat Food","slug":"premil-hrana-za-macke"}],"_links":{"self":[{"href":"https:\/\/pawz.rs\/en\/wp-json\/wp\/v2\/product\/2956","targetHints":{"allow":["GET"]}}],"collection":[{"href":"https:\/\/pawz.rs\/en\/wp-json\/wp\/v2\/product"}],"about":[{"href":"https:\/\/pawz.rs\/en\/wp-json\/wp\/v2\/types\/product"}],"replies":[{"embeddable":true,"href":"https:\/\/pawz.rs\/en\/wp-json\/wp\/v2\/comments?post=2956"}],"wp:featuredmedia":[{"embeddable":true,"href":"https:\/\/pawz.rs\/en\/wp-json\/wp\/v2\/media\/2957"}],"wp:attachment":[{"href":"https:\/\/pawz.rs\/en\/wp-json\/wp\/v2\/media?parent=2956"}],"wp:term":[{"taxonomy":"pwb-brand","embeddable":true,"href":"https:\/\/pawz.rs\/en\/wp-json\/wp\/v2\/pwb-brand?post=2956"},{"taxonomy":"product_cat","embeddable":true,"href":"https:\/\/pawz.rs\/en\/wp-json\/wp\/v2\/product_cat?post=2956"},{"taxonomy":"product_tag","embeddable":true,"href":"https:\/\/pawz.rs\/en\/wp-json\/wp\/v2\/product_tag?post=2956"}],"curies":[{"name":"wp","href":"https:\/\/api.w.org\/{rel}","templated":true}]}}