{"id":2960,"date":"2023-02-12T18:11:40","date_gmt":"2023-02-12T17:11:40","guid":{"rendered":"https:\/\/pawz.rs\/?post_type=product&#038;p=2960"},"modified":"2025-01-11T18:25:57","modified_gmt":"2025-01-11T17:25:57","slug":"premil-sleepy-33-16","status":"publish","type":"product","link":"https:\/\/pawz.rs\/en\/premil-sleepy-33-16\/","title":{"rendered":"Premil Sleepy 33\/16"},"content":{"rendered":"<p><strong>Premil Sleepy 33\/16<\/strong><\/p>\n<p>Kompletna hrana za ma\u010di\u0107e, mlade ma\u010dke, gravidne (skotne) ma\u010dke i ma\u010dke u laktaciji. Kvalitetni i lako svarljivi proteini koji poti\u010du samo od \u017eivine &#8211; piletine i pa\u010detine, uz visoku energiju obezbe\u0111uju sve potrebne elemente za pravilan razvoj i rast va\u0161ih ljubimaca. Dijetetska vlakna spre\u010davaju stvaranje kuglica dlake, a pH vrednost 6.0 &#8211; 6.5 smanjuje pojavu kamenca u mokra\u0107nim kanalima.<\/p>\n<p><strong>Sastav:<\/strong> dehidrirana piletina i pa\u010detina, kukuruz, pirina\u010d, hladno ce\u0111ena biljna ulja, pile\u0107a mast, repin rezanac, celuloza, dehidrirana hidrolizovana jetra, kvasac, morske alge, Yucca Schidigera, taurin, kalijum hlorid.<\/p>\n<p>Serve food in dry form with available fresh water.<br \/>\nFor your pet&#039;s health, consult a veterinarian regularly.<\/p>\n<p>Store the product in a dry, dark and cool place.<\/p>\n<p>Proizvo\u0111a\u010d: Premil, Kovin, Srbija<br \/>\nZemlja porekla: Srbija<\/p>\n\n    <div class=\"xs_social_share_widget xs_share_url after_content \t\tmain_content  wslu-style-1 wslu-share-box-shaped wslu-fill-colored wslu-none wslu-share-horizontal wslu-theme-font-no wslu-main_content\">\n\n\t\t\n        <ul>\n\t\t\t        <\/ul>\n    <\/div>","protected":false},"excerpt":{"rendered":"<p>Premil Sleepy &#8211; Kompletna hrana za ma\u010di\u0107e, mlade ma\u010dke, gravidne (skotne) ma\u010dke i ma\u010dke u laktaciji<\/p>","protected":false},"featured_media":2963,"comment_status":"open","ping_status":"closed","template":"","meta":{"_acf_changed":false},"pwb-brand":[324,325],"product_cat":[149,23,21],"product_tag":[],"class_list":{"0":"post-2960","1":"product","2":"type-product","3":"status-publish","4":"has-post-thumbnail","6":"pwb-brand-premil","7":"pwb-brand-premil-hrana-za-macke","8":"product_cat-granule-za-macke","9":"product_cat-macke","10":"product_cat-hrana-za-macke","12":"first","13":"instock","14":"taxable","15":"shipping-taxable","16":"purchasable","17":"product-type-variable","18":"has-default-attributes"},"acf":[],"brands":[{"id":324,"name":"Premil","slug":"premil"},{"id":325,"name":"Premil Cat Food","slug":"premil-hrana-za-macke"}],"_links":{"self":[{"href":"https:\/\/pawz.rs\/en\/wp-json\/wp\/v2\/product\/2960","targetHints":{"allow":["GET"]}}],"collection":[{"href":"https:\/\/pawz.rs\/en\/wp-json\/wp\/v2\/product"}],"about":[{"href":"https:\/\/pawz.rs\/en\/wp-json\/wp\/v2\/types\/product"}],"replies":[{"embeddable":true,"href":"https:\/\/pawz.rs\/en\/wp-json\/wp\/v2\/comments?post=2960"}],"wp:featuredmedia":[{"embeddable":true,"href":"https:\/\/pawz.rs\/en\/wp-json\/wp\/v2\/media\/2963"}],"wp:attachment":[{"href":"https:\/\/pawz.rs\/en\/wp-json\/wp\/v2\/media?parent=2960"}],"wp:term":[{"taxonomy":"pwb-brand","embeddable":true,"href":"https:\/\/pawz.rs\/en\/wp-json\/wp\/v2\/pwb-brand?post=2960"},{"taxonomy":"product_cat","embeddable":true,"href":"https:\/\/pawz.rs\/en\/wp-json\/wp\/v2\/product_cat?post=2960"},{"taxonomy":"product_tag","embeddable":true,"href":"https:\/\/pawz.rs\/en\/wp-json\/wp\/v2\/product_tag?post=2960"}],"curies":[{"name":"wp","href":"https:\/\/api.w.org\/{rel}","templated":true}]}}