{"id":2964,"date":"2023-02-12T18:18:58","date_gmt":"2023-02-12T17:18:58","guid":{"rendered":"https:\/\/pawz.rs\/?post_type=product&#038;p=2964"},"modified":"2025-01-11T18:25:25","modified_gmt":"2025-01-11T17:25:25","slug":"premil-slim-cat-33-10","status":"publish","type":"product","link":"https:\/\/pawz.rs\/en\/premil-slim-cat-33-10\/","title":{"rendered":"Premil Slim Cat 33\/10"},"content":{"rendered":"<p><strong>Premil Slim Cat 33\/10<\/strong><\/p>\n<p>Kompletna hrana za sterilisane ma\u010dke i ma\u010dke koje se slabije kre\u0107u i imaju problema sa vi\u0161kom telesne te\u017eine (sterlisane i kastrirane ma\u010dke).\u00a0 Proizvedena kombinacijom proteina animalnog porekla dobijenih iz najkvalitetnijih mesa i lako svarljivih \u017eitarica. Visok sadr\u017eaj proteina uz nizak sadr\u017eaj masti omogu\u0107ava odr\u017eanje mi\u0161i\u0107ne mase uz kontrolu te\u017eine. Prisustvo vlakana (celuloze) omogu\u0107ava olak\u0161anu probavu i doprinosi izbacivanju kuglica dlake. Ph vrednost proizvoda spre\u010dava formiranje urinarnog kamenca.<\/p>\n<p><strong>Sastav:<\/strong> dehidrirana piletina i \u0107uretina, kukuruz, pirina\u010d, hladno ce\u0111ena biljna ulja, pile\u0107a mast, repin rezanac, celuloza, dehidrirana hidrolizovana jetra, kvasac, morske alge, Yucca Schidigera, taurin, kalijum hlorid.<\/p>\n<p>Serve food in dry form with available fresh water.<br \/>\nFor your pet&#039;s health, consult a veterinarian regularly.<\/p>\n<p>Store the product in a dry, dark and cool place.<\/p>\n<p>Proizvo\u0111a\u010d: Premil, Kovin, Srbija<br \/>\nZemlja porekla: Srbija<\/p>\n\n    <div class=\"xs_social_share_widget xs_share_url after_content \t\tmain_content  wslu-style-1 wslu-share-box-shaped wslu-fill-colored wslu-none wslu-share-horizontal wslu-theme-font-no wslu-main_content\">\n\n\t\t\n        <ul>\n\t\t\t        <\/ul>\n    <\/div>","protected":false},"excerpt":{"rendered":"<p>Premil Slim Cat\u00a0 &#8211; Kompletna hrana za sterilisane ma\u010dke<\/p>","protected":false},"featured_media":2967,"comment_status":"open","ping_status":"closed","template":"","meta":{"_acf_changed":false},"pwb-brand":[324,325],"product_cat":[149,23,21],"product_tag":[],"class_list":{"0":"post-2964","1":"product","2":"type-product","3":"status-publish","4":"has-post-thumbnail","6":"pwb-brand-premil","7":"pwb-brand-premil-hrana-za-macke","8":"product_cat-granule-za-macke","9":"product_cat-macke","10":"product_cat-hrana-za-macke","12":"first","13":"instock","14":"taxable","15":"shipping-taxable","16":"purchasable","17":"product-type-variable","18":"has-default-attributes"},"acf":[],"brands":[{"id":324,"name":"Premil","slug":"premil"},{"id":325,"name":"Premil Cat Food","slug":"premil-hrana-za-macke"}],"_links":{"self":[{"href":"https:\/\/pawz.rs\/en\/wp-json\/wp\/v2\/product\/2964","targetHints":{"allow":["GET"]}}],"collection":[{"href":"https:\/\/pawz.rs\/en\/wp-json\/wp\/v2\/product"}],"about":[{"href":"https:\/\/pawz.rs\/en\/wp-json\/wp\/v2\/types\/product"}],"replies":[{"embeddable":true,"href":"https:\/\/pawz.rs\/en\/wp-json\/wp\/v2\/comments?post=2964"}],"wp:featuredmedia":[{"embeddable":true,"href":"https:\/\/pawz.rs\/en\/wp-json\/wp\/v2\/media\/2967"}],"wp:attachment":[{"href":"https:\/\/pawz.rs\/en\/wp-json\/wp\/v2\/media?parent=2964"}],"wp:term":[{"taxonomy":"pwb-brand","embeddable":true,"href":"https:\/\/pawz.rs\/en\/wp-json\/wp\/v2\/pwb-brand?post=2964"},{"taxonomy":"product_cat","embeddable":true,"href":"https:\/\/pawz.rs\/en\/wp-json\/wp\/v2\/product_cat?post=2964"},{"taxonomy":"product_tag","embeddable":true,"href":"https:\/\/pawz.rs\/en\/wp-json\/wp\/v2\/product_tag?post=2964"}],"curies":[{"name":"wp","href":"https:\/\/api.w.org\/{rel}","templated":true}]}}