{"id":29785,"date":"2024-09-03T13:08:58","date_gmt":"2024-09-03T11:08:58","guid":{"rendered":"https:\/\/pawz.rs\/?post_type=product&#038;p=29785"},"modified":"2025-07-19T08:00:24","modified_gmt":"2025-07-19T06:00:24","slug":"hills-science-plan-senior-vitality-piletina-15kg","status":"publish","type":"product","link":"https:\/\/pawz.rs\/en\/hills-science-plan-senior-vitality-piletina-15kg\/","title":{"rendered":"Hill&#8217;s Science Plan Senior Vitality Piletina 1.5kg"},"content":{"rendered":"<p><strong>Hill&#8217;s Science Plan Senior Vitality Piletina 1,5kg<\/strong><\/p>\n<p>Kompletna hrana za odrasle ma\u010dke starosti 7 i vi\u0161e godina, koja poma\u017ee u njihovoj svakodnevnoj\u00a0aktivnosti.<\/p>\n<p>Proizvedena od visoko kvalitetnih, lako svarljivih sastojaka.<\/p>\n<p>Mi u Hill&#8217;s-u ve\u0107 vi\u0161e od decenije radimo na istra\u017eivanjima kako ishrana uti\u010de na funkciju \u0107elija ljubimaca. Saznali smo da je proces starenja kompleskan i da se ljubimci usporavaju: mentalno i fizi\u010dki. Na\u0161a precizna ishrana poma\u017ee ljubimcima tokom starenja.<\/p>\n<p>Samo zato \u0161to va\u0161a ma\u010dka postaje starija, to ne zna\u010di da za nju nema vi\u0161e igranja. <strong>HILL&#8217;S SCIENCE PLAN Senior Vitality<\/strong> hrana za ma\u010dke obezbe\u0111uje precizno uravnote\u017eenu ishranu koja poma\u017ee u svakodnevnoj \u017eelji za ve\u0107om aktivno\u0161\u0107u. Ova hrana za ma\u010dke s visoko kvalitetnim sastojcima koristi za\u0161ti\u0107enu me\u0161avinu za podr\u0161ku funkcije mozga, energije, interakciju i sveukupnu vitalnost va\u0161e odrasle ma\u010dke. Formula koja se lako vari je ne\u017ena za stomak starije ma\u010dke, dok omega-6 i vitamin E hrane ko\u017eu va\u0161e ma\u010dke i unapre\u0111uju zdravo i sjajno krzno.<\/p>\n<ul>\n<li>Registrovana me\u0161avina sastojaka za podr\u0161ku funkcije mozga, interakciji, energije i vitalnosti<\/li>\n<li>Omega-3 i\u00a0Omega 6 masne kiseline za rasko\u0161no krzno<\/li>\n<li>Sastojci koji se lako vare za zdravu probavu<\/li>\n<\/ul>\n<p>Da li je va\u0161 ljubimac iz bilo kog razloga nezadovoljan ovom hranom?<\/p>\n<p><strong>100% GARANCIJA ZADOVOLJSTVA<\/strong> za kvalitet, doslednost i ukus ili povrat novca.<\/p>\n<p>Sve\u017ea voda uvek treba biti dostupna.<\/p>\n<p>Proizvo\u0111a\u010d: Hill\u2019s Pet Nutrition EU Switzerland<br \/>\nZemlja porekla: \u0160vajcarska<\/p>\n<p>&nbsp;<\/p>\n\n    <div class=\"xs_social_share_widget xs_share_url after_content \t\tmain_content  wslu-style-1 wslu-share-box-shaped wslu-fill-colored wslu-none wslu-share-horizontal wslu-theme-font-no wslu-main_content\">\n\n\t\t\n        <ul>\n\t\t\t        <\/ul>\n    <\/div>","protected":false},"excerpt":{"rendered":"<p>Kompletna hrana za odrasle ma\u010dke starosti 7 i vi\u0161e godina, koja poma\u017ee u njihovoj svakodnevnoj\u00a0aktivnosti.<\/p>","protected":false},"featured_media":27816,"comment_status":"closed","ping_status":"closed","template":"","meta":{"_acf_changed":false},"pwb-brand":[916],"product_cat":[23,21,149],"product_tag":[],"class_list":{"0":"post-29785","1":"product","2":"type-product","3":"status-publish","4":"has-post-thumbnail","6":"pwb-brand-hills","7":"product_cat-macke","8":"product_cat-hrana-za-macke","9":"product_cat-granule-za-macke","11":"first","12":"outofstock","13":"taxable","14":"shipping-taxable","15":"purchasable","16":"product-type-simple"},"acf":[],"brands":[{"id":916,"name":"Hills","slug":"hills"}],"_links":{"self":[{"href":"https:\/\/pawz.rs\/en\/wp-json\/wp\/v2\/product\/29785","targetHints":{"allow":["GET"]}}],"collection":[{"href":"https:\/\/pawz.rs\/en\/wp-json\/wp\/v2\/product"}],"about":[{"href":"https:\/\/pawz.rs\/en\/wp-json\/wp\/v2\/types\/product"}],"replies":[{"embeddable":true,"href":"https:\/\/pawz.rs\/en\/wp-json\/wp\/v2\/comments?post=29785"}],"wp:featuredmedia":[{"embeddable":true,"href":"https:\/\/pawz.rs\/en\/wp-json\/wp\/v2\/media\/27816"}],"wp:attachment":[{"href":"https:\/\/pawz.rs\/en\/wp-json\/wp\/v2\/media?parent=29785"}],"wp:term":[{"taxonomy":"pwb-brand","embeddable":true,"href":"https:\/\/pawz.rs\/en\/wp-json\/wp\/v2\/pwb-brand?post=29785"},{"taxonomy":"product_cat","embeddable":true,"href":"https:\/\/pawz.rs\/en\/wp-json\/wp\/v2\/product_cat?post=29785"},{"taxonomy":"product_tag","embeddable":true,"href":"https:\/\/pawz.rs\/en\/wp-json\/wp\/v2\/product_tag?post=29785"}],"curies":[{"name":"wp","href":"https:\/\/api.w.org\/{rel}","templated":true}]}}