{"id":29786,"date":"2024-09-03T13:08:58","date_gmt":"2024-09-03T11:08:58","guid":{"rendered":"https:\/\/pawz.rs\/?post_type=product&#038;p=29786"},"modified":"2026-05-04T19:46:36","modified_gmt":"2026-05-04T17:46:36","slug":"sams-field-kesica-govedina-teletina-sargarepa-i-brusnica-260g","status":"publish","type":"product","link":"https:\/\/pawz.rs\/en\/sams-field-kesica-govedina-teletina-sargarepa-i-brusnica-260g\/","title":{"rendered":"Sam&#8217;s Field Kesica Govedina, Teletina, \u0160argarepa i Brusnica 260g"},"content":{"rendered":"<p><strong>Sam&#8217;s Field True Meat Govedina sa Teletinom, \u0160argarepom i Brusnicom<\/strong><\/p>\n<p><strong>Minimalna kupovina 6 komada<\/strong><\/p>\n<p>Superpremium kompletna vla\u017ena hrana za pse, namenjena za odrasle pse.<\/p>\n<p>Bez \u017eitarica &#8211; smanjuje rizik od intolerancije na hranu.<\/p>\n<p><strong>Uputstvo za hranjenj<\/strong>e: za najbolji ukus slu\u017eite na sobnoj temperaturi. Sam&#8217;s Field vre\u0107ica mo\u017ee se poslu\u017eiti kao potpuna hrana, preliv ili neodoljiva u\u017eina. Pobrinite se da va\u0161 pas uvek ima na raspolaganju \u010diniju sa sve\u017eom vodom.<\/p>\n<p>Nakon otvaranja \u010duvati u fri\u017eideru i potro\u0161iti u roku od 3 dana.<\/p>\n<p>Najbolje upotrebiti do \/ referentni broj serije: utisnutog na pakovanju.<\/p>\n<p>\u010cuvati na hladnom i suvom mestu za\u0161ti\u0107enom od direktne sun\u010deve svetlosti.<\/p>\n<p>Neto koli\u010dina: 260 g.<\/p>\n<p>Proizvo\u0111a\u010d: VAFO PRAHA s.r.o., K Br\u016fdku 94, Chr\u00e1\u0161\u0165any, 252 19 \u010ce\u0161ka Republika, Reg.Br: CZ800175-01\/02\/03\/06, exp.Br. CZ939, www.samsfield.com<\/p>\n\n    <div class=\"xs_social_share_widget xs_share_url after_content \t\tmain_content  wslu-style-1 wslu-share-box-shaped wslu-fill-colored wslu-none wslu-share-horizontal wslu-theme-font-no wslu-main_content\">\n\n\t\t\n        <ul>\n\t\t\t        <\/ul>\n    <\/div>","protected":false},"excerpt":{"rendered":"<p>Sam&#8217;s Field True Meat Govedina sa Teletinom, \u0160argarepom i Brusnicom za pse<\/p>","protected":false},"featured_media":24240,"comment_status":"closed","ping_status":"closed","template":"","meta":{"_acf_changed":false},"pwb-brand":[917],"product_cat":[47,50],"product_tag":[],"class_list":{"0":"post-29786","1":"product","2":"type-product","3":"status-publish","4":"has-post-thumbnail","6":"pwb-brand-sams-field","7":"product_cat-psi","8":"product_cat-vlazna-hrana-za-pse","10":"first","11":"instock","12":"taxable","13":"shipping-taxable","14":"purchasable","15":"product-type-simple"},"acf":[],"brands":[{"id":917,"name":"Sams Field","slug":"sams-field"}],"_links":{"self":[{"href":"https:\/\/pawz.rs\/en\/wp-json\/wp\/v2\/product\/29786","targetHints":{"allow":["GET"]}}],"collection":[{"href":"https:\/\/pawz.rs\/en\/wp-json\/wp\/v2\/product"}],"about":[{"href":"https:\/\/pawz.rs\/en\/wp-json\/wp\/v2\/types\/product"}],"replies":[{"embeddable":true,"href":"https:\/\/pawz.rs\/en\/wp-json\/wp\/v2\/comments?post=29786"}],"wp:featuredmedia":[{"embeddable":true,"href":"https:\/\/pawz.rs\/en\/wp-json\/wp\/v2\/media\/24240"}],"wp:attachment":[{"href":"https:\/\/pawz.rs\/en\/wp-json\/wp\/v2\/media?parent=29786"}],"wp:term":[{"taxonomy":"pwb-brand","embeddable":true,"href":"https:\/\/pawz.rs\/en\/wp-json\/wp\/v2\/pwb-brand?post=29786"},{"taxonomy":"product_cat","embeddable":true,"href":"https:\/\/pawz.rs\/en\/wp-json\/wp\/v2\/product_cat?post=29786"},{"taxonomy":"product_tag","embeddable":true,"href":"https:\/\/pawz.rs\/en\/wp-json\/wp\/v2\/product_tag?post=29786"}],"curies":[{"name":"wp","href":"https:\/\/api.w.org\/{rel}","templated":true}]}}