{"id":29918,"date":"2024-09-06T10:43:10","date_gmt":"2024-09-06T08:43:10","guid":{"rendered":"https:\/\/pawz.rs\/?post_type=product&#038;p=29918"},"modified":"2026-02-06T19:43:03","modified_gmt":"2026-02-06T18:43:03","slug":"cavalor-oilmega-2-l","status":"publish","type":"product","link":"https:\/\/pawz.rs\/en\/cavalor-oilmega-2-l\/","title":{"rendered":"Cavalor Oilmega 2 l"},"content":{"rendered":"<div class=\"col-md-12 text-center\">\n<div class=\"col-md-12 text-center\">\n<div class=\"col-md-12 text-center\">\n<div class=\"col-md-12 text-center\">\n<div class=\"col-md-12 text-center\">\n<div class=\"col-md-12 text-center\">\n<div id=\"model-response-message-contentr_5f5d41fa23391bd2\" class=\"markdown markdown-main-panel stronger enable-updated-hr-color\" dir=\"ltr\" aria-live=\"polite\" aria-busy=\"false\">\n<h2 data-path-to-node=\"0\">Cavalor OilMega: Optimalan balans masnih kiselina i digestivna podr\u0161ka<\/h2>\n<p data-path-to-node=\"1\"><b data-path-to-node=\"1\" data-index-in-node=\"0\">Cavalor OilMega<\/b> je visokokvalitetni te\u010dni dodatak ishrani koji donosi idealno izbalansiranu me\u0161avinu specifi\u010dnih masnih kiselina i inovativnog NAB (Natural Anti-Biotics) kompleksa. Ovaj preparat nije samo izvor zdrave energije, ve\u0107 aktivno doprinosi zdravlju celokupnog organizma, pru\u017eaju\u0107i vidljive rezultate na dlaci, ali i na unutra\u0161njem zdravlju konja.<\/p>\n<p data-path-to-node=\"2\">Zahvaljuju\u0107i NAB sastojcima, OilMega pozitivno uti\u010de na crevnu floru uni\u0161tavaju\u0107i patogene bakterije, \u010dime se ja\u010da imunitet direktno iz digestivnog trakta.<\/p>\n<h3 data-path-to-node=\"3\">Klju\u010dne prednosti za zdravlje i izgled:<\/h3>\n<ul>\n<li data-path-to-node=\"4,0,0\"><b data-path-to-node=\"4,0,0\" data-index-in-node=\"0\">Savr\u0161en balans Omega-3 i Omega-6:<\/b> Obezbe\u0111uje pravilan odnos masnih kiselina koje smanjuju upalne procese i podr\u017eavaju rad srca i zglobova.<\/li>\n<li data-path-to-node=\"4,1,0\"><b data-path-to-node=\"4,1,0\" data-index-in-node=\"0\">Podr\u0161ka crevnoj flori:<\/b> NAB kompleks deluje selektivno na bakterije u crevima, podsti\u010du\u0107i razvoj dobrih, a eliminaciju \u0161tetnih mikroorganizama.<\/li>\n<li data-path-to-node=\"4,2,0\"><b data-path-to-node=\"4,2,0\" data-index-in-node=\"0\">Vrhunski kvalitet dlake:<\/b> Visoka koncentracija vitamina E i zdravih masti daje dlaci dubok sjaj i zdrav izgled.<\/li>\n<li data-path-to-node=\"4,3,0\"><b data-path-to-node=\"4,3,0\" data-index-in-node=\"0\">Izvor \u010diste energije:<\/b> Pru\u017ea konju stabilnu energiju koja ne izaziva prenadra\u017eenost, \u0161to je idealno za sportska grla.<\/li>\n<li data-path-to-node=\"4,4,0\"><b data-path-to-node=\"4,4,0\" data-index-in-node=\"0\">Antioksidativna za\u0161tita:<\/b> Velika doza vitamina E \u0161titi \u0107elije od oksidativnog stresa i podr\u017eava funkciju mi\u0161i\u0107a.<\/li>\n<\/ul>\n<h3 data-path-to-node=\"5\">Sastav i delovanje:<\/h3>\n<ul>\n<li data-path-to-node=\"6,0,0\"><b data-path-to-node=\"6,0,0\" data-index-in-node=\"0\">Me\u0161avina biljnih ulja:<\/b> Bogat izvor omega masnih kiselina koje su neophodne za elasti\u010dnost \u0107elija.<\/li>\n<li data-path-to-node=\"6,1,0\"><b data-path-to-node=\"6,1,0\" data-index-in-node=\"0\">NAB (Natural Anti-Biotics):<\/b> Prirodne komponente koje deluju antibakterijski unutar digestivnog sistema.<\/li>\n<li data-path-to-node=\"6,2,0\"><b data-path-to-node=\"6,2,0\" data-index-in-node=\"0\">Vitamin E:<\/b> Sna\u017ean antioksidans koji pobolj\u0161ava apsorpciju ulja i \u0161titi tkiva.<\/li>\n<\/ul>\n<h3 data-path-to-node=\"7\">Doziranje i na\u010din primene:<\/h3>\n<ul>\n<li data-path-to-node=\"8,0,0\"><b data-path-to-node=\"8,0,0\" data-index-in-node=\"0\">Prva nedelja:<\/b> Preliti 100 ml preko dnevnog obroka hrane.<\/li>\n<li data-path-to-node=\"8,1,0\"><b data-path-to-node=\"8,1,0\" data-index-in-node=\"0\">Od druge nedelje nadalje:<\/b> Preliti 50 ml preko hrane.<\/li>\n<li data-path-to-node=\"8,2,0\"><b data-path-to-node=\"8,2,0\" data-index-in-node=\"0\">Trajanje tretmana:<\/b> Za optimalne rezultate davati minimalno 30 dana (preporu\u010dena kura je 60 dana).<\/li>\n<li data-path-to-node=\"8,3,0\"><b data-path-to-node=\"8,3,0\" data-index-in-node=\"0\">Va\u017ena napomena:<\/b> Preparat treba uvoditi postepeno u preporu\u010denim dozama kako bi se izbeglo nadimanje, gubitak apetita ili pojava re\u0111e stolice kod osetljivih konja.<\/li>\n<\/ul>\n<h3 data-path-to-node=\"9\">Pawz.rs savet:<\/h3>\n<p data-path-to-node=\"10\"><b data-path-to-node=\"10\" data-index-in-node=\"0\">Cavalor OilMega<\/b> na <b data-path-to-node=\"10\" data-index-in-node=\"19\">Pawz.rs<\/b> smatramo jednim od najboljih dodataka za konje koji imaju problema sa varenjem ili su skloni kolikama usled disbalansa crevne flore. Za razliku od obi\u010dnih ulja, OilMega ne optere\u0107uje jetru i pru\u017ea mnogo vi\u0161e od same estetske promene na dlaci. Posebno ga preporu\u010dujemo u prelaznim periodima linjanja i pre po\u010detka intenzivne takmi\u010darske sezone kako bi se organizam konja o\u010distio od patogena i pripremio za napore. Redovna upotreba ovog ulja na <b data-path-to-node=\"10\" data-index-in-node=\"470\">Pawz.rs<\/b> pokazala je da konji postaju mirniji, a njihova mi\u0161i\u0107na masa dobija na volumenu zahvaljuju\u0107i boljoj apsorpciji svih nutrijenata iz hrane.<\/p>\n<\/div>\n<\/div>\n<\/div>\n<\/div>\n<\/div>\n<\/div>\n<p>Proizvo\u0111a\u010d: Versele Laga Kapellestraat 70 9800 DEINZE<br \/>\nZemlja porekla: Belgija<\/p>\n<\/div>\n\n    <div class=\"xs_social_share_widget xs_share_url after_content \t\tmain_content  wslu-style-1 wslu-share-box-shaped wslu-fill-colored wslu-none wslu-share-horizontal wslu-theme-font-no wslu-main_content\">\n\n\t\t\n        <ul>\n\t\t\t        <\/ul>\n    <\/div>","protected":false},"excerpt":{"rendered":"<p>Cavalor Oilmega je dodatak koji sadr\u017ei me\u0161avinu masnih kiselina<\/p>","protected":false},"featured_media":29906,"comment_status":"open","ping_status":"closed","template":"","meta":{"_acf_changed":false},"pwb-brand":[1152],"product_cat":[1147,1149],"product_tag":[1542],"class_list":{"0":"post-29918","1":"product","2":"type-product","3":"status-publish","4":"has-post-thumbnail","6":"pwb-brand-cavalor","7":"product_cat-konji","8":"product_cat-dodaci-ishrani-za-konje","9":"product_tag-uuuuuuu43782946394u8327439782","11":"first","12":"instock","13":"taxable","14":"shipping-taxable","15":"purchasable","16":"product-type-simple"},"acf":[],"brands":[{"id":1152,"name":"Cavalor","slug":"cavalor"}],"_links":{"self":[{"href":"https:\/\/pawz.rs\/en\/wp-json\/wp\/v2\/product\/29918","targetHints":{"allow":["GET"]}}],"collection":[{"href":"https:\/\/pawz.rs\/en\/wp-json\/wp\/v2\/product"}],"about":[{"href":"https:\/\/pawz.rs\/en\/wp-json\/wp\/v2\/types\/product"}],"replies":[{"embeddable":true,"href":"https:\/\/pawz.rs\/en\/wp-json\/wp\/v2\/comments?post=29918"}],"wp:featuredmedia":[{"embeddable":true,"href":"https:\/\/pawz.rs\/en\/wp-json\/wp\/v2\/media\/29906"}],"wp:attachment":[{"href":"https:\/\/pawz.rs\/en\/wp-json\/wp\/v2\/media?parent=29918"}],"wp:term":[{"taxonomy":"pwb-brand","embeddable":true,"href":"https:\/\/pawz.rs\/en\/wp-json\/wp\/v2\/pwb-brand?post=29918"},{"taxonomy":"product_cat","embeddable":true,"href":"https:\/\/pawz.rs\/en\/wp-json\/wp\/v2\/product_cat?post=29918"},{"taxonomy":"product_tag","embeddable":true,"href":"https:\/\/pawz.rs\/en\/wp-json\/wp\/v2\/product_tag?post=29918"}],"curies":[{"name":"wp","href":"https:\/\/api.w.org\/{rel}","templated":true}]}}