{"id":30005,"date":"2024-09-10T17:34:35","date_gmt":"2024-09-10T15:34:35","guid":{"rendered":"https:\/\/pawz.rs\/?post_type=product&#038;p=30005"},"modified":"2025-06-29T19:55:43","modified_gmt":"2025-06-29T17:55:43","slug":"happy-dog-naturceoq-junior-15kg","status":"publish","type":"product","link":"https:\/\/pawz.rs\/en\/happy-dog-naturceoq-junior-15kg\/","title":{"rendered":"Happy Dog Naturcroq Junior 15kg"},"content":{"rendered":"<p><strong>Happy Dog Naturcroq Junior 15kg<\/strong><\/p>\n<p>ODNOS \/ PROTEINI MASTI: 26% \/ 13%<\/p>\n<p>Za juniore i mlade pse od 6 meseci starosti.<\/p>\n<p>Savr\u0161eno prilago\u0111ena potrebama mladih pasa za optimalan rast.\u00a0 Shodno tome Happy Dog NaturCroq Junior je hrana prilago\u0111ena potrebama mladih pasa i osigurava skladan i zdrav rast i razvoj. Ima ni\u017ei energetski sadr\u017eaj, a prilago\u0111en je i sadr\u017eaj proteina. Formulacija za hranu, sa vrednim \u017eivotinjskim proteinima i vrednim \u017eitaricama regionalnog porekla, osigurava optimalan razvoj. Vrijedne Omega-3 i Omega-6 masne kiseline osiguravaju sjajnu i zdravu dlaku.<\/p>\n<p><strong>Sastav:<\/strong><br \/>\nBelan\u010devine peradi dehidrirani, p\u0161eni\u010dno bra\u0161no, kukuruzno bra\u0161no, pirin\u010dano bra\u0161no, kukuruz od cjelovitog zrna, mesno bra\u0161no, prera\u0111ene \u017eivotinjske belan\u010devine, mast peradi, gove\u0111a mast, riblje bra\u0161no, hidrolizovana jetra, repina pulpa dehidrirana (bez \u0161e\u0107era), komina jabuke dehidrirana (1,0%), kvasci dehidrirani, cjeloviti je\u010dam, natrijum hlorid, mrkva dehidrirani, zelena zob dehidrirani, suncokret dehidrirani (0,09 %), kres dehidrirani, per\u0161in dehidrirani, (ukupno zeleno bilje: 0,3 %); \u00a0dehidrirani) suho.<\/p>\n<p><strong>Analytical composition: <\/strong><br \/>\nSirove belan\u010devine 26,0 %, sirove masti 13,0 %, sirova vlakna 2,5 %, sirovi pepeo 7,0 %, kalcijum 1,6 %, fosfor 1,0 %, natrijum 0,3 %, kalijum 0,5 %, magnezijum 0,11 %, omega-6 masne kiseline 2,0 %, omega 3 masne kiseline 0,2 %.<\/p>\n<p><strong>Vitamini\/kg:<\/strong><br \/>\nVitamin A (3a672a) 18000 IU, vitamin D3 (3a671) 1000 IU, folna kiselina (3a316) 4 mg<\/p>\n<p><strong>Elementi u tragovima\/kg: <\/strong><br \/>\nGvo\u017e\u0111e (gvo\u017e\u0111e(II) sulfat, monohidrat 3b103) 60 mg, bakar (bakar(II) sulfat pentahidrat 3b405) 13 mg, cink (cinkov oksid 3b603) 100 mg, mangan (mangan(II) oksid 3b502) 10 mg, jod ( kalcijev jodat, bezvodni 3b202) 2,7 mg, selen (natrijev selenit 3b801) 0,18 mg.<\/p>\n<p><strong>Antioksidansi:<\/strong> tokoferolom bogati ekstrakti iz biljnih ulja 1b306(i)<\/p>\n<p>Serve food in dry form with available fresh water.<br \/>\nFor your pet&#039;s health, consult a veterinarian regularly.<\/p>\n<p>Store the product in a dry, dark and cool place.<\/p>\n<p>Proizvo\u0111a\u010d: Interquell GmbH<br \/>\nCountry of origin: Germany<\/p>\n\n    <div class=\"xs_social_share_widget xs_share_url after_content \t\tmain_content  wslu-style-1 wslu-share-box-shaped wslu-fill-colored wslu-none wslu-share-horizontal wslu-theme-font-no wslu-main_content\">\n\n\t\t\n        <ul>\n\t\t\t        <\/ul>\n    <\/div>","protected":false},"excerpt":{"rendered":"<p>Happy Dog Naturcroq Junior je suva hrana namenjena mladim psima od 6 meseci starosti<\/p>","protected":false},"featured_media":33260,"comment_status":"closed","ping_status":"closed","template":"","meta":{"_acf_changed":false},"pwb-brand":[1170],"product_cat":[47,48,49],"product_tag":[],"class_list":{"0":"post-30005","1":"product","2":"type-product","3":"status-publish","4":"has-post-thumbnail","6":"pwb-brand-happy-dog","7":"product_cat-psi","8":"product_cat-hrana-za-pse","9":"product_cat-granule-za-pse","11":"first","12":"instock","13":"taxable","14":"shipping-taxable","15":"purchasable","16":"product-type-simple"},"acf":[],"brands":[{"id":1170,"name":"Happy Dog","slug":"happy-dog"}],"_links":{"self":[{"href":"https:\/\/pawz.rs\/en\/wp-json\/wp\/v2\/product\/30005","targetHints":{"allow":["GET"]}}],"collection":[{"href":"https:\/\/pawz.rs\/en\/wp-json\/wp\/v2\/product"}],"about":[{"href":"https:\/\/pawz.rs\/en\/wp-json\/wp\/v2\/types\/product"}],"replies":[{"embeddable":true,"href":"https:\/\/pawz.rs\/en\/wp-json\/wp\/v2\/comments?post=30005"}],"wp:featuredmedia":[{"embeddable":true,"href":"https:\/\/pawz.rs\/en\/wp-json\/wp\/v2\/media\/33260"}],"wp:attachment":[{"href":"https:\/\/pawz.rs\/en\/wp-json\/wp\/v2\/media?parent=30005"}],"wp:term":[{"taxonomy":"pwb-brand","embeddable":true,"href":"https:\/\/pawz.rs\/en\/wp-json\/wp\/v2\/pwb-brand?post=30005"},{"taxonomy":"product_cat","embeddable":true,"href":"https:\/\/pawz.rs\/en\/wp-json\/wp\/v2\/product_cat?post=30005"},{"taxonomy":"product_tag","embeddable":true,"href":"https:\/\/pawz.rs\/en\/wp-json\/wp\/v2\/product_tag?post=30005"}],"curies":[{"name":"wp","href":"https:\/\/api.w.org\/{rel}","templated":true}]}}