{"id":30008,"date":"2024-09-10T17:34:34","date_gmt":"2024-09-10T15:34:34","guid":{"rendered":"https:\/\/pawz.rs\/?post_type=product&#038;p=30008"},"modified":"2025-06-29T19:55:43","modified_gmt":"2025-06-29T17:55:43","slug":"happy-dog-naturcroq-kroketi-xxl-adult-15kg","status":"publish","type":"product","link":"https:\/\/pawz.rs\/en\/happy-dog-naturcroq-kroketi-xxl-adult-15kg\/","title":{"rendered":"Happy Dog Naturcroq Kroketi XXL Adult 15kg"},"content":{"rendered":"<p><strong>Happy Dog Naturcroq Kroketi XXL Adult 15kg<\/strong><\/p>\n<p>ODNOS \/ PROTEINI MASTI: 21% \/ 10%<\/p>\n<p>Hrana sa izuzetno velikim granulama posebno dizajnirana za odrasle velike pse.<br \/>\nVisokovredne \u017eivotinjske belan\u010devine i vrijedne cele \u017eitarice regionalnog porekla, \u00a0osiguravaju psu sve potrebne hranjive materija i vitamine. Prirodni sastav tako\u0111e \u010dine hranu lako svarljivom.<\/p>\n<p>Veli\u010dina granula u je posebno je dizajnirana za ve\u0107e pse, kako bi se spre\u010dilo njihovo prebrzo gutanje. Sadr\u017eaj hranjivih materija optimalno je prilago\u0111en energetskim potrebama velikih pasmina. Poseduje optimalan odnos hranjivih materija sa umerenim sadr\u017eajem proteina i prilago\u0111enim udelom masti.<\/p>\n<p>Jedinstvena formulacija je pobolj\u0161ana vrednim lokalno uzgojenim biljem.<\/p>\n<p><strong>Sastav:<\/strong><br \/>\nBelan\u010devine peradi dehidrirani(14%), p\u0161eni\u010dno bra\u0161no, p\u0161enica cjelovitog zrna, kukuruz cjelovitog zrna, kukuruzno bra\u0161no, je\u010dam cjelovitog zrna, mast peradi, gove\u0111a mast, riblje bra\u0161no, prera\u0111eni \u017eivotinjski proteini, rezanci repe dehidrirani (bez \u0161e\u0107era), hidrolizovana jetra, hemoglobin dehidrirani , komina jabuke dehidrirana (1,0 %), kvasci dehidrirani, mrkva dehidrirani, natrijum hlorid, zelena zob dehidrirani, suncokret dehidrirani (0,08 %), kre\u0161a dehidrirani, per\u0161in dehidrirani, meso dagnji dehidrirano, (ukupno zeleno bilje: 0,3 %); \u00a0dehidrirani) suho<\/p>\n<p><strong>Analytical composition: <\/strong><br \/>\nSirove belan\u010devine 21,0 %, sirove masti 10,0 %, sirova vlakna 3,0 %, sirovi pepeo 5,5 %, kalcijum 1,2 %, fosfor 0,85 %, natrijum 0,25 %, kalijum 0,45 %, magnezijum 0,12 %, omega-6 masne kiseline 2,0 % , omega 3 masne kiseline 0,2 %<\/p>\n<p><strong>Vitamini\/kg: <\/strong><br \/>\nVitamin A (3a672a) 18000 IU, vitamin D3 (3a671) 1000 IU<\/p>\n<p><strong>Elementi u tragovima\/kg: <\/strong><br \/>\nGvo\u017e\u0111e (gvo\u017e\u0111e(II) sulfat, monohidrat 3b103) 55 mg, bakar (bakar(II) sulfat pentahidrat 3b405) 12 mg, cink (cinkov oksid 3b603) 95 mg, mangan (mangan(II) oksid 3b502) 10 mg, jod ( kalcijev jodat, bezvodni 3b202) 2,5 mg, selen (natrijev selenit 3b801) 0,17 mg.<\/p>\n<p><strong>Antioksidansi:<\/strong> tokoferolom bogati ekstrakti iz biljnih ulja 1b306(i)<\/p>\n<p>Serve food in dry form with available fresh water.<br \/>\nFor your pet&#039;s health, consult a veterinarian regularly.<\/p>\n<p>Store the product in a dry, dark and cool place.<\/p>\n<p>Proizvo\u0111a\u010d: Interquell GmbH<br \/>\nCountry of origin: Germany<\/p>\n\n    <div class=\"xs_social_share_widget xs_share_url after_content \t\tmain_content  wslu-style-1 wslu-share-box-shaped wslu-fill-colored wslu-none wslu-share-horizontal wslu-theme-font-no wslu-main_content\">\n\n\t\t\n        <ul>\n\t\t\t        <\/ul>\n    <\/div>","protected":false},"excerpt":{"rendered":"<p>Happy Dog Naturcroq Kroketi XXL Adult je suva hrana namenjena odraslim psima uisklju\u010divo velike rase, zbog velike veli\u010dine granula<\/p>","protected":false},"featured_media":33255,"comment_status":"closed","ping_status":"closed","template":"","meta":{"_acf_changed":false},"pwb-brand":[1170],"product_cat":[47,48,49],"product_tag":[],"class_list":{"0":"post-30008","1":"product","2":"type-product","3":"status-publish","4":"has-post-thumbnail","6":"pwb-brand-happy-dog","7":"product_cat-psi","8":"product_cat-hrana-za-pse","9":"product_cat-granule-za-pse","11":"first","12":"instock","13":"taxable","14":"shipping-taxable","15":"purchasable","16":"product-type-simple"},"acf":[],"brands":[{"id":1170,"name":"Happy Dog","slug":"happy-dog"}],"_links":{"self":[{"href":"https:\/\/pawz.rs\/en\/wp-json\/wp\/v2\/product\/30008","targetHints":{"allow":["GET"]}}],"collection":[{"href":"https:\/\/pawz.rs\/en\/wp-json\/wp\/v2\/product"}],"about":[{"href":"https:\/\/pawz.rs\/en\/wp-json\/wp\/v2\/types\/product"}],"replies":[{"embeddable":true,"href":"https:\/\/pawz.rs\/en\/wp-json\/wp\/v2\/comments?post=30008"}],"wp:featuredmedia":[{"embeddable":true,"href":"https:\/\/pawz.rs\/en\/wp-json\/wp\/v2\/media\/33255"}],"wp:attachment":[{"href":"https:\/\/pawz.rs\/en\/wp-json\/wp\/v2\/media?parent=30008"}],"wp:term":[{"taxonomy":"pwb-brand","embeddable":true,"href":"https:\/\/pawz.rs\/en\/wp-json\/wp\/v2\/pwb-brand?post=30008"},{"taxonomy":"product_cat","embeddable":true,"href":"https:\/\/pawz.rs\/en\/wp-json\/wp\/v2\/product_cat?post=30008"},{"taxonomy":"product_tag","embeddable":true,"href":"https:\/\/pawz.rs\/en\/wp-json\/wp\/v2\/product_tag?post=30008"}],"curies":[{"name":"wp","href":"https:\/\/api.w.org\/{rel}","templated":true}]}}