{"id":30018,"date":"2024-09-07T11:15:41","date_gmt":"2024-09-07T09:15:41","guid":{"rendered":"https:\/\/pawz.rs\/?post_type=product&#038;p=30018"},"modified":"2025-06-29T19:56:38","modified_gmt":"2025-06-29T17:56:38","slug":"happy-cat-za-sterilisane-macke-jagnjetinja-10kg","status":"publish","type":"product","link":"https:\/\/pawz.rs\/en\/happy-cat-za-sterilisane-macke-jagnjetinja-10kg\/","title":{"rendered":"Happy Cat za Sterilisane Ma\u010dke Jagnjetinja 10kg"},"content":{"rendered":"<p>Happy Cat za Sterilisane Ma\u010dke Jagnjetinja 10kg<\/p>\n<p>84% PROTEINA \u017dIVOTINJSKOG POREKLA<\/p>\n<p>Jagnjetina,ruzmarin i mlecni cicak, specijalno razvijena hrana za sterilisane ma\u010dke. Dobro izbalansirana ishrana je ukusna i zadovoljavajuca, sa samo 10,5% masti. uklju\u010deni minerali takode podr\u017eavaju srecan, zdrav i aktivan \u017eivot ma\u010daka.<\/p>\n<p>Serve food in dry form with available fresh water.<br \/>\nFor your pet&#039;s health, consult a veterinarian regularly.<\/p>\n<p>Store the product in a dry, dark and cool place.<\/p>\n<p>Proizvo\u0111a\u010d: Interquell GmbH<br \/>\nCountry of origin: Germany<\/p>\n\n    <div class=\"xs_social_share_widget xs_share_url after_content \t\tmain_content  wslu-style-1 wslu-share-box-shaped wslu-fill-colored wslu-none wslu-share-horizontal wslu-theme-font-no wslu-main_content\">\n\n\t\t\n        <ul>\n\t\t\t        <\/ul>\n    <\/div>","protected":false},"excerpt":{"rendered":"<p>Happy Cat hrana za Sterilisane Ma\u010dke sa ukusom Jagnjetinje<\/p>","protected":false},"featured_media":33299,"comment_status":"closed","ping_status":"closed","template":"","meta":{"_acf_changed":false},"pwb-brand":[1236,1170],"product_cat":[23,21,149],"product_tag":[],"class_list":{"0":"post-30018","1":"product","2":"type-product","3":"status-publish","4":"has-post-thumbnail","6":"pwb-brand-happy-cat","7":"pwb-brand-happy-dog","8":"product_cat-macke","9":"product_cat-hrana-za-macke","10":"product_cat-granule-za-macke","12":"first","13":"instock","14":"taxable","15":"shipping-taxable","16":"purchasable","17":"product-type-simple"},"acf":[],"brands":[{"id":1236,"name":"Happy Cat","slug":"happy-cat"},{"id":1170,"name":"Happy Dog","slug":"happy-dog"}],"_links":{"self":[{"href":"https:\/\/pawz.rs\/en\/wp-json\/wp\/v2\/product\/30018","targetHints":{"allow":["GET"]}}],"collection":[{"href":"https:\/\/pawz.rs\/en\/wp-json\/wp\/v2\/product"}],"about":[{"href":"https:\/\/pawz.rs\/en\/wp-json\/wp\/v2\/types\/product"}],"replies":[{"embeddable":true,"href":"https:\/\/pawz.rs\/en\/wp-json\/wp\/v2\/comments?post=30018"}],"wp:featuredmedia":[{"embeddable":true,"href":"https:\/\/pawz.rs\/en\/wp-json\/wp\/v2\/media\/33299"}],"wp:attachment":[{"href":"https:\/\/pawz.rs\/en\/wp-json\/wp\/v2\/media?parent=30018"}],"wp:term":[{"taxonomy":"pwb-brand","embeddable":true,"href":"https:\/\/pawz.rs\/en\/wp-json\/wp\/v2\/pwb-brand?post=30018"},{"taxonomy":"product_cat","embeddable":true,"href":"https:\/\/pawz.rs\/en\/wp-json\/wp\/v2\/product_cat?post=30018"},{"taxonomy":"product_tag","embeddable":true,"href":"https:\/\/pawz.rs\/en\/wp-json\/wp\/v2\/product_tag?post=30018"}],"curies":[{"name":"wp","href":"https:\/\/api.w.org\/{rel}","templated":true}]}}