{"id":30026,"date":"2024-09-11T17:48:27","date_gmt":"2024-09-11T15:48:27","guid":{"rendered":"https:\/\/pawz.rs\/?post_type=product&#038;p=30026"},"modified":"2025-06-29T19:54:51","modified_gmt":"2025-06-29T17:54:51","slug":"happy-dog-bali-mini-xs-1-3kg","status":"publish","type":"product","link":"https:\/\/pawz.rs\/en\/happy-dog-bali-mini-xs-1-3kg\/","title":{"rendered":"Happy Dog Bali Mini XS 1.3kg"},"content":{"rendered":"<p><strong>Happy Dog Bali Mini XS 1.3kg<\/strong><\/p>\n<p>ODNOS \/ PROTEINI MASTI: 27% \/ 16%<\/p>\n<p>Hrana sa piletinom i kurkumom namenjena za ishranu odraslih pasa malih rasa.<\/p>\n<p>Namenjena psima do 5 kg telesne mase.<\/p>\n<p>Hrana bez glutena sa visokom sadr\u017eajem Omega-3 i Omega-6 masnih kiselina, podsti\u010du sjajnu dlaku i zdravu ko\u017eu.<br \/>\nYucca Schidigera poma\u017ee u smanjenju mirisa stolice, a lako svarljivi sastav u kombinaciji sa kurkumom poma\u017eu u regulisanju probave i kontroli koli\u010dine stolice.<\/p>\n<p>Veli\u010dina granula je prilago\u0111ena zubalu jako malih pasa.<\/p>\n<p><strong>Sastav: <\/strong><br \/>\nPile\u0107e meso dehidrirano (27%), pirina\u010d, pirin\u010dano bra\u0161no, pirin\u010dani protein, mast peradi, repina pulpa dehidrirana (bez \u0161e\u0107era), laneno seme, suncokretovo ulje, komina jabuke dehidrirana (1,3%), hidrolizovana jetra, celuloza, hidrolizovana riba dehidrirana, natrijum hlorid, repi\u010dino ulje, kukuruz, kvasac dehidrirani, morske alge dehidrirana, cikorija u prahu (0,15% = 0,1% inulin), kvasac dehidrirani (ekstrakt 0,2% = 0,016% manan-oligosaharidi), Yucca shidigera dehidrirana (0,1%), meso dagnji dehidriranoo, kurkuma (0,05%), \u010di\u010dak, arti\u010doka, masla\u010dak, \u0111umbir, list breze, kopriva, kamilica, korijander, ruzmarin, kadulja, sladi\u0107, maj\u010dina du\u0161ica (Osu\u0161ene biljke, ukupno: 0,16%);<\/p>\n<p><strong>Analytical composition:<\/strong><br \/>\nSirove belan\u010devine 27,0%, sirove masti 16,0%, sirova vlakna 3,5%, sirovi pepeo 8,5%, kalcijum 1,4%, fosfor 1,0%, natrijum 0,6%, kalijum 0,7%, magnezijum 0,08%, Omega-6 masne kiseline 4,0%, Omega- 3 masne kiseline 0,4%<\/p>\n<p><strong>Vitamini\/kg: <\/strong><br \/>\nVitamin A (3a672a) 14000 I.E., Vitamin D3 (3a671) 800 I.E., Vitamin E (all-rac-alpha-tocopheryl acetate 3a700) 100 mg, Vitamin B1 (Tiamin mononitrat 3a821) 3 mg, Vitamin B2 (Riboflavin 3a825ii) 3 mg , Vitamin B6 (Piridoksin hidrohlorid 3a831) 3 mg, Biotin (3a880) 395 mcg, Kalcij-D pantotenat (3a841) 8 mg, Niacin (3a314) 40 mg, Vitamin B12 55 mcg, Kolin hlorid (3a890) 55 mg.<\/p>\n<p><strong>Elementi u tragovima\/kg:<\/strong><br \/>\nGvo\u017e\u0111e (gvo\u017e\u0111e(II)sulfat monohidrat 3b103) 105 mg, bakar (bakar(II) sulfat pentahidrat 3b405) 10 mg, cink (cinkov oksid 3b603 80 mg, cinkov kelat aminokiselina, hidrat 3b606 25 mg) 105 mg, mangan (mangan(II)oksid 3b502) 25 mg, jod (kalcijev jodat, bezvodni 3b202) 2 mg, selen (natrijum selenit 3b801) 0,15 mg. Antioksidans, ekstrakti tokoferola iz biljnih ulja 1b306(i).<\/p>\n<p>Serve food in dry form with available fresh water.<br \/>\nFor your pet&#039;s health, consult a veterinarian regularly.<\/p>\n<p>Store the product in a dry, dark and cool place.<\/p>\n<p>Proizvo\u0111a\u010d: Interquell GmbH<br \/>\nCountry of origin: Germany<\/p>\n\n    <div class=\"xs_social_share_widget xs_share_url after_content \t\tmain_content  wslu-style-1 wslu-share-box-shaped wslu-fill-colored wslu-none wslu-share-horizontal wslu-theme-font-no wslu-main_content\">\n\n\t\t\n        <ul>\n\t\t\t        <\/ul>\n    <\/div>","protected":false},"excerpt":{"rendered":"<p>Happy Dog Bali Mini XS je hrana namenjena odraslim psima malih rasa, te\u017eine do 5 kg<\/p>","protected":false},"featured_media":33231,"comment_status":"closed","ping_status":"closed","template":"","meta":{"_acf_changed":false},"pwb-brand":[1170],"product_cat":[47,48,49],"product_tag":[209],"class_list":{"0":"post-30026","1":"product","2":"type-product","3":"status-publish","4":"has-post-thumbnail","6":"pwb-brand-happy-dog","7":"product_cat-psi","8":"product_cat-hrana-za-pse","9":"product_cat-granule-za-pse","10":"product_tag-bez-glutena","12":"first","13":"instock","14":"taxable","15":"shipping-taxable","16":"purchasable","17":"product-type-simple"},"acf":[],"brands":[{"id":1170,"name":"Happy Dog","slug":"happy-dog"}],"_links":{"self":[{"href":"https:\/\/pawz.rs\/en\/wp-json\/wp\/v2\/product\/30026","targetHints":{"allow":["GET"]}}],"collection":[{"href":"https:\/\/pawz.rs\/en\/wp-json\/wp\/v2\/product"}],"about":[{"href":"https:\/\/pawz.rs\/en\/wp-json\/wp\/v2\/types\/product"}],"replies":[{"embeddable":true,"href":"https:\/\/pawz.rs\/en\/wp-json\/wp\/v2\/comments?post=30026"}],"wp:featuredmedia":[{"embeddable":true,"href":"https:\/\/pawz.rs\/en\/wp-json\/wp\/v2\/media\/33231"}],"wp:attachment":[{"href":"https:\/\/pawz.rs\/en\/wp-json\/wp\/v2\/media?parent=30026"}],"wp:term":[{"taxonomy":"pwb-brand","embeddable":true,"href":"https:\/\/pawz.rs\/en\/wp-json\/wp\/v2\/pwb-brand?post=30026"},{"taxonomy":"product_cat","embeddable":true,"href":"https:\/\/pawz.rs\/en\/wp-json\/wp\/v2\/product_cat?post=30026"},{"taxonomy":"product_tag","embeddable":true,"href":"https:\/\/pawz.rs\/en\/wp-json\/wp\/v2\/product_tag?post=30026"}],"curies":[{"name":"wp","href":"https:\/\/api.w.org\/{rel}","templated":true}]}}