{"id":30028,"date":"2024-09-13T18:06:52","date_gmt":"2024-09-13T16:06:52","guid":{"rendered":"https:\/\/pawz.rs\/?post_type=product&#038;p=30028"},"modified":"2025-06-29T19:54:53","modified_gmt":"2025-06-29T17:54:53","slug":"happy-cat-minkas-piletina","status":"publish","type":"product","link":"https:\/\/pawz.rs\/en\/happy-cat-minkas-piletina\/","title":{"rendered":"Happy Cat Minkas Piletina"},"content":{"rendered":"<p><strong>Happy Cat Minkas Piletina<\/strong><\/p>\n<p>81% PROTEINA \u017dIVOTINJSKOG POREKLA<\/p>\n<p>Izbalansirana kompletna ishrana je posebno prilagodena potrebama osetljivih ma\u010daka. Od 4. meseca<\/p>\n<p><strong>Sastav:<\/strong><br \/>\nProtein \u017eivine ** (25%), kukuruz, mesno bra\u0161no, p\u0161eni\u010dno bra\u0161no, p\u0161enica, kukuruzno bra\u0161no, lignoceluloza, riblje bra\u0161no, masnoc\u0301a peradi, pulpa repe (desugared), suncokretovo ulje, jabu\u010dna pita *, natrijum hlorid, kalijum hlorid, ulja uljane repice, Yucca schidigera * (0,04%); * osu\u0161eni, ** osu\u0161eni, delimi\u010dno hidrolizovani.<\/p>\n<p><strong>Analytical composition:<br \/>\n<\/strong>Sirovi protein 33,0%, sirova masnoc\u0301a 9,0%, sirova vlakna 5,0%, pepeo sirova 5,5%, kalcijum 1,05%, fosfor 0,7%, natrijum 0,45%, kalijum 0,65%, magnezijum 0,1%, omega 6 masne kiseline 2,0%, omega 3 masna kiselina kiseline 0,2%.<\/p>\n<p><strong>DODACI (po kg):<\/strong><br \/>\nVitamin A (3a672a) 15000 IE, vitamin D3 (3a671) 1250 IE, vitamin E (all-rac-alfa-tokoferil acetat 3a700) 75 mg, taurin (3a370) 1000 mg, antioksidans: ekstrakti bogati tokoferolom iz biljna ulja 1b306 (i). Elementi u tragovima \/ kg: gvo\u017e\u0111e (gvo\u017e\u0111e (II) sulfat; monohidrat 3b103) 130 mg, bakar (bakar (II) sulfat pentahidrat 3b405) 12 mg, cink (cink oksid 3b603) 100 mg, mangan (mangan (II) oksid; 3b502 ) 15 mg, jod (kalcijum jodat; bezvodni 3b202) 1,5 mg, selen (E8; natrijum selenit) 0,15 mg, aminokiseline \/ kg: DL metionin (3c301) 4500 mg.<\/p>\n<p>Serve food in dry form with available fresh water.<br \/>\nFor your pet&#039;s health, consult a veterinarian regularly.<\/p>\n<p>Store the product in a dry, dark and cool place.<\/p>\n<p>Proizvo\u0111a\u010d: Interquell GmbH<br \/>\nCountry of origin: Germany<\/p>\n\n    <div class=\"xs_social_share_widget xs_share_url after_content \t\tmain_content  wslu-style-1 wslu-share-box-shaped wslu-fill-colored wslu-none wslu-share-horizontal wslu-theme-font-no wslu-main_content\">\n\n\t\t\n        <ul>\n\t\t\t        <\/ul>\n    <\/div>","protected":false},"excerpt":{"rendered":"<p>Happy Cat Minkas Piletina je kompletna hrana za odrasle ma\u010dke, sa piletinom<\/p>","protected":false},"featured_media":33288,"comment_status":"closed","ping_status":"closed","template":"","meta":{"_acf_changed":false},"pwb-brand":[1236,1170],"product_cat":[23,21,149],"product_tag":[],"class_list":{"0":"post-30028","1":"product","2":"type-product","3":"status-publish","4":"has-post-thumbnail","6":"pwb-brand-happy-cat","7":"pwb-brand-happy-dog","8":"product_cat-macke","9":"product_cat-hrana-za-macke","10":"product_cat-granule-za-macke","12":"first","13":"instock","14":"taxable","15":"shipping-taxable","16":"purchasable","17":"product-type-variable","18":"has-default-attributes"},"acf":[],"brands":[{"id":1236,"name":"Happy Cat","slug":"happy-cat"},{"id":1170,"name":"Happy Dog","slug":"happy-dog"}],"_links":{"self":[{"href":"https:\/\/pawz.rs\/en\/wp-json\/wp\/v2\/product\/30028","targetHints":{"allow":["GET"]}}],"collection":[{"href":"https:\/\/pawz.rs\/en\/wp-json\/wp\/v2\/product"}],"about":[{"href":"https:\/\/pawz.rs\/en\/wp-json\/wp\/v2\/types\/product"}],"replies":[{"embeddable":true,"href":"https:\/\/pawz.rs\/en\/wp-json\/wp\/v2\/comments?post=30028"}],"wp:featuredmedia":[{"embeddable":true,"href":"https:\/\/pawz.rs\/en\/wp-json\/wp\/v2\/media\/33288"}],"wp:attachment":[{"href":"https:\/\/pawz.rs\/en\/wp-json\/wp\/v2\/media?parent=30028"}],"wp:term":[{"taxonomy":"pwb-brand","embeddable":true,"href":"https:\/\/pawz.rs\/en\/wp-json\/wp\/v2\/pwb-brand?post=30028"},{"taxonomy":"product_cat","embeddable":true,"href":"https:\/\/pawz.rs\/en\/wp-json\/wp\/v2\/product_cat?post=30028"},{"taxonomy":"product_tag","embeddable":true,"href":"https:\/\/pawz.rs\/en\/wp-json\/wp\/v2\/product_tag?post=30028"}],"curies":[{"name":"wp","href":"https:\/\/api.w.org\/{rel}","templated":true}]}}