{"id":30030,"date":"2024-09-13T18:06:53","date_gmt":"2024-09-13T16:06:53","guid":{"rendered":"https:\/\/pawz.rs\/?post_type=product&#038;p=30030"},"modified":"2025-06-29T19:54:52","modified_gmt":"2025-06-29T17:54:52","slug":"happy-cat-minkas-kitten","status":"publish","type":"product","link":"https:\/\/pawz.rs\/en\/happy-cat-minkas-kitten\/","title":{"rendered":"Happy Cat Minkas Kitten"},"content":{"rendered":"<p><strong>Happy Cat Minkas Kitten<\/strong><\/p>\n<p>86% PROTEINA \u017dIVOTINJSKOG POREKLA<\/p>\n<p>Kompletna hrana\u00a0za\u00a0 ma\u010di\u0107e\u00a0od 4. nedelje do 6 meseci starosti.<\/p>\n<p>Izbalansirana formula pru\u017ea sve neophodne hranljive materije za pravilan i uravnote\u017een rast i razvoj ma\u010deta. Hrana u svom sastavu poseduje dragocene proteine \u017eivotinjskog porekla i hrskave komponente \u017eitarica \u0161to rezultira visokom prihva\u0107eno\u0161\u0107u hrane od strane ma\u010di\u0107a. Ne sadr\u017ei soju, ve\u0161ta\u010dke arome i konzervanse.<\/p>\n<p><strong>Sastav: <\/strong><br \/>\nProteini \u017eivinskog mesa, \u017eivinska mast, pahuljice od krompira, kukuruzno bra\u0161no, p\u0161enica, kukuruz, \u010dvarci, riblje bra\u0161no, odresci od repne melase (oslobo\u0111eni od \u0161e\u0107era), ligno celuloza, suncokretovo ulje, dro\u017edine jabuke, natrijumhlorid, ulje od uljane repice; (su\u0161eno, delimi\u010dno hidrolizirano, su\u0161eno).<\/p>\n<p><strong>Analytical composition:<\/strong><br \/>\nSirovi protein 32,0%, sirova mast 18,0%, sirova vlakna 2,5%, sirov pepeo 6,0%, kalcijum 1,3%, fosfor 0,9%, natrijum 0,45%, kalijum 0,5%, magnezijum 0,08%, omega\u20116 masne kiseline 3,0%, omega\u20113 masne kiseline 0,25%.<\/p>\n<p><strong>Hranljivi dodaci\/kg:<\/strong><br \/>\nVtamin A (3a672a) 15000 I.E., vitamin D3 (E671) 1250 I.E., vitamin E (all rac\u2011alfa\u2011tocoferilacetat 3a700) 75 mg, antioksidaciono sredstvo, tocoferol ekstrakti od biljnih ulja 1b306(i) , Gvo\u017e\u0111e (E1, gvo\u017e\u0111e(II)sulfat monohidrat) 130 mg, bakar (E4, bakar(II)sulfat pentahidrat) 12 mg, cink (E6, cinkoksid) 100 mg, mangan (E5, mangan(II)oksid) 15 mg, jod (kalcijum\u2011jodat, jodat bez vode 3b202) 1,5 mg, selen (E8, natrijum selenit) 0,15 mg.<\/p>\n<p>Serve food in dry form with available fresh water.<br \/>\nFor your pet&#039;s health, consult a veterinarian regularly.<\/p>\n<p>Store the product in a dry, dark and cool place.<\/p>\n<p>Proizvo\u0111a\u010d: Interquell GmbH<br \/>\nCountry of origin: Germany<\/p>\n\n    <div class=\"xs_social_share_widget xs_share_url after_content \t\tmain_content  wslu-style-1 wslu-share-box-shaped wslu-fill-colored wslu-none wslu-share-horizontal wslu-theme-font-no wslu-main_content\">\n\n\t\t\n        <ul>\n\t\t\t        <\/ul>\n    <\/div>","protected":false},"excerpt":{"rendered":"<p>Happy Cat Minkas Kitten je hrana namenjena ma\u010di\u0107ima<\/p>","protected":false},"featured_media":33287,"comment_status":"closed","ping_status":"closed","template":"","meta":{"_acf_changed":false},"pwb-brand":[1236,1170],"product_cat":[23,21,149],"product_tag":[],"class_list":{"0":"post-30030","1":"product","2":"type-product","3":"status-publish","4":"has-post-thumbnail","6":"pwb-brand-happy-cat","7":"pwb-brand-happy-dog","8":"product_cat-macke","9":"product_cat-hrana-za-macke","10":"product_cat-granule-za-macke","12":"first","13":"instock","14":"taxable","15":"shipping-taxable","16":"purchasable","17":"product-type-variable","18":"has-default-attributes"},"acf":[],"brands":[{"id":1236,"name":"Happy Cat","slug":"happy-cat"},{"id":1170,"name":"Happy Dog","slug":"happy-dog"}],"_links":{"self":[{"href":"https:\/\/pawz.rs\/en\/wp-json\/wp\/v2\/product\/30030","targetHints":{"allow":["GET"]}}],"collection":[{"href":"https:\/\/pawz.rs\/en\/wp-json\/wp\/v2\/product"}],"about":[{"href":"https:\/\/pawz.rs\/en\/wp-json\/wp\/v2\/types\/product"}],"replies":[{"embeddable":true,"href":"https:\/\/pawz.rs\/en\/wp-json\/wp\/v2\/comments?post=30030"}],"wp:featuredmedia":[{"embeddable":true,"href":"https:\/\/pawz.rs\/en\/wp-json\/wp\/v2\/media\/33287"}],"wp:attachment":[{"href":"https:\/\/pawz.rs\/en\/wp-json\/wp\/v2\/media?parent=30030"}],"wp:term":[{"taxonomy":"pwb-brand","embeddable":true,"href":"https:\/\/pawz.rs\/en\/wp-json\/wp\/v2\/pwb-brand?post=30030"},{"taxonomy":"product_cat","embeddable":true,"href":"https:\/\/pawz.rs\/en\/wp-json\/wp\/v2\/product_cat?post=30030"},{"taxonomy":"product_tag","embeddable":true,"href":"https:\/\/pawz.rs\/en\/wp-json\/wp\/v2\/product_tag?post=30030"}],"curies":[{"name":"wp","href":"https:\/\/api.w.org\/{rel}","templated":true}]}}