{"id":30032,"date":"2024-09-13T18:06:52","date_gmt":"2024-09-13T16:06:52","guid":{"rendered":"https:\/\/pawz.rs\/?post_type=product&#038;p=30032"},"modified":"2025-06-29T19:54:51","modified_gmt":"2025-06-29T17:54:51","slug":"happy-cat-minkas-perfect-mix-10-kg","status":"publish","type":"product","link":"https:\/\/pawz.rs\/en\/happy-cat-minkas-perfect-mix-10-kg\/","title":{"rendered":"Happy Cat Minkas Perfect Mix 10 kg"},"content":{"rendered":"<p><strong>Happy Cat Minkas Perfect Mix 10 kg<\/strong><\/p>\n<p>75% PROTEINA \u017dIVOTINJSKOG POREKLA<\/p>\n<p>Kompletna hrana za\u00a0odrasle\u00a0ma\u010dke sa ukusom \u017eivinskog mesa, jagnjetine i ribe.<\/p>\n<p>Uz ove proteine,\u00a0HAPPY CAT Minkas Mix je\u00a0prava je senzacija ukusa za va\u0161u ma\u010dku. Ukusna me\u0161avina biskvita je dobro prihvac\u0301ena i izuzetno se dobro podnosi. Na\u0161 recept s visokim udelom vrednih \u017eivotinjskih proteina je 100% uravnote\u017een i prirodan.<br \/>\nOva ukusna suva hrana sadr\u017ei puno vitamina i minerala za podr\u0161ku imunolo\u0161kom sistemu. Ne sadr\u017ei ve\u0161ta\u010dke arome i konzervanse.<\/p>\n<p><strong>Sastav:<\/strong><br \/>\nProteini \u017eivinskog mesa\u00a0\u00a0** (27%), p\u0161eni\u010dno bra\u0161no, kukuruz, p\u0161enica, kukuruzno bra\u0161no, \u017eivina od peradi, riblje bra\u0161no (3%), janjec\u0301i protein * (2,5%), celulozna pulpa * (desugared), protein krompira *, hemoglobin * , lignoceluloza, suncokretovo ulje, jabukova kora *, natrijum hlorid, kalijum hlorid, uljana repica, Yucca schidigera * (0,04%); * osu\u0161eni, ** osu\u0161eni, delimi\u010dno hidrolizovani<\/p>\n<p><strong>Analytical composition:<\/strong><br \/>\nSirovi protein 30,0%, sirova masnoc\u0301a 12,0%, sirova vlakna 2,5%, pepeo 7,0%, kalcijum 1,3%, fosfor 0,8%, natrijum 0,35%, kalijum 0,65%, magnezijum 0,12%, omega 6 masne kiseline 2,5%, omega 3 masna kiselina kiseline 0,35%<\/p>\n<p>Serve food in dry form with available fresh water.<br \/>\nFor your pet&#039;s health, consult a veterinarian regularly.<\/p>\n<p>Store the product in a dry, dark and cool place.<\/p>\n<p>Proizvo\u0111a\u010d: Interquell GmbH<br \/>\nCountry of origin: Germany<\/p>\n\n    <div class=\"xs_social_share_widget xs_share_url after_content \t\tmain_content  wslu-style-1 wslu-share-box-shaped wslu-fill-colored wslu-none wslu-share-horizontal wslu-theme-font-no wslu-main_content\">\n\n\t\t\n        <ul>\n\t\t\t        <\/ul>\n    <\/div>","protected":false},"excerpt":{"rendered":"<p>Happy Cat Minkas Perfect Mix je me\u0161avina tri vrste ukusa, \u017eivine, jagnjetine i ribe, namenjene ma\u010dkama<\/p>","protected":false},"featured_media":33289,"comment_status":"closed","ping_status":"closed","template":"","meta":{"_acf_changed":false},"pwb-brand":[1236,1170],"product_cat":[23,21,149],"product_tag":[],"class_list":{"0":"post-30032","1":"product","2":"type-product","3":"status-publish","4":"has-post-thumbnail","6":"pwb-brand-happy-cat","7":"pwb-brand-happy-dog","8":"product_cat-macke","9":"product_cat-hrana-za-macke","10":"product_cat-granule-za-macke","12":"first","13":"instock","14":"taxable","15":"shipping-taxable","16":"purchasable","17":"product-type-simple"},"acf":[],"brands":[{"id":1236,"name":"Happy Cat","slug":"happy-cat"},{"id":1170,"name":"Happy Dog","slug":"happy-dog"}],"_links":{"self":[{"href":"https:\/\/pawz.rs\/en\/wp-json\/wp\/v2\/product\/30032","targetHints":{"allow":["GET"]}}],"collection":[{"href":"https:\/\/pawz.rs\/en\/wp-json\/wp\/v2\/product"}],"about":[{"href":"https:\/\/pawz.rs\/en\/wp-json\/wp\/v2\/types\/product"}],"replies":[{"embeddable":true,"href":"https:\/\/pawz.rs\/en\/wp-json\/wp\/v2\/comments?post=30032"}],"wp:featuredmedia":[{"embeddable":true,"href":"https:\/\/pawz.rs\/en\/wp-json\/wp\/v2\/media\/33289"}],"wp:attachment":[{"href":"https:\/\/pawz.rs\/en\/wp-json\/wp\/v2\/media?parent=30032"}],"wp:term":[{"taxonomy":"pwb-brand","embeddable":true,"href":"https:\/\/pawz.rs\/en\/wp-json\/wp\/v2\/pwb-brand?post=30032"},{"taxonomy":"product_cat","embeddable":true,"href":"https:\/\/pawz.rs\/en\/wp-json\/wp\/v2\/product_cat?post=30032"},{"taxonomy":"product_tag","embeddable":true,"href":"https:\/\/pawz.rs\/en\/wp-json\/wp\/v2\/product_tag?post=30032"}],"curies":[{"name":"wp","href":"https:\/\/api.w.org\/{rel}","templated":true}]}}