{"id":30034,"date":"2024-09-10T17:34:36","date_gmt":"2024-09-10T15:34:36","guid":{"rendered":"https:\/\/pawz.rs\/?post_type=product&#038;p=30034"},"modified":"2025-06-29T19:55:43","modified_gmt":"2025-06-29T17:55:43","slug":"happy-dog-naturcroq-active-15kg","status":"publish","type":"product","link":"https:\/\/pawz.rs\/en\/happy-dog-naturcroq-active-15kg\/","title":{"rendered":"Happy Dog Naturcroq Active 15kg"},"content":{"rendered":"<p><strong>Happy Dog Naturcroq Active 15kg<\/strong><\/p>\n<p>ODNOS \/ PROTEINI MASTI: 24% \/ 18%<\/p>\n<p>Hrana namenjena odraslim psima sa ve\u0107im energetskim potrebama.<\/p>\n<p>Hrana je napravljena od najboljih prirodnih sastojaka iz Bavarske. Kombinacija visokovrednih belan\u010devina iz peradi i ribe, zajedno sa vrednim Omega-3 i Omega-6 masnim kiselinama iz suncokretovog ulja i ulja repice, daje lako dostupnu energiju bez preteranog optere\u0107ivanja organizma.<\/p>\n<p>Proizvodi od celih \u017eitarica vredan su izvor vlakana, reguli\u0161u crevnu funkciju i pospe\u0161uju probavu. Osim toga, proizvodi od celih \u017eitarica snabdevaju organizam brojnim vitaminima B grupe i mineralima, poput magnezijuma, gvo\u017e\u0111a, selena i cinka, te su puni slo\u017eenih ugljenih hidrata. Ova ukusna formulacija oboga\u0107ena je vrednim lokalno uzgojenim biljem koje pru\u017ea vredne hranjive materija iz prirodnih izvora.<\/p>\n<p><strong>Sastav: <\/strong><br \/>\nBelan\u010devine peradi dehidrirani (13,5%), p\u0161eni\u010dno bra\u0161no, p\u0161enica cjelovitog zrna, kukuruzno bra\u0161no, mast peradi, gove\u0111a mast, je\u010dam cjelovitog zrna, kukuruz cjelovitog zrna, mesno bra\u0161no, prera\u0111eni \u017eivotinjski protein, hemoglobin dehidrirani, hidrolizovana jetra, riblje bra\u0161no (1,5%) , repina pulpa dehidrirana (bez \u0161e\u0107era), suncokretovo ulje (0,9 %), komina jabuke dehidrirana (0,7 %), kvasci dehidrirani, kalijum hlorid, ulje uljane repice (0,2 %), mrkva dehidrirani, natrijum hlorid, zelena zob dehidrirani, suncokret dehidrirani (0,08) %), kres dehidrirani, per\u0161in dehidrirani, meso dagnji dehidrirano, (ukupno zeleno bilje: 0,3 %); \u00a0dehidrirani) suho<\/p>\n<p><strong>Analytical composition: <\/strong><br \/>\nSirove belan\u010devine 24,0 %, sirove masti 18,0 %, sirova vlakna 2,0 %, sirovi pepeo 5,5 %, kalcijum 1,2 %, fosfor 0,8 %, natrijum 0,25 %, kalijum 0,6 %, magnezijum 0,1 %, omega-6 masne kiseline 3,0 % , omega-3 masne kiseline 0,3 %. Energetska vrednost: ME 4020 kcal\/kg<\/p>\n<p><strong>Vitamini\/kg:<\/strong><br \/>\nVitamin A (3a672a) 12000 IU, vitamin D3 (3a671) 700 IU. Elementi u tragovima\/kg: Gvo\u017e\u0111e (gvo\u017e\u0111e(II) sulfat, monohidrat 3b103) 60 mg, bakar (bakar(II) sulfat pentahidrat 3b405) 12 mg, cink (cinkov oksid 3b603) 100 mg, mangan (mangan(II) oksid 3b502) 10 mg, jod (kalcijev jodat, bezvodni 3b202) 2,6 mg, selen (natrijev selenit 3b801) 0,18 mg<\/p>\n<p><strong>Antioksidansi:<\/strong> tokoferolom bogati ekstrakti iz biljnih ulja 1b306(i)<\/p>\n<p>Serve food in dry form with available fresh water.<br \/>\nFor your pet&#039;s health, consult a veterinarian regularly.<\/p>\n<p>Store the product in a dry, dark and cool place.<\/p>\n<p>Proizvo\u0111a\u010d: Interquell GmbH<br \/>\nCountry of origin: Germany<\/p>\n\n    <div class=\"xs_social_share_widget xs_share_url after_content \t\tmain_content  wslu-style-1 wslu-share-box-shaped wslu-fill-colored wslu-none wslu-share-horizontal wslu-theme-font-no wslu-main_content\">\n\n\t\t\n        <ul>\n\t\t\t        <\/ul>\n    <\/div>","protected":false},"excerpt":{"rendered":"<p>Happy Dog Naturcroq Active je kompletna hrana za veoma aktivne pse<\/p>","protected":false},"featured_media":33259,"comment_status":"closed","ping_status":"closed","template":"","meta":{"_acf_changed":false},"pwb-brand":[1170],"product_cat":[47,48,49],"product_tag":[],"class_list":{"0":"post-30034","1":"product","2":"type-product","3":"status-publish","4":"has-post-thumbnail","6":"pwb-brand-happy-dog","7":"product_cat-psi","8":"product_cat-hrana-za-pse","9":"product_cat-granule-za-pse","11":"first","12":"instock","13":"taxable","14":"shipping-taxable","15":"purchasable","16":"product-type-simple"},"acf":[],"brands":[{"id":1170,"name":"Happy Dog","slug":"happy-dog"}],"_links":{"self":[{"href":"https:\/\/pawz.rs\/en\/wp-json\/wp\/v2\/product\/30034","targetHints":{"allow":["GET"]}}],"collection":[{"href":"https:\/\/pawz.rs\/en\/wp-json\/wp\/v2\/product"}],"about":[{"href":"https:\/\/pawz.rs\/en\/wp-json\/wp\/v2\/types\/product"}],"replies":[{"embeddable":true,"href":"https:\/\/pawz.rs\/en\/wp-json\/wp\/v2\/comments?post=30034"}],"wp:featuredmedia":[{"embeddable":true,"href":"https:\/\/pawz.rs\/en\/wp-json\/wp\/v2\/media\/33259"}],"wp:attachment":[{"href":"https:\/\/pawz.rs\/en\/wp-json\/wp\/v2\/media?parent=30034"}],"wp:term":[{"taxonomy":"pwb-brand","embeddable":true,"href":"https:\/\/pawz.rs\/en\/wp-json\/wp\/v2\/pwb-brand?post=30034"},{"taxonomy":"product_cat","embeddable":true,"href":"https:\/\/pawz.rs\/en\/wp-json\/wp\/v2\/product_cat?post=30034"},{"taxonomy":"product_tag","embeddable":true,"href":"https:\/\/pawz.rs\/en\/wp-json\/wp\/v2\/product_tag?post=30034"}],"curies":[{"name":"wp","href":"https:\/\/api.w.org\/{rel}","templated":true}]}}