{"id":30040,"date":"2024-09-10T17:34:37","date_gmt":"2024-09-10T15:34:37","guid":{"rendered":"https:\/\/pawz.rs\/?post_type=product&#038;p=30040"},"modified":"2025-06-29T19:55:43","modified_gmt":"2025-06-29T17:55:43","slug":"happy-dog-naturcroq-govedina-i-pirinac-15kg","status":"publish","type":"product","link":"https:\/\/pawz.rs\/en\/happy-dog-naturcroq-govedina-i-pirinac-15kg\/","title":{"rendered":"Happy Dog Naturcroq Govedina i Pirina\u010d 15kg"},"content":{"rendered":"<p><strong>Happy Dog Naturcroq Govedina i Pirina\u010d 15kg<\/strong><\/p>\n<p>ODNOS \/ PROTEINI MASTI: 22% \/ 9%<\/p>\n<div id=\"tab-description\" class=\"woocommerce-Tabs-panel woocommerce-Tabs-panel--description panel entry-content wc-tab\" role=\"tabpanel\" aria-labelledby=\"tab-title-description\">\n<p>Happy Dog NaturCroq Beef and Rice je kompletna, suva hrana za pse sa govedinom i pirin\u010dem za pse sa srednjom do neznatnom energetskom potrebom. NaturCroq Beef and Rice je visoko svarljiva hrana koja je pogodna za odrasle pse svih rasa. Sadr\u017ei visoko kvalitetne sastojke kao \u0161to su govedina, pirina\u010d, integralne \u017eitarice, lekovito bilje i mnoge vitamine i minerale koji su potrebni za uravnote\u017eenu ishranu va\u0161eg psa.<\/p>\n<p><strong>Sastav<\/strong>:<br \/>\nP\u0161enica, p\u0161eni\u010dno bra\u0161no, kukuruz, pirin\u010dano bra\u0161no, bra\u0161no govedjeg mesa, bra\u0161no \u017eivinskog mesa, \u017eivinske masno\u0107e, hidrolizator \u017eivinskog mesa, riblje bra\u0161no, premix minerala, melasa \u0161nicle, kvasac-su\u0161eni, premix povr\u0107a, slad od je\u010dmenih klica, premix vitamina.<\/p>\n<p><strong>Analiti\u010dki sastav<\/strong>:<br \/>\nSirovi protein 22%, svarljivi sirovi protein 19,8%, sirova masno\u0107a 8%, sirova vlakna 3%, sirovi pepeo 8,5%, vla\u017enost 10%.<\/p>\n<p><strong>Nutritivni dodaci po kg<\/strong>:<br \/>\nKalcijum 1,6%, fosfor 0,9%, natrijum 0,25%, magnezijum 0,1%.<\/p>\n<p>Proizvod je dostupan u pakovanju od 15kg.<\/p>\n<\/div>\n<p>Serve food in dry form with available fresh water.<br \/>\nFor your pet&#039;s health, consult a veterinarian regularly.<\/p>\n<p>Store the product in a dry, dark and cool place.<\/p>\n<p>Proizvo\u0111a\u010d: Interquell GmbH<br \/>\nCountry of origin: Germany<\/p>\n\n    <div class=\"xs_social_share_widget xs_share_url after_content \t\tmain_content  wslu-style-1 wslu-share-box-shaped wslu-fill-colored wslu-none wslu-share-horizontal wslu-theme-font-no wslu-main_content\">\n\n\t\t\n        <ul>\n\t\t\t        <\/ul>\n    <\/div>","protected":false},"excerpt":{"rendered":"<p>Happy Dog Naturcroq Govedina i Pirina\u010d je kompletna suva hrana za odrasle pse svih rasa<\/p>","protected":false},"featured_media":33258,"comment_status":"closed","ping_status":"closed","template":"","meta":{"_acf_changed":false},"pwb-brand":[1170],"product_cat":[47,48,49],"product_tag":[],"class_list":{"0":"post-30040","1":"product","2":"type-product","3":"status-publish","4":"has-post-thumbnail","6":"pwb-brand-happy-dog","7":"product_cat-psi","8":"product_cat-hrana-za-pse","9":"product_cat-granule-za-pse","11":"first","12":"instock","13":"taxable","14":"shipping-taxable","15":"purchasable","16":"product-type-simple"},"acf":[],"brands":[{"id":1170,"name":"Happy Dog","slug":"happy-dog"}],"_links":{"self":[{"href":"https:\/\/pawz.rs\/en\/wp-json\/wp\/v2\/product\/30040","targetHints":{"allow":["GET"]}}],"collection":[{"href":"https:\/\/pawz.rs\/en\/wp-json\/wp\/v2\/product"}],"about":[{"href":"https:\/\/pawz.rs\/en\/wp-json\/wp\/v2\/types\/product"}],"replies":[{"embeddable":true,"href":"https:\/\/pawz.rs\/en\/wp-json\/wp\/v2\/comments?post=30040"}],"wp:featuredmedia":[{"embeddable":true,"href":"https:\/\/pawz.rs\/en\/wp-json\/wp\/v2\/media\/33258"}],"wp:attachment":[{"href":"https:\/\/pawz.rs\/en\/wp-json\/wp\/v2\/media?parent=30040"}],"wp:term":[{"taxonomy":"pwb-brand","embeddable":true,"href":"https:\/\/pawz.rs\/en\/wp-json\/wp\/v2\/pwb-brand?post=30040"},{"taxonomy":"product_cat","embeddable":true,"href":"https:\/\/pawz.rs\/en\/wp-json\/wp\/v2\/product_cat?post=30040"},{"taxonomy":"product_tag","embeddable":true,"href":"https:\/\/pawz.rs\/en\/wp-json\/wp\/v2\/product_tag?post=30040"}],"curies":[{"name":"wp","href":"https:\/\/api.w.org\/{rel}","templated":true}]}}