{"id":30046,"date":"2024-09-13T18:06:47","date_gmt":"2024-09-13T16:06:47","guid":{"rendered":"https:\/\/pawz.rs\/?post_type=product&#038;p=30046"},"modified":"2025-06-29T19:54:53","modified_gmt":"2025-06-29T17:54:53","slug":"happy-cat-adult-jagnjetina","status":"publish","type":"product","link":"https:\/\/pawz.rs\/en\/happy-cat-adult-jagnjetina\/","title":{"rendered":"Happy Cat Adult Jagnjetina"},"content":{"rendered":"<p><strong>Happy Cat Adult Jagnjetina<\/strong><\/p>\n<p>74% PROTEINA \u017dIVOTINJSKOG POREKLA<\/p>\n<p>Kompletna hrana za sve odrasle ma\u010dke,\u00a0sadr\u017ei\u00a0lako svarljivo jagnje\u0107e meso i ukusno \u017eivinsko meso. Fina receptura se proizvodi\u00a0bez ribljeg mesa.<br \/>\nOriginalno meso novozelandske \u0161koljke i laneno seme mogu da podr\u017eavaju zglobove i imuni sistem.<\/p>\n<p><strong>Sastav:<br \/>\n<\/strong>Proteini \u017eivinskog mesa** (21,0%), bra\u0161no od ri\u017ee, kukuruzno bra\u0161no, \u017eivinska mast, \u010dvarci, kukuruz, proteini jagne\u0107eg mesa** (8%), pahuljice od krompira, celuloza*, odresci od repne melasel* (oslobo\u0111eni od \u0161e\u0107era), su\u0161eno celo jaje, natrijumhlorid, kvasac*, dro\u017edine jabuke* (0,4%), kalijumhlorid, morske alge* (0,2%), seme lana (0,2%), meso \u0161koljke* (0,04%), koren cikorijel* (0,04%), kvasacl* (ekstrakt), gujina trava, arti\u010doka, masla\u010dak, \u0111umruk, listovi breze, kopriva, kamilica, korijander, ruzmarin, \u017ealfija, koren slatkog drveta, maj\u010dina du\u0161ica (su\u0161eno lekovito bilje ukupno: 0,17%);**) su\u0161eno, delimi\u010dno hidroliziran, *)<\/p>\n<p><strong>Analytical composition:<br \/>\n<\/strong>Sirovi protein 32,0%, sirova mast 18,0%, sirova vlakna 3,0%, sirov pepeo 7,0%, kalcijum 1,4%, fosfor 0,9%, natrijum 0,45%, kalijum\u00a00,65%, magnezijum 0,08%, Omega 6 masne kiseline 2,8% Omega\u20113 masne kiseline 0,3%<\/p>\n<p><b>Nutritivni dodaci<\/b><strong>\/ kg:<\/strong><br \/>\nVitamin A (3a672a) 18000 I.E., vitamin D3 (E671) 1800 I.E., vitamin E (all\u2011rac\u2011alfa\u2011tocoferilacetat 3a700) 100 mg, vitamin B1 (tiamin mononitrat 3a821) 5 mg, vitamin B2 (riboflavin) 6 mg, vitamin B6 (piridoksin hidroklorid 3a831) 4 mg, D(plus) biotin (3a880) 700 mcg, D\u2011pantotenat kalcijum 12 mg, nijacin 45 mg, vitamin B12 75 mcg, holin hlorid 75 mg.<\/p>\n<p><strong>Mikroelementi \/ kg:<br \/>\n<\/strong>Gvo\u017e\u0111e (E1, gvo\u017e\u0111e(II)sulfat monohidrat) 120 mg, bakar (E4, bakar(II)sulfat pentahidrat) 12 mg, cink (E6, cinkoksid, aminokiseline\u2011cink helat, hidrat) 150 mg, mangan (E5, mangan(II)oksid) 30 mg, jod (kalcijum\u2011jodat, jodat bez vode 3b202) 2,5 mg, selen (E8, natrijum selenit) 0,2 mg.<\/p>\n<p>Serve food in dry form with available fresh water.<br \/>\nFor your pet&#039;s health, consult a veterinarian regularly.<\/p>\n<p>Store the product in a dry, dark and cool place.<\/p>\n<p>Proizvo\u0111a\u010d: Interquell GmbH<br \/>\nCountry of origin: Germany<\/p>\n\n    <div class=\"xs_social_share_widget xs_share_url after_content \t\tmain_content  wslu-style-1 wslu-share-box-shaped wslu-fill-colored wslu-none wslu-share-horizontal wslu-theme-font-no wslu-main_content\">\n\n\t\t\n        <ul>\n\t\t\t        <\/ul>\n    <\/div>","protected":false},"excerpt":{"rendered":"<p>Happy Cat Adult Jagnjetina je hrana za odrasle ma\u010dke sa jagnjetinom<\/p>","protected":false},"featured_media":33295,"comment_status":"closed","ping_status":"closed","template":"","meta":{"_acf_changed":false},"pwb-brand":[1236,1170],"product_cat":[23,21,149],"product_tag":[],"class_list":{"0":"post-30046","1":"product","2":"type-product","3":"status-publish","4":"has-post-thumbnail","6":"pwb-brand-happy-cat","7":"pwb-brand-happy-dog","8":"product_cat-macke","9":"product_cat-hrana-za-macke","10":"product_cat-granule-za-macke","12":"first","13":"instock","14":"taxable","15":"shipping-taxable","16":"purchasable","17":"product-type-variable","18":"has-default-attributes"},"acf":[],"brands":[{"id":1236,"name":"Happy Cat","slug":"happy-cat"},{"id":1170,"name":"Happy Dog","slug":"happy-dog"}],"_links":{"self":[{"href":"https:\/\/pawz.rs\/en\/wp-json\/wp\/v2\/product\/30046","targetHints":{"allow":["GET"]}}],"collection":[{"href":"https:\/\/pawz.rs\/en\/wp-json\/wp\/v2\/product"}],"about":[{"href":"https:\/\/pawz.rs\/en\/wp-json\/wp\/v2\/types\/product"}],"replies":[{"embeddable":true,"href":"https:\/\/pawz.rs\/en\/wp-json\/wp\/v2\/comments?post=30046"}],"wp:featuredmedia":[{"embeddable":true,"href":"https:\/\/pawz.rs\/en\/wp-json\/wp\/v2\/media\/33295"}],"wp:attachment":[{"href":"https:\/\/pawz.rs\/en\/wp-json\/wp\/v2\/media?parent=30046"}],"wp:term":[{"taxonomy":"pwb-brand","embeddable":true,"href":"https:\/\/pawz.rs\/en\/wp-json\/wp\/v2\/pwb-brand?post=30046"},{"taxonomy":"product_cat","embeddable":true,"href":"https:\/\/pawz.rs\/en\/wp-json\/wp\/v2\/product_cat?post=30046"},{"taxonomy":"product_tag","embeddable":true,"href":"https:\/\/pawz.rs\/en\/wp-json\/wp\/v2\/product_tag?post=30046"}],"curies":[{"name":"wp","href":"https:\/\/api.w.org\/{rel}","templated":true}]}}