{"id":30050,"date":"2024-09-12T17:50:48","date_gmt":"2024-09-12T15:50:48","guid":{"rendered":"https:\/\/pawz.rs\/?post_type=product&#038;p=30050"},"modified":"2025-06-29T19:54:51","modified_gmt":"2025-06-29T17:54:51","slug":"happy-dog-vet-sano-n-7-5kg","status":"publish","type":"product","link":"https:\/\/pawz.rs\/en\/happy-dog-vet-sano-n-7-5kg\/","title":{"rendered":"Happy Dog Vet Sano N 7.5kg"},"content":{"rendered":"<p><strong>Happy Dog Vet Sano N 7.5kg<\/strong><\/p>\n<p>Kompletna dijetalna hrana za pse za potporu bubre\u017enoj funkciji u slu\u010daju hroni\u010dne bubre\u017ene insuficijencije.<\/p>\n<p>Ovaj posebno ukusan recept sa jajima kao izvorom proteina, lososom i mesnim obrokom podsti\u010de konzumaciju hrane i osigurava unos hranjivih materija.<br \/>\nNivo fosfora i natrijuma su prilago\u0111ene potrebama pasa sa bubre\u017enim problemima. Smanjeni sadr\u017eaj proteina \u010dini dijetu posebno prikladnom za pse u uznapredovalim stadijima hroni\u010dne bubre\u017ene insuficijencije. Prilago\u0111ena nivo proteina, fosfora i natrijuma umanjuje stres na bubrege.\u00a0 Antioksidansi i vitamin E ve\u017eu slobodne radikale i osiguravaju aktivnu za\u0161titu \u0107elija.<\/p>\n<p><strong>Sastav:<\/strong><br \/>\nKukuruz, pirin\u010dano bra\u0161no, krompirove pahuljice, mast peradi, gove\u0111a mast, su\u0161eno celo jaje (4 %), bra\u0161no od lososa (4 %), mesno bra\u0161no (2 %), hidrolizovana jetra, repina pulpa dehidrirana (bez \u0161e\u0107era), komina jabuke dehidrirana, kalijum hlorid, natrijum hlorid, kalcijev karbonat, kvasci dehidrirani, je\u010dam, zelena zob dehidrirani, suncokret dehidrirani, kres dehidrirani, per\u0161in dehidrirani, (ukupno su\u0161eni proizvodi prerade ljekovitog bilja: 0,2 %).<\/p>\n<p><strong>Analytical composition: <\/strong><br \/>\nSirove belan\u010devine 12,5 %, sirove masti 14,0 %, sirova vlakna 2,0 %, sirovi pepeo 3,5 %, kalcijum 0,45 %, natrijum 0,25 %, kalijum 0,6 %, magnezijum 0,07 %, fosfor 0,35 %, omega 6 masne kiseline 2,5 %, omega 3 masne kiseline kiseline 0,3 %<\/p>\n<p><strong>Vitamini\/kg: <\/strong><br \/>\nVitamin A (3a672a) 20000 IU, vitamin D3 (3a671) 1200 IU, vitamin E (all-rac-alpha-tocopheryl acetate 3a700) 150 mg, vitamin B1 (tiamin mononitrat 3a821) 5 mg, vitamin B2 (riboflavin 3a825ii) 5 mg , vitamin B6 (piridoksin hidrohlorid 3a831) 5 mg, biotin (3a880) 600 mcg, kalcij-d-pantotenat (3a841) 13 mg, niacin (3a314) 65 mg, vitamin B12 70 mcg<\/p>\n<p><strong>Elementi u tragovima\/kg: <\/strong><br \/>\nGvo\u017e\u0111e (gvo\u017e\u0111e(II) sulfat monohidrat 3b103) 60 mg, bakar (bakar(II) sulfat pentahidrat 3b405) 12 mg, cink (cinkov oksid 3b603) 95 mg, mangan (mangan(II) oksid 3b502) 12 mg, jod (kalcijum jodat, bezvodni 3b202) 2,2 mg, selen (natrijev selenit 3b801) 0,2 mg<\/p>\n<p><strong>Aminokiseline\/kg: <\/strong><br \/>\nL-triptofan (3c440) 1000 mg. Antioksidansi, tokoferolom bogati ekstrakti iz biljnih ulja 1b306(i)<\/p>\n<p>Serve food in dry form with available fresh water.<br \/>\nFor your pet&#039;s health, consult a veterinarian regularly.<\/p>\n<p>Store the product in a dry, dark and cool place.<\/p>\n<p>Proizvo\u0111a\u010d: Interquell GmbH<br \/>\nCountry of origin: Germany<\/p>\n\n    <div class=\"xs_social_share_widget xs_share_url after_content \t\tmain_content  wslu-style-1 wslu-share-box-shaped wslu-fill-colored wslu-none wslu-share-horizontal wslu-theme-font-no wslu-main_content\">\n\n\t\t\n        <ul>\n\t\t\t        <\/ul>\n    <\/div>","protected":false},"excerpt":{"rendered":"<p>Happy Dog Vet Sano N je dijetetska hrana namenjena psima koji imaju problema sa bubre\u017enom insuficijencijom<\/p>","protected":false},"featured_media":30051,"comment_status":"closed","ping_status":"closed","template":"","meta":{"_acf_changed":false},"pwb-brand":[1170],"product_cat":[47,48,49],"product_tag":[],"class_list":{"0":"post-30050","1":"product","2":"type-product","3":"status-publish","4":"has-post-thumbnail","6":"pwb-brand-happy-dog","7":"product_cat-psi","8":"product_cat-hrana-za-pse","9":"product_cat-granule-za-pse","11":"first","12":"instock","13":"taxable","14":"shipping-taxable","15":"purchasable","16":"product-type-simple"},"acf":[],"brands":[{"id":1170,"name":"Happy Dog","slug":"happy-dog"}],"_links":{"self":[{"href":"https:\/\/pawz.rs\/en\/wp-json\/wp\/v2\/product\/30050","targetHints":{"allow":["GET"]}}],"collection":[{"href":"https:\/\/pawz.rs\/en\/wp-json\/wp\/v2\/product"}],"about":[{"href":"https:\/\/pawz.rs\/en\/wp-json\/wp\/v2\/types\/product"}],"replies":[{"embeddable":true,"href":"https:\/\/pawz.rs\/en\/wp-json\/wp\/v2\/comments?post=30050"}],"wp:featuredmedia":[{"embeddable":true,"href":"https:\/\/pawz.rs\/en\/wp-json\/wp\/v2\/media\/30051"}],"wp:attachment":[{"href":"https:\/\/pawz.rs\/en\/wp-json\/wp\/v2\/media?parent=30050"}],"wp:term":[{"taxonomy":"pwb-brand","embeddable":true,"href":"https:\/\/pawz.rs\/en\/wp-json\/wp\/v2\/pwb-brand?post=30050"},{"taxonomy":"product_cat","embeddable":true,"href":"https:\/\/pawz.rs\/en\/wp-json\/wp\/v2\/product_cat?post=30050"},{"taxonomy":"product_tag","embeddable":true,"href":"https:\/\/pawz.rs\/en\/wp-json\/wp\/v2\/product_tag?post=30050"}],"curies":[{"name":"wp","href":"https:\/\/api.w.org\/{rel}","templated":true}]}}