{"id":30067,"date":"2024-09-13T18:06:49","date_gmt":"2024-09-13T16:06:49","guid":{"rendered":"https:\/\/pawz.rs\/?post_type=product&#038;p=30067"},"modified":"2025-06-29T19:54:53","modified_gmt":"2025-06-29T17:54:53","slug":"happy-cat-adult-light","status":"publish","type":"product","link":"https:\/\/pawz.rs\/en\/happy-cat-adult-light\/","title":{"rendered":"Happy Cat Adult Light"},"content":{"rendered":"<p><strong>Happy Cat Adult Light<\/strong><\/p>\n<p>81% PROTEINA \u017dIVOTINJSKOG POREKLA<\/p>\n<p>Kompletna hrana za sve\u00a0odrasle\u00a0ma\u010dke sa smanjenom potrebom za energiju,\u00a0idealna je za\u00a0ma\u010dke sa prekomernom te\u017einom. Lagana, zasi\u0107ena i ukusna hrana sadr\u017ei\u00a0samo 8,5% masti. Time se kod pojedina\u010dno prilago\u0111ene ishrane izbegava prekomerno hranjenje i problemi koji zbog toga nastaju.<\/p>\n<p><strong>Sastav:<\/strong><br \/>\nProteini \u017eivinskog mesa** (24%), kukuruzno bra\u0161no, kukuruz, bra\u0161no od ri\u017ee, \u010dvarci, bra\u0161no od lososa (5%), celuloza*, \u017eivinska mast, odresci od repne melasel* (oslobo\u0111eni od \u0161e\u0107era), su\u0161eno celo jaje, natrijumhlorid, kvasac*, dro\u017edine jabuke* (0,4%), kalijumhlorid, morske alge* (0,2%), seme lana (0,2%), Yucca Schidigera* (0,04%), koren cikorije (0,04%), kvasacl* (ekstrakt), gujina trava, arti\u010doka, masla\u010dak, \u0111umruk, listovi breze, kopriva, kamilica, korijander, ruzmarin, \u017ealfija, koren slatkog drveta, maj\u010dina du\u0161ica (su\u0161eno lekovito bilje ukupno: 0,19%);**) su\u0161eno, delimi\u010dno hidroliziran, *)<\/p>\n<p><strong>Analytical composition:<\/strong><br \/>\nSirovi protein 35%, sirova mast 8,5%, sirova vlakna 4,0%, sirov pepeo 6,5%, kalcijum 1,25%, fosfor 0,8%, natrijum 0,45%, kalijum 0,65%, magnezijum 0,08%, Omega 6 masne kiseline 1,8% Omega\u20113 masne kiseline 0,2%<\/p>\n<p><b>Nutritivni dodaci\/kg:<\/b><br \/>\nVitamin A (3a672a) 18000 I.E., vitamin D3 (E671) 1800 I.E., vitamin E (all\u2011rac\u2011alfa\u2011tocoferilacetat 3a700) 100 mg, vitamin B1 (tiamin mononitrat 3a821) 5 mg, vitamin B2 (riboflavin) 6 mg, vitamin B6 (piridoksin hidroklorid 3a831) 4 mg, D(plus) biotin (3a880) 700 mcg, D\u2011pantotenat kalcijum 12 mg, nijacin 45 mg, vitamin B12 75 mcg, holin hlorid 75 mg.<\/p>\n<p><strong>Mikroelementi\/ kg:<br \/>\n<\/strong>Gvo\u017e\u0111e (E1, gvo\u017e\u0111e(II)sulfat monohidrat) 120 mg, bakar (E4, bakar(II)sulfat pentahidrat) 12 mg, cink (E6, cinkoksid, aminokiseline\u2011cink helat, hidrat) 150 mg, mangan (E5, mangan(II)oksid) 30 mg, jod (kalcijum\u2011jodat, jodat bez vode 3b202) 2,5 mg, selen (E8, natrijum selenit) 0,2 mg<\/p>\n<p>Serve food in dry form with available fresh water.<br \/>\nFor your pet&#039;s health, consult a veterinarian regularly.<\/p>\n<p>Store the product in a dry, dark and cool place.<\/p>\n<p>Proizvo\u0111a\u010d: Interquell GmbH<br \/>\nCountry of origin: Germany<\/p>\n\n    <div class=\"xs_social_share_widget xs_share_url after_content \t\tmain_content  wslu-style-1 wslu-share-box-shaped wslu-fill-colored wslu-none wslu-share-horizontal wslu-theme-font-no wslu-main_content\">\n\n\t\t\n        <ul>\n\t\t\t        <\/ul>\n    <\/div>","protected":false},"excerpt":{"rendered":"<p>Happy Cat Adult Light je hrana namenjena ma\u010dkama koje su sklone gojenju<\/p>","protected":false},"featured_media":33293,"comment_status":"closed","ping_status":"closed","template":"","meta":{"_acf_changed":false},"pwb-brand":[1236,1170],"product_cat":[23,21,149],"product_tag":[],"class_list":{"0":"post-30067","1":"product","2":"type-product","3":"status-publish","4":"has-post-thumbnail","6":"pwb-brand-happy-cat","7":"pwb-brand-happy-dog","8":"product_cat-macke","9":"product_cat-hrana-za-macke","10":"product_cat-granule-za-macke","12":"first","13":"instock","14":"taxable","15":"shipping-taxable","16":"purchasable","17":"product-type-variable","18":"has-default-attributes"},"acf":[],"brands":[{"id":1236,"name":"Happy Cat","slug":"happy-cat"},{"id":1170,"name":"Happy Dog","slug":"happy-dog"}],"_links":{"self":[{"href":"https:\/\/pawz.rs\/en\/wp-json\/wp\/v2\/product\/30067","targetHints":{"allow":["GET"]}}],"collection":[{"href":"https:\/\/pawz.rs\/en\/wp-json\/wp\/v2\/product"}],"about":[{"href":"https:\/\/pawz.rs\/en\/wp-json\/wp\/v2\/types\/product"}],"replies":[{"embeddable":true,"href":"https:\/\/pawz.rs\/en\/wp-json\/wp\/v2\/comments?post=30067"}],"wp:featuredmedia":[{"embeddable":true,"href":"https:\/\/pawz.rs\/en\/wp-json\/wp\/v2\/media\/33293"}],"wp:attachment":[{"href":"https:\/\/pawz.rs\/en\/wp-json\/wp\/v2\/media?parent=30067"}],"wp:term":[{"taxonomy":"pwb-brand","embeddable":true,"href":"https:\/\/pawz.rs\/en\/wp-json\/wp\/v2\/pwb-brand?post=30067"},{"taxonomy":"product_cat","embeddable":true,"href":"https:\/\/pawz.rs\/en\/wp-json\/wp\/v2\/product_cat?post=30067"},{"taxonomy":"product_tag","embeddable":true,"href":"https:\/\/pawz.rs\/en\/wp-json\/wp\/v2\/product_tag?post=30067"}],"curies":[{"name":"wp","href":"https:\/\/api.w.org\/{rel}","templated":true}]}}