{"id":30073,"date":"2024-09-13T18:06:50","date_gmt":"2024-09-13T16:06:50","guid":{"rendered":"https:\/\/pawz.rs\/?post_type=product&#038;p=30073"},"modified":"2025-06-29T19:54:53","modified_gmt":"2025-06-29T17:54:53","slug":"happy-cat-junior","status":"publish","type":"product","link":"https:\/\/pawz.rs\/en\/happy-cat-junior\/","title":{"rendered":"Happy Cat Junior"},"content":{"rendered":"<p><strong>Happy Cat Junior 10kg<\/strong><\/p>\n<p>79% PROTEINA \u017dIVOTINJSKOG POREKLA<\/p>\n<p>Granulirana hrana premium kvaliteta koja je napravljena od visokokvalitenog mesa \u017eivine, lososa i zeca.<strong>\u00a0<\/strong><\/p>\n<p>Ma\u010di\u0107ima\u00a0je potrebna uravnote\u017eena, ukusna i ishrana vrhunskog kvaliteta, kako bi im obezbedili skladan rast i osnovu za dug i zdrav \u017eivot. Optimalan, jedinstven i poja\u010dan Happy Cat Supreme Junior koncept, izra\u0111en od stimulacije prirodnih sastojaka, pru\u017ei\u0107e ekskluzivnu poslasticu za ma\u010di\u0107e starosti od\u00a04\u00a0do 12 meseci.<\/p>\n<p>Tako\u0111e je preporu\u010dljiva i za osetljive ma\u010dke i pogodna je za\u00a0sve rase.\u00a0Sadr\u017ei prirodne sastojke koji obezbe\u0111uju zdravlje, dobar imunitet i koji neguju ko\u017eu i krzno ma\u010dke:<\/p>\n<ul>\n<li>Odabrano bilje &#8211; Sve\u017ee su\u0161eno bilje za stomak, creva i dobru cirkulaciju. Poma\u017eu prirodnom i zdravom varenju.<\/li>\n<li>Jabuka\u00a0i vo\u0107ne komponente &#8211; prirodna pektin (dijetalna) bogata vlakna reguli\u0161u dobro varenje.<\/li>\n<li>Elementi u tragovima &#8211; za optimalno snabdevanje svih va\u017enih elemenata koji su neophodni za \u017eivot i koji spre\u010davaju nedostatke istih.<\/li>\n<li>Koren cikorije\u00a0&#8211; sadr\u017ei prirodno vlakno inulin koje je odgovorno za pobolj\u0161anje crevne flore.<\/li>\n<li>Juka\u00a0&#8211; sadr\u017ei vredne sekundarne biljne materije, kao \u0161to su vitamin C i gvo\u017e\u0111e, i reguli\u0161e neprijatne mirise iz stolice.<\/li>\n<li>Laneno seme\u00a0&#8211; sadr\u017ei va\u017ene Omega 3 i 6 masne kiseline koji obezbe\u0111uju zdravu ko\u017eu i krzno.<\/li>\n<\/ul>\n<p><strong>Sastav:<br \/>\n<\/strong>\u017divinsko meso 17.5%, meso, pirin\u010dano bra\u0161no, kukuruzno bra\u0161no, kukuruz, meso lososa 5%, \u017eivinska masno\u0107a, gove\u0111a mast, meso zeca, hidrolizovana jetra, repa, su\u0161ena jetra, su\u0161ene jabuke 0,7%, jaja u prahu, natrijum hlorid, su\u0161eni kvasac, kalijum hlorid, je\u010dam fermentirani 0,3%, su\u0161ene alge 0,2%, seme lana 0,2%, koren cikorije 0,04%, arti\u010doka, masla\u010dak, \u0111umbir, li\u0161\u0107e breze, kopriva, \u017ealfija, korijander, ruzmarin, timijan, kamilica, divlji beli luk.<\/p>\n<p><strong>Analytical composition:<br \/>\n<\/strong>Protein 34%,\u00a0masno\u0107e 19%, vlakna 2,5%, pepeo 6%,\u00a0kalcijum 1,25%, fosfor 0,85%, natrijum 0,45%. Kalijum 0,45<\/p>\n<p><strong>Vitamini i minerali:<br \/>\n<\/strong>Vitamin A 25000IU, vitamin D3 2000IU, Vitamin E 120mg\/kg, Vitamin B1 6mg\/kg, Vitamin B2 6mg\/kg, Vitamin B6 5mg\/kg, Biotin 1000\u00b5g, Kalcijum D pantontenat 15 mg\/kg, Niacin 60 mg\/kg, Vitamin B12 100\u00b5g, Holin hlorid 75 mg\/kg, antioksidansi, tokoferol, gvo\u017e\u0111e 120mg\/kg, bakar 12 mg\/kg, cink 150 mg\/kg, mangan 30 mg\/kg, jod 2mg\/kg, selen 0,15mg\/kg, Dl metionin 4300mg\/kg, taurin 1000mg\/kg<\/p>\n<p>Serve food in dry form with available fresh water.<br \/>\nFor your pet&#039;s health, consult a veterinarian regularly.<\/p>\n<p>Store the product in a dry, dark and cool place.<\/p>\n<p>Proizvo\u0111a\u010d: Interquell GmbH<br \/>\nCountry of origin: Germany<\/p>\n\n    <div class=\"xs_social_share_widget xs_share_url after_content \t\tmain_content  wslu-style-1 wslu-share-box-shaped wslu-fill-colored wslu-none wslu-share-horizontal wslu-theme-font-no wslu-main_content\">\n\n\t\t\n        <ul>\n\t\t\t        <\/ul>\n    <\/div>","protected":false},"excerpt":{"rendered":"<p>Happy Cat Junior je hrana namenjena ma\u010di\u0107ima od 4 do 12 meseci<\/p>","protected":false},"featured_media":33292,"comment_status":"closed","ping_status":"closed","template":"","meta":{"_acf_changed":false},"pwb-brand":[1236,1170],"product_cat":[23,21,149],"product_tag":[],"class_list":{"0":"post-30073","1":"product","2":"type-product","3":"status-publish","4":"has-post-thumbnail","6":"pwb-brand-happy-cat","7":"pwb-brand-happy-dog","8":"product_cat-macke","9":"product_cat-hrana-za-macke","10":"product_cat-granule-za-macke","12":"first","13":"instock","14":"taxable","15":"shipping-taxable","16":"purchasable","17":"product-type-variable","18":"has-default-attributes"},"acf":[],"brands":[{"id":1236,"name":"Happy Cat","slug":"happy-cat"},{"id":1170,"name":"Happy Dog","slug":"happy-dog"}],"_links":{"self":[{"href":"https:\/\/pawz.rs\/en\/wp-json\/wp\/v2\/product\/30073","targetHints":{"allow":["GET"]}}],"collection":[{"href":"https:\/\/pawz.rs\/en\/wp-json\/wp\/v2\/product"}],"about":[{"href":"https:\/\/pawz.rs\/en\/wp-json\/wp\/v2\/types\/product"}],"replies":[{"embeddable":true,"href":"https:\/\/pawz.rs\/en\/wp-json\/wp\/v2\/comments?post=30073"}],"wp:featuredmedia":[{"embeddable":true,"href":"https:\/\/pawz.rs\/en\/wp-json\/wp\/v2\/media\/33292"}],"wp:attachment":[{"href":"https:\/\/pawz.rs\/en\/wp-json\/wp\/v2\/media?parent=30073"}],"wp:term":[{"taxonomy":"pwb-brand","embeddable":true,"href":"https:\/\/pawz.rs\/en\/wp-json\/wp\/v2\/pwb-brand?post=30073"},{"taxonomy":"product_cat","embeddable":true,"href":"https:\/\/pawz.rs\/en\/wp-json\/wp\/v2\/product_cat?post=30073"},{"taxonomy":"product_tag","embeddable":true,"href":"https:\/\/pawz.rs\/en\/wp-json\/wp\/v2\/product_tag?post=30073"}],"curies":[{"name":"wp","href":"https:\/\/api.w.org\/{rel}","templated":true}]}}