{"id":30077,"date":"2024-09-13T18:06:54","date_gmt":"2024-09-13T16:06:54","guid":{"rendered":"https:\/\/pawz.rs\/?post_type=product&#038;p=30077"},"modified":"2025-06-29T19:54:52","modified_gmt":"2025-06-29T17:54:52","slug":"happy-cat-adult-losos","status":"publish","type":"product","link":"https:\/\/pawz.rs\/en\/happy-cat-adult-losos\/","title":{"rendered":"Happy Cat Adult Losos"},"content":{"rendered":"<p><strong>Happy Cat Adult Losos<\/strong><\/p>\n<p>81% PROTEINA \u017dIVOTINJSKOG POREKLA<\/p>\n<p>Happy Cat Adult Losos je granulirana hrana super premium kvaliteta i namenjena je odraslim ma\u010dkama.<\/p>\n<p>Sadr\u017ei lako svarljive proteine iz visokokvalitenog mesa lososa, zeca i \u017eivine. Dobro izbalansirana, bogata kvalitetnim proteinima i aminokiselinama, ova hrana obezbe\u0111uje potpuno prirodnu ishranu koja nije ogra\u010dena na samo jednom izvoru proteina.<\/p>\n<p>Zahvaljuju\u0107i prilago\u0111enom energetskom i proteinskom sadr\u017eaju, ova hrana se mo\u017ee me\u0161ati sa ostalim Happy Cat granulama. Sadr\u017ei prirodne sastojke koji obezbe\u0111uju zdravlje, dobar imunitet i koji neguju ko\u017eu i krzno ma\u010dke:<\/p>\n<ul>\n<li>Odabrano bilje &#8211; Sve\u017ee su\u0161eno bilje za stomak, creva i dobru cirkulaciju. Poma\u017eu prirodnom i zdravom varenju.<\/li>\n<li>Jabuka i vo\u0107ne komponente &#8211; prirodna pektin (dijetalna) bogata vlakna reguli\u0161u dobro varenje.<\/li>\n<li>Elementi u tragovima &#8211; za optimalno snabdevanje svih va\u017enih elemenata koji su neophodni za \u017eivot i koji spre\u010davaju nedostatke istih.<\/li>\n<li>Koren cikorije &#8211; sadr\u017ei prirodno vlakno inulin koje je odgovorno za pobolj\u0161anje crevne flore.<\/li>\n<li>Juka &#8211; sadr\u017ei vredne sekundarne biljne materije, kao \u0161to su vitamin C i gvo\u017e\u0111e, i reguli\u0161e neprijatne mirise iz stolice.<\/li>\n<li>Laneno seme &#8211; sadr\u017ei va\u017ene Omega 3 i 6 masne kiseline koji obezbe\u0111uju zdravu ko\u017eu i krzno.<\/li>\n<\/ul>\n<p>Ne sadr\u017ei ve\u0161ta\u010dke boje, arome i konzervanse.<\/p>\n<p><strong>Sastav: <\/strong><br \/>\nLososovo mesno bra\u0161no 11%, \u017eivinsko mesno bra\u0161no 11%, \u017eivinsku masno\u0107u, pirin\u010dano bra\u0161no, kukuruzno bra\u0161no, kukuruz, gove\u0111u masno\u0107u 3%, melasa od ze\u010dijeg mesa, hidrolizovana \u017eivinska d\u017eigerica, komadi cvekle, dehidrirana melasa jabuke, jaja u prahu, sodijum hlorid, su\u0161eni kvasac, kalijum hlorid, fermentisano je\u010dam, morska trava su\u0161ena, seme lana, koren cikorije, arti\u010doka, masla\u010dak, \u0111umbir, listovi koprive, listovi breze, korijander, timijan, kamilica, divlji beli luk.<\/p>\n<p><strong>Analiza:<\/strong><br \/>\nProtein 32%, masno\u0107e 18%, vlakna 2,5%, pepeo 6,5%, kalcijum 1,25%, fosfor 0,85%, natrijum 0,45%. Kalijum 0,5, magnezijum 0,08mg\/kg.<\/p>\n<p><strong>Vitamini i minerali:<\/strong><br \/>\nVitamin A 18000IU, vitamin D3 1800IU, Vitamin E 100mg\/kg, Vitamin B1 5mg\/kg, Vitamin B2 6mg\/kg, Vitamin B6 4mg\/kg, Biotin 700\u00b5g, Kalcijum D pantontenat 12 mg\/kg, Niacin 45 mg\/kg, Vitamin B12 75\u00b5g, Holin hlorid 75 mg\/kg, antioksidansi, tokoferol, gvo\u017e\u0111e 120mg\/kg, bakar 12mg\/kg, cink 150 mg\/kg, mangan 30 mg\/kg, jod 2mg\/kg, selen 0,15mg\/kg, Dl metionin 4400mg\/kg, taurin 1000mg\/kg.<\/p>\n<p>Serve food in dry form with available fresh water.<br \/>\nFor your pet&#039;s health, consult a veterinarian regularly.<\/p>\n<p>Store the product in a dry, dark and cool place.<\/p>\n<p>Proizvo\u0111a\u010d: Interquell GmbH<br \/>\nCountry of origin: Germany<\/p>\n\n    <div class=\"xs_social_share_widget xs_share_url after_content \t\tmain_content  wslu-style-1 wslu-share-box-shaped wslu-fill-colored wslu-none wslu-share-horizontal wslu-theme-font-no wslu-main_content\">\n\n\t\t\n        <ul>\n\t\t\t        <\/ul>\n    <\/div>","protected":false},"excerpt":{"rendered":"<p>Happy Cat Adult Losos je hrana za odrasle ma\u010dke, sa ukusom lososa<\/p>","protected":false},"featured_media":33286,"comment_status":"closed","ping_status":"closed","template":"","meta":{"_acf_changed":false},"pwb-brand":[1236,1170],"product_cat":[23,21,149],"product_tag":[],"class_list":{"0":"post-30077","1":"product","2":"type-product","3":"status-publish","4":"has-post-thumbnail","6":"pwb-brand-happy-cat","7":"pwb-brand-happy-dog","8":"product_cat-macke","9":"product_cat-hrana-za-macke","10":"product_cat-granule-za-macke","12":"first","13":"instock","14":"taxable","15":"shipping-taxable","16":"purchasable","17":"product-type-variable","18":"has-default-attributes"},"acf":[],"brands":[{"id":1236,"name":"Happy Cat","slug":"happy-cat"},{"id":1170,"name":"Happy Dog","slug":"happy-dog"}],"_links":{"self":[{"href":"https:\/\/pawz.rs\/en\/wp-json\/wp\/v2\/product\/30077","targetHints":{"allow":["GET"]}}],"collection":[{"href":"https:\/\/pawz.rs\/en\/wp-json\/wp\/v2\/product"}],"about":[{"href":"https:\/\/pawz.rs\/en\/wp-json\/wp\/v2\/types\/product"}],"replies":[{"embeddable":true,"href":"https:\/\/pawz.rs\/en\/wp-json\/wp\/v2\/comments?post=30077"}],"wp:featuredmedia":[{"embeddable":true,"href":"https:\/\/pawz.rs\/en\/wp-json\/wp\/v2\/media\/33286"}],"wp:attachment":[{"href":"https:\/\/pawz.rs\/en\/wp-json\/wp\/v2\/media?parent=30077"}],"wp:term":[{"taxonomy":"pwb-brand","embeddable":true,"href":"https:\/\/pawz.rs\/en\/wp-json\/wp\/v2\/pwb-brand?post=30077"},{"taxonomy":"product_cat","embeddable":true,"href":"https:\/\/pawz.rs\/en\/wp-json\/wp\/v2\/product_cat?post=30077"},{"taxonomy":"product_tag","embeddable":true,"href":"https:\/\/pawz.rs\/en\/wp-json\/wp\/v2\/product_tag?post=30077"}],"curies":[{"name":"wp","href":"https:\/\/api.w.org\/{rel}","templated":true}]}}