{"id":30090,"date":"2024-09-12T17:50:00","date_gmt":"2024-09-12T15:50:00","guid":{"rendered":"https:\/\/pawz.rs\/?post_type=product&#038;p=30090"},"modified":"2025-06-29T19:54:54","modified_gmt":"2025-06-29T17:54:54","slug":"happy-dog-neuseeland-supreme","status":"publish","type":"product","link":"https:\/\/pawz.rs\/en\/happy-dog-neuseeland-supreme\/","title":{"rendered":"Happy Dog Neuseeland Supreme"},"content":{"rendered":"<p><strong>Happy Dog Neuseeland Supreme<\/strong><\/p>\n<p>ODNOS \/ PROTEINI MASTI: 21% \/ 12%<\/p>\n<p>Hrana namenjena odraslim psima srednjih i velikih rasa. Posebno pogodna za pse sa osetljivim \u017eelucem i crevima.<\/p>\n<p>Sadr\u017ei visokosvarljivu jagnjetinu u recepruri bez gluten. Pa\u017eljivo odabrani, potpuno prirodni sastojci \u010dine ovu hranu izuzetno ukusnom i lako svarljivom.<br \/>\nPru\u017ea optimalnu me\u0161avina hranljivih materija iz prirodnih sastojaka. \u00a0Zelenousne novozelandske dagnje predstavljaju izvor glukozamina za zdrave zglobove, dok su omega 3 i 6 masne kiseline izuzetno zna\u010dajne za zdravu ko\u017eu i sjajnu dlaku. Veli\u010dina granula je posebno prilago\u0111ena zubima srednjih i velikih pasa.<\/p>\n<p><strong>Sastav: <\/strong><br \/>\nJagnje\u0107i protein dehidrirani (20%), pirina\u010d, kukuruzno bra\u0161no, kukuruz, pirin\u010dani protein dehidrirani, \u017eivotinjska mast (uklju\u010duju\u0107i meso peradi), repina pulpa dehidrirana (bez \u0161e\u0107era), hidrolizirana jetra, suncokretovo ulje, komina jabuke dehidrirana, kalijum hlorid, ulje uljane repice, kvasci dehidrirani, natrijum hlorid, morske alge dehidrirane, laneno seme, meso dagnji dehidrirano (0,05%), \u010di\u010dak, kvasci dehidrirani (ekstrakt), arti\u010doka, masla\u010dak, \u0111umbir, listovi breze, kopriva, kamilica, korijander, ruzmarin, kadulja, koren sladi\u0107a, maj\u010dina du\u0161ica, (ukupno su\u0161eno bilje: 0,17%)<\/p>\n<p>Analiza:<br \/>\nSirovi proteini 21,0%, sirove masti 12,0%, sirova vlakna 3,0%, sirovi pepeo 8,0%, kalcijum 1,6%, fosfor 1,05%, natrijum 0,35%, kalijum 0,6%, magnezijum 0,09%, omega-6 masne kiseline 3,5%, omega- 3 masne kiseline 0,4%<\/p>\n<p><strong>Vitamini\/kg: <\/strong><br \/>\nVitamin A (3a672a) 15000 IU, vitamin D3 (3a671) 1000 IU, taurin (3a370) 500 mg<\/p>\n<p><strong>Elementi u tragovima\/kg: <\/strong><br \/>\nGvo\u017e\u0111e (gvo\u017e\u0111e(II) sulfat, monohidrat 3b103) 54 mg, bakar (bakar(II) sulfat pentahidrat 3b405) 11 mg, cink (cinkov oksid 3b603 80 mg, cinkov kelat aminokiselina, hidrat 3b606 30 mg) 110 mg, mangan (mangan(II) oksid 3b502) 28 mg, jod (kalcijev jodat, bezvodni 3b202) 2 mg, selen (natrijev selenit 3b801) 0,1 mg<\/p>\n<p>Antioksidansi, tokoferolom bogati ekstrakti iz biljnih ulja 1b306(i)<\/p>\n<p>Serve food in dry form with available fresh water.<br \/>\nFor your pet&#039;s health, consult a veterinarian regularly.<\/p>\n<p>Store the product in a dry, dark and cool place.<\/p>\n<p>Proizvo\u0111a\u010d: Interquell GmbH<br \/>\nCountry of origin: Germany<\/p>\n\n    <div class=\"xs_social_share_widget xs_share_url after_content \t\tmain_content  wslu-style-1 wslu-share-box-shaped wslu-fill-colored wslu-none wslu-share-horizontal wslu-theme-font-no wslu-main_content\">\n\n\t\t\n        <ul>\n\t\t\t        <\/ul>\n    <\/div>","protected":false},"excerpt":{"rendered":"<p>Happy Dog Neuseeland Supreme je suva hrana namenjena odraslim psima srednje i velike rase, a pogodna je i za osetljive pse<\/p>","protected":false},"featured_media":30055,"comment_status":"closed","ping_status":"closed","template":"","meta":{"_acf_changed":false},"pwb-brand":[1170],"product_cat":[47,48,49],"product_tag":[],"class_list":{"0":"post-30090","1":"product","2":"type-product","3":"status-publish","4":"has-post-thumbnail","6":"pwb-brand-happy-dog","7":"product_cat-psi","8":"product_cat-hrana-za-pse","9":"product_cat-granule-za-pse","11":"first","12":"instock","13":"taxable","14":"shipping-taxable","15":"purchasable","16":"product-type-variable","17":"has-default-attributes"},"acf":[],"brands":[{"id":1170,"name":"Happy Dog","slug":"happy-dog"}],"_links":{"self":[{"href":"https:\/\/pawz.rs\/en\/wp-json\/wp\/v2\/product\/30090","targetHints":{"allow":["GET"]}}],"collection":[{"href":"https:\/\/pawz.rs\/en\/wp-json\/wp\/v2\/product"}],"about":[{"href":"https:\/\/pawz.rs\/en\/wp-json\/wp\/v2\/types\/product"}],"replies":[{"embeddable":true,"href":"https:\/\/pawz.rs\/en\/wp-json\/wp\/v2\/comments?post=30090"}],"wp:featuredmedia":[{"embeddable":true,"href":"https:\/\/pawz.rs\/en\/wp-json\/wp\/v2\/media\/30055"}],"wp:attachment":[{"href":"https:\/\/pawz.rs\/en\/wp-json\/wp\/v2\/media?parent=30090"}],"wp:term":[{"taxonomy":"pwb-brand","embeddable":true,"href":"https:\/\/pawz.rs\/en\/wp-json\/wp\/v2\/pwb-brand?post=30090"},{"taxonomy":"product_cat","embeddable":true,"href":"https:\/\/pawz.rs\/en\/wp-json\/wp\/v2\/product_cat?post=30090"},{"taxonomy":"product_tag","embeddable":true,"href":"https:\/\/pawz.rs\/en\/wp-json\/wp\/v2\/product_tag?post=30090"}],"curies":[{"name":"wp","href":"https:\/\/api.w.org\/{rel}","templated":true}]}}