{"id":30096,"date":"2024-09-10T17:34:39","date_gmt":"2024-09-10T15:34:39","guid":{"rendered":"https:\/\/pawz.rs\/?post_type=product&#038;p=30096"},"modified":"2025-06-29T19:55:44","modified_gmt":"2025-06-29T17:55:44","slug":"happy-dog-naturcroq-kroketi-za-stence","status":"publish","type":"product","link":"https:\/\/pawz.rs\/en\/happy-dog-naturcroq-kroketi-za-stence\/","title":{"rendered":"Happy Dog Naturcroq Kroketi za \u0160tence"},"content":{"rendered":"<p><strong>Happy Dog Naturcroq Kroketi za \u0160tence<\/strong><\/p>\n<p>ODNOS \/ PROTEINI MASTI: 30% \/ 14%<\/p>\n<p>Za \u0161tenad i mlade pse od 4 nedelje starosti.<\/p>\n<p>Hrana namenjena za \u0161tence svih rasa.<\/p>\n<p>Namenjena za optimalan razvoj \u0161tenaca od prvog meseca \u017eivota. Optimalan sadr\u017eaj masti i belan\u010devina pru\u017ea savr\u0161enu podr\u0161ku \u0161tencima u prvim mesecima i osigurava zdrav, skladan razvoj.<br \/>\nUravnote\u017eena prehrana sa visokovrednim \u017eivotinjskim belan\u010devinama, lokalno uzgojenim celim \u017eitaricama i esencijalnim vitaminima, elementima u tragovima i mineralima obezbe\u0111uje optimalan i uravnote\u017een razvoj psa. Kalcijum i vitamin D3 igraju veliku ulogu u razvoju telesne snage i zdravih kostiju. Dragocene nezasi\u0107ene masne kiseline brinu se o razvoju zdrave ko\u017ene barijere i sjajne dlake.<br \/>\nIzuzetno ukusna formulacija, sadr\u017ei vredno lokalno uzgojeno bilje koje daje mnoge va\u017ene hranljive materije iz prirodnog izvora. Hrana je namenjena ishrani \u0161tenaca do 7 meseca starosti.<\/p>\n<p><strong>Sastav: <\/strong><br \/>\nBelan\u010devine peradi suve, p\u0161eni\u010dno bra\u0161no, kukuruzno bra\u0161no, pirin\u010dano bra\u0161no, mesno bra\u0161no, kukuruz od celog zrna, prera\u0111eni \u017eivotinjski protein, mast peradi, gove\u0111a mast, riblje bra\u0161no, hidrolizirana jetra, repina pulpa su\u0161ena (bez \u0161e\u0107era), komina jabuke su\u0161ene (1,0%), kvasci su\u0161eni, celoviti je\u010dam, \u0161argarepa su\u0161ena, natrijum hlorid, zelena zob su\u0161ena, suncokret su\u0161eni (0,08 %), kres su\u0161eni, per\u0161un su\u0161eni, (ukupno zeleno bilje: 0,3 %);<\/p>\n<p><strong>Analytical composition: <\/strong><br \/>\nSirove belan\u010devine 29,0 %, sirove masti 14,0 %, sirova vlakna 3,0 %, sirovi pepeo 7,5 %, kalcijum 1,6 %, fosfor 1,1 %, natrijum 0,25 %, kalijum 0,5 %, magnezijum 0,11 %, omega-6 masne kiseline 2,2 %, omega- 3 masne kiseline 0,3 %.<\/p>\n<p><strong>Vitamini\/kg: <\/strong><br \/>\nVitamin A (3a672a) 18000 IU, vitamin D3 (3a671) 1000 IU, folna kiselina (3a316) 4 mg<\/p>\n<p><strong>Elementi u tragovima\/kg: <\/strong><br \/>\nGvo\u017e\u0111e (gvo\u017e\u0111e(II) sulfat, monohidrat 3b103) 60 mg, bakar (bakar(II) sulfat pentahidrat 3b405) 13 mg, cink (cinkov oksid 3b603) 100 mg, mangan (mangan(II) oksid 3b502) 10 mg, jod ( kalcijev jodat, bezvodni 3b202) 2,7 mg, selen (natrijev selenit 3b801) 0,18 mg<\/p>\n<p>Antioksidansi, tokoferolom bogati ekstrakti iz biljnih ulja 1b306(i)<\/p>\n<p>Serve food in dry form with available fresh water.<br \/>\nFor your pet&#039;s health, consult a veterinarian regularly.<\/p>\n<p>Store the product in a dry, dark and cool place.<\/p>\n<p>Proizvo\u0111a\u010d: Interquell GmbH<br \/>\nCountry of origin: Germany<\/p>\n\n    <div class=\"xs_social_share_widget xs_share_url after_content \t\tmain_content  wslu-style-1 wslu-share-box-shaped wslu-fill-colored wslu-none wslu-share-horizontal wslu-theme-font-no wslu-main_content\">\n\n\t\t\n        <ul>\n\t\t\t        <\/ul>\n    <\/div>","protected":false},"excerpt":{"rendered":"<p>Happy Dog Naturcroq su kroketi namenjeni \u0161tencima pasa svih rasa, od 4 nedelje starosti<\/p>","protected":false},"featured_media":33254,"comment_status":"closed","ping_status":"closed","template":"","meta":{"_acf_changed":false},"pwb-brand":[1170],"product_cat":[47,48,49],"product_tag":[],"class_list":{"0":"post-30096","1":"product","2":"type-product","3":"status-publish","4":"has-post-thumbnail","6":"pwb-brand-happy-dog","7":"product_cat-psi","8":"product_cat-hrana-za-pse","9":"product_cat-granule-za-pse","11":"first","12":"instock","13":"taxable","14":"shipping-taxable","15":"purchasable","16":"product-type-variable","17":"has-default-attributes"},"acf":[],"brands":[{"id":1170,"name":"Happy Dog","slug":"happy-dog"}],"_links":{"self":[{"href":"https:\/\/pawz.rs\/en\/wp-json\/wp\/v2\/product\/30096","targetHints":{"allow":["GET"]}}],"collection":[{"href":"https:\/\/pawz.rs\/en\/wp-json\/wp\/v2\/product"}],"about":[{"href":"https:\/\/pawz.rs\/en\/wp-json\/wp\/v2\/types\/product"}],"replies":[{"embeddable":true,"href":"https:\/\/pawz.rs\/en\/wp-json\/wp\/v2\/comments?post=30096"}],"wp:featuredmedia":[{"embeddable":true,"href":"https:\/\/pawz.rs\/en\/wp-json\/wp\/v2\/media\/33254"}],"wp:attachment":[{"href":"https:\/\/pawz.rs\/en\/wp-json\/wp\/v2\/media?parent=30096"}],"wp:term":[{"taxonomy":"pwb-brand","embeddable":true,"href":"https:\/\/pawz.rs\/en\/wp-json\/wp\/v2\/pwb-brand?post=30096"},{"taxonomy":"product_cat","embeddable":true,"href":"https:\/\/pawz.rs\/en\/wp-json\/wp\/v2\/product_cat?post=30096"},{"taxonomy":"product_tag","embeddable":true,"href":"https:\/\/pawz.rs\/en\/wp-json\/wp\/v2\/product_tag?post=30096"}],"curies":[{"name":"wp","href":"https:\/\/api.w.org\/{rel}","templated":true}]}}