{"id":30099,"date":"2024-09-12T17:49:56","date_gmt":"2024-09-12T15:49:56","guid":{"rendered":"https:\/\/pawz.rs\/?post_type=product&#038;p=30099"},"modified":"2025-06-29T19:54:55","modified_gmt":"2025-06-29T17:54:55","slug":"happy-dog-ireland-supreme","status":"publish","type":"product","link":"https:\/\/pawz.rs\/en\/happy-dog-ireland-supreme\/","title":{"rendered":"Happy Dog Ireland Supreme"},"content":{"rendered":"<p><strong>Happy Dog Ireland Supreme<\/strong><\/p>\n<p>ODNOS \/ PROTEINI MASTI: 21% \/ 10%<\/p>\n<p>Hrana namenjena ishrani odraslih pasa srednjih i velikih rasa. Pogodna za ishranu probirljivih pasa.<\/p>\n<p>Sadr\u017ei kombinaciju hranjivog lososa, ukusnog zeca i vrednih \u017eitarica. Losos je bogat esencijalnim Omega-3 i Omega-6 masnim kiselinama, dok kuni\u0107 donosi vedne proteine i druge va\u017ene hranjive materije.<br \/>\nDoprinosi kvalitetu ko\u017ee i krzna. Cele \u017eitarice psu daju dijetalna vlakna koja poma\u017eu regulaciju probave. Ukusna formula idealna je za odrasle pse sa preko 11 kg te\u017eine i izbirljivim apetitom.<\/p>\n<p><strong>Sastav:\u00a0<\/strong><br \/>\nOvas, bra\u0161no od lososa (13 %), je\u010dam, kukuruz, ze\u010dji protein dehidrirani (8 %), krompir dehidrirani, ulja i masti, repina pulpa dehidrirana (bez \u0161e\u0107era), hidrolizirani protein, hemoglobin dehidrirani, komina jabuke dehidrirane (1,1%), su\u0161ena cielo jaje, kalijum hlorid, kvasci dehidrirani, natrijum hlorid, morske alge dehidrirane, seme lana (0,15%), meso dagnji dehidrirano (0,05%), mle\u010dni \u010di\u010dak, yucca schidigera dehidrirana, kvasci dehidrirani (ekstrakt), arti\u010doka, masla\u010dak, \u0111umbir (0,014%), li\u0161\u0107e breze, kopriva, kamilica, korijander, ruzmarin, kadulja, korjen sladi\u0107a, maj\u010dina du\u0161ica, (ukupno su\u0161eno bilje: 0,17 %)<\/p>\n<p><strong>Analiza: <\/strong><br \/>\nSirovi proteini 21,0 %, sirove masti 10,0 %, sirova vlakna 3,0 %, sirovi pepeo 7,0 %, kalcij 1,3 %, fosfor 0,9 %, natrij 0,4 %, omega 6 masne kiseline 2,5 %, omega 3 masne kiseline 0,3 %<\/p>\n<p><strong>Vitamini\/kg: <\/strong><br \/>\nVitamin A (3a672a) 16000 IU, vitamin D3 (3a671) 900 IU<\/p>\n<p><strong>Elementi u tragovima\/kg: <\/strong><br \/>\nGvo\u017e\u0111e (kao 3b103) 75 mg, bakar (kao 3b405) 15 mg, cink (kao 3b603, 3b606) 130 mg, mangan (kao 3b502) 30 mg, jod (kao 3b202) 2,5 mg, selen (kao 3b801) 0,15 mg<\/p>\n<p><strong>Regulatori kiselosti\/kg: <\/strong><br \/>\nLimunska kiselina (1a330) 200 mg<\/p>\n<p>Antioksidansi, tokoferolom bogati ekstrakti iz biljnih ulja 1b306(i)<\/p>\n<p>Serve food in dry form with available fresh water.<br \/>\nFor your pet&#039;s health, consult a veterinarian regularly.<\/p>\n<p>Store the product in a dry, dark and cool place.<\/p>\n<p>Proizvo\u0111a\u010d: Interquell GmbH<br \/>\nCountry of origin: Germany<\/p>\n\n    <div class=\"xs_social_share_widget xs_share_url after_content \t\tmain_content  wslu-style-1 wslu-share-box-shaped wslu-fill-colored wslu-none wslu-share-horizontal wslu-theme-font-no wslu-main_content\">\n\n\t\t\n        <ul>\n\t\t\t        <\/ul>\n    <\/div>","protected":false},"excerpt":{"rendered":"<p>Happy Dog Ireland Supreme je hrana namanjena odraslim psima srednje i velike rase<\/p>","protected":false},"featured_media":33210,"comment_status":"closed","ping_status":"closed","template":"","meta":{"_acf_changed":false},"pwb-brand":[1170],"product_cat":[47,48,49],"product_tag":[],"class_list":{"0":"post-30099","1":"product","2":"type-product","3":"status-publish","4":"has-post-thumbnail","6":"pwb-brand-happy-dog","7":"product_cat-psi","8":"product_cat-hrana-za-pse","9":"product_cat-granule-za-pse","11":"first","12":"instock","13":"taxable","14":"shipping-taxable","15":"purchasable","16":"product-type-variable","17":"has-default-attributes"},"acf":[],"brands":[{"id":1170,"name":"Happy Dog","slug":"happy-dog"}],"_links":{"self":[{"href":"https:\/\/pawz.rs\/en\/wp-json\/wp\/v2\/product\/30099","targetHints":{"allow":["GET"]}}],"collection":[{"href":"https:\/\/pawz.rs\/en\/wp-json\/wp\/v2\/product"}],"about":[{"href":"https:\/\/pawz.rs\/en\/wp-json\/wp\/v2\/types\/product"}],"replies":[{"embeddable":true,"href":"https:\/\/pawz.rs\/en\/wp-json\/wp\/v2\/comments?post=30099"}],"wp:featuredmedia":[{"embeddable":true,"href":"https:\/\/pawz.rs\/en\/wp-json\/wp\/v2\/media\/33210"}],"wp:attachment":[{"href":"https:\/\/pawz.rs\/en\/wp-json\/wp\/v2\/media?parent=30099"}],"wp:term":[{"taxonomy":"pwb-brand","embeddable":true,"href":"https:\/\/pawz.rs\/en\/wp-json\/wp\/v2\/pwb-brand?post=30099"},{"taxonomy":"product_cat","embeddable":true,"href":"https:\/\/pawz.rs\/en\/wp-json\/wp\/v2\/product_cat?post=30099"},{"taxonomy":"product_tag","embeddable":true,"href":"https:\/\/pawz.rs\/en\/wp-json\/wp\/v2\/product_tag?post=30099"}],"curies":[{"name":"wp","href":"https:\/\/api.w.org\/{rel}","templated":true}]}}