{"id":30104,"date":"2024-09-10T15:32:09","date_gmt":"2024-09-10T13:32:09","guid":{"rendered":"https:\/\/pawz.rs\/?post_type=product&#038;p=30104"},"modified":"2026-02-17T07:57:34","modified_gmt":"2026-02-17T06:57:34","slug":"happy-dog-vet-hepatic","status":"publish","type":"product","link":"https:\/\/pawz.rs\/en\/happy-dog-vet-hepatic\/","title":{"rendered":"Happy Dog Vet Hepatic"},"content":{"rendered":"<p><strong>Happy Dog Vet Hepatic<\/strong><\/p>\n<p>Veterinarska specijalna dijeta za insuficijenciju jetre i bolesti akumulacije bakra.<\/p>\n<p><strong>Ingredients:<br \/>\n<\/strong>Pirin\u010dano bra\u0161no (52%), pirin\u010dani protein* (9,5%), bra\u0161no od lososa (8%), kukuruzno bra\u0161no, suncokretovo ulje (6%), \u0161ecerni kotleti* (bez \u0161ecera), \u017eivinska mast, hidrolizat jetre, pulpa jabuke*, seme repice ulje, celuloza, \u0161argarepa*, laneno seme* (0,5%), mlecni cicak* (0,2%), morske alge*, kvasac* (ekstrahovani), koren cikorije*; (* osu\u0161eno). Energija koja se mo\u017ee metabolizirati: 15,60 MJ\/kg.<\/p>\n<p><strong>Analiti\u010dke komponente:<br \/>\n<\/strong>Sirovi proteini 16,0%; sirove masti 16,0%; sirova vlakna 3,0%; krupni pepeo 4,5%; kalcijum 0,45%; natrijum 0,2%; kalijum 0,45%; magnezijum 0,06%; fosfor 0,4%; hloridi 0,5%; sumpor 0,3%; omega-6 masne kiseline 5,5%; omega-3 masne kiseline 0,6%; bakar (ukupno) 6 mg\/kg.<\/p>\n<p><strong>Dodatne supstance:<br \/>\n<\/strong>Vitamini\/kg: vitamin A (3a672a) 12.000 IU, vitamin D3 (E671) 950 IU, vitamin E (all-rac-alfa-tokoferol acetat 3a700) 500 mg, vitamin B1 (tiamin nitrat 3a821) 5 mg, vitamin B2 ) 7 mg, vitamin B6 (piridoksin hidrohlorid 3a831) 5 mg, D(+)-biotin (3a880) 750 mg, kalcijum pantotenat (3a841) 15 mg, niacin (3a314) 40 mg, vitamin B12, vitamin C3a1 70 mg ) 100 mg, L-karnitin (3a910) 900 mg, taurin (3a370) 2.000 mg. Antioksidansi, ekstrakti tokoferola iz biljnih ulja 1b306(i). Elementi u tragovima\/kg: gvo\u017ede (ferosulfat monohidrat 3b103) 30 mg, bakar (bakar sulfat pentahidrat 3b405) 3 mg, cink (cink oksid 3b603) 240 mg, mangan (mangan oksid 3b502) 3 mg, jod2hidrous 3 mg ) 0,3 mg, selen (E8, natrijum selenit) 0,1 mg.<\/p>\n<p><strong>Preporu\u010deno trajanje hranjenja:<\/strong><br \/>\nU po\u010detku do 6 meseci. Osim ako veterinar ne odredi drugacije, dajte nekoliko manjih porcija dnevBr.<\/p>\n<p><strong>Dodatna obave\u0161tenja:<\/strong><br \/>\npreporu\u010dujemo da se konsultujete sa veterinarom pre po\u010detka i zavr\u0161etka hranjenja. Da biste postigli optimalan efekat dijete, hranite samo ovu dijetnu hranu. Uvek se konsultujte sa veterinarom o davanju dopunske hrane. Prilagodite dnevnu dozu hrane individualnom metabolizmu \u017eivotinje, ili mo\u017eete zna\u010dajno smanjiti ili pove\u0107ati dozu. Obezbedite psu stalan pristup sve\u017eoj vodi za ptice.<\/p>\n<p>Serve food in dry form with available fresh water.<br \/>\nFor your pet&#039;s health, consult a veterinarian regularly.<\/p>\n<p>Store the product in a dry, dark and cool place.<\/p>\n<p>Proizvo\u0111a\u010d: Interquell GmbH<br \/>\nCountry of origin: Germany<\/p>\n\n    <div class=\"xs_social_share_widget xs_share_url after_content \t\tmain_content  wslu-style-1 wslu-share-box-shaped wslu-fill-colored wslu-none wslu-share-horizontal wslu-theme-font-no wslu-main_content\">\n\n\t\t\n        <ul>\n\t\t\t        <\/ul>\n    <\/div>","protected":false},"excerpt":{"rendered":"<p>Happy Dog Vet Hepatic predstavlja veterinarsku dijetu namenjenu psima koji imaju problem sa jetrom<\/p>","protected":false},"featured_media":33261,"comment_status":"closed","ping_status":"closed","template":"","meta":{"_acf_changed":false},"pwb-brand":[1170],"product_cat":[47,49,48,705],"product_tag":[1544,1251],"class_list":{"0":"post-30104","1":"product","2":"type-product","3":"status-publish","4":"has-post-thumbnail","6":"pwb-brand-happy-dog","7":"product_cat-psi","8":"product_cat-granule-za-pse","9":"product_cat-hrana-za-pse","10":"product_cat-veterinarske-dijete-za-pse","11":"product_tag-hdvet","12":"product_tag-veterinarske-dijete","14":"first","15":"outofstock","16":"taxable","17":"shipping-taxable","18":"purchasable","19":"product-type-variable","20":"has-default-attributes"},"acf":[],"brands":[{"id":1170,"name":"Happy Dog","slug":"happy-dog"}],"_links":{"self":[{"href":"https:\/\/pawz.rs\/en\/wp-json\/wp\/v2\/product\/30104","targetHints":{"allow":["GET"]}}],"collection":[{"href":"https:\/\/pawz.rs\/en\/wp-json\/wp\/v2\/product"}],"about":[{"href":"https:\/\/pawz.rs\/en\/wp-json\/wp\/v2\/types\/product"}],"replies":[{"embeddable":true,"href":"https:\/\/pawz.rs\/en\/wp-json\/wp\/v2\/comments?post=30104"}],"wp:featuredmedia":[{"embeddable":true,"href":"https:\/\/pawz.rs\/en\/wp-json\/wp\/v2\/media\/33261"}],"wp:attachment":[{"href":"https:\/\/pawz.rs\/en\/wp-json\/wp\/v2\/media?parent=30104"}],"wp:term":[{"taxonomy":"pwb-brand","embeddable":true,"href":"https:\/\/pawz.rs\/en\/wp-json\/wp\/v2\/pwb-brand?post=30104"},{"taxonomy":"product_cat","embeddable":true,"href":"https:\/\/pawz.rs\/en\/wp-json\/wp\/v2\/product_cat?post=30104"},{"taxonomy":"product_tag","embeddable":true,"href":"https:\/\/pawz.rs\/en\/wp-json\/wp\/v2\/product_tag?post=30104"}],"curies":[{"name":"wp","href":"https:\/\/api.w.org\/{rel}","templated":true}]}}