{"id":30106,"date":"2024-09-10T18:50:16","date_gmt":"2024-09-10T16:50:16","guid":{"rendered":"https:\/\/pawz.rs\/?post_type=product&#038;p=30106"},"modified":"2025-06-29T19:55:43","modified_gmt":"2025-06-29T17:55:43","slug":"happy-dog-medium-adult-fitvital","status":"publish","type":"product","link":"https:\/\/pawz.rs\/en\/happy-dog-medium-adult-fitvital\/","title":{"rendered":"Happy Dog Medium Adult Fit&#038;Vital"},"content":{"rendered":"<p><strong>Happy Dog Medium Adult Fit&amp;Vital<\/strong><\/p>\n<p>ODNOS \/ PROTEINI MASTI: 24% \/ 12%<\/p>\n<p>Sa Bio-formulom, podi\u017eu i jacaju otpornost i vitalnost kod pasa i ubrzavaju razmenu materija.Za srednje rase od11-26 kg.tel.mase.<\/p>\n<p>Hrana namenjena odraslim psima srednjih rasa te\u017eine izme\u0111u 11 i 25 kg. Hrana sa prirodnim sastojcima i \u0161koljkama sa Novog Zelanda je savr\u0161ena za odrasle pse sa normalnim aktivnostima i energetskim potrebama.<br \/>\nSadr\u017ei Omega 6 i Omega 3 masne kiseline sadr\u017eane, u lanenom semenu, obezbe\u0111uju zdravu ko\u017eu i sjajno krzno. Fermentisane \u017eitarice sa prirodnnim mle\u010dnim kiselinama i aktivnim metaboli\u010dkim enzimima podr\u017eavaju imuni sistem. Prirodna silika iz algi obezbedjuju jake kosti i zglobove. Elementi u tragovima pru\u017eaju podr\u0161ku optimalnom metabolizmu. Jabuka sa prirodnim dijetalnim vlaknima omogu\u0107ava lako varenje. Pa\u017eljivo izabrana me\u0161avina lekovitog bilja sa vrednim eteri\u010dnim uljima odr\u017eava zdrave sitema za varenje. \u0160koljke sa Novog Zelanda predstavljaju izvor glukozamina koji obezbe\u0111uje zdrave zglobove.<\/p>\n<p><strong>Sastav: <\/strong><br \/>\n\u017divotinjski proteini dehidrirani (14% \u017eivine, 4% jagnjetine), kukuruz, kukuruzno bra\u0161no, pirin\u010dano bra\u0161no, je\u010dam, riblje bra\u0161no (5%, od toga 50% bra\u0161no od lososa), \u017eivinska mast, hemoglobin dehidrirani, hidrolizovana jetra, suncokretovo ulje, cvekla celuloza dehidrirana (bez kiseline), komine jabuke dehidrirana, kalijum hlorid, ulje semena repice, kvasci dehidrirani, natrijum hlorid, alka dehidrirana, laneno seme (0,16%), suho celo jaje (0,12%), meso \u0161koljki dehidrirano (0,02%), kvasci dehidrirani (ekstrakt), \u010di\u010dka, arti\u010doka, masla\u010dak, \u0111umbir (0,013%), li\u0161c\u0301e breze, kopriva, kamilica, korijander, ruzmarin, \u017ealfija, koren sladic\u0301a, maj\u010dina du\u0161ica, (ukupno su\u0161eno bilje: 0,16%);<\/p>\n<p><strong>Analytical composition:\u00a0<\/strong><br \/>\nSirovi proteini 24,0%, sirove masti 13,0%, sirova vlakna 2,5%, sirovi pepeo 6,5%, kalcijum 1,4%, fosfor 0,95%, natrijum 0,4%, kalijum 0,5%, magnezijum 0,1%, omega-6 masne kiseline 3,0%, omega- 3 masne kiseline 0,3%<\/p>\n<p><strong>Hranljivi dodaci\/kg:\u00a0<\/strong><br \/>\nVitamin A (3a672a) 12000 IJ, vitamin D3 (3a671) 1000 IJ, vitamin E (3a700) 75 mg, vitamin B1 (3a821) 4 mg, vitamin B2 (3a825ii) 6 mg, vitamin B6 (3a831) 4 mg, biotin ( 3a880) 575 mcg, kalcijum D-pantotenat (3a841) 10 mg, niacin (3a314) 40 mg, vitamin B12 70 mcg, holin hlorid (3a890) 60 mg, vitamin C (3a312) 20 mg, elementi u tragovima \/ kg: gvo\u017e\u0111e ( kao 3b103; 3b106) 105 mg, bakar (kao 3b405; 3b406) 10 mg, cink (kao 3b603; 3b606; 3b607) 105 mg, mangan (kao 3b502; 3b504) 25 mg, jod (kao 3b202) 2 mg, selen ( kao 3b801; 3b8.12) 0,15 mg, antioksidant; ekstrakti bogati tokoferolom iz biljnih ulja 1b306 (i).<\/p>\n<p>Serve food in dry form with available fresh water.<br \/>\nFor your pet&#039;s health, consult a veterinarian regularly.<\/p>\n<p>Store the product in a dry, dark and cool place.<\/p>\n<p>Proizvo\u0111a\u010d: Interquell GmbH<br \/>\nCountry of origin: Germany<\/p>\n\n    <div class=\"xs_social_share_widget xs_share_url after_content \t\tmain_content  wslu-style-1 wslu-share-box-shaped wslu-fill-colored wslu-none wslu-share-horizontal wslu-theme-font-no wslu-main_content\">\n\n\t\t\n        <ul>\n\t\t\t        <\/ul>\n    <\/div>","protected":false},"excerpt":{"rendered":"<p>Happy Dog Medium Adult Fit&amp;Vital je kompletna suva hrana za odrasle pse srednje rase<\/p>","protected":false},"featured_media":33247,"comment_status":"closed","ping_status":"closed","template":"","meta":{"_acf_changed":false},"pwb-brand":[1170],"product_cat":[47,48,49],"product_tag":[],"class_list":{"0":"post-30106","1":"product","2":"type-product","3":"status-publish","4":"has-post-thumbnail","6":"pwb-brand-happy-dog","7":"product_cat-psi","8":"product_cat-hrana-za-pse","9":"product_cat-granule-za-pse","11":"first","12":"instock","13":"taxable","14":"shipping-taxable","15":"purchasable","16":"product-type-variable","17":"has-default-attributes"},"acf":[],"brands":[{"id":1170,"name":"Happy Dog","slug":"happy-dog"}],"_links":{"self":[{"href":"https:\/\/pawz.rs\/en\/wp-json\/wp\/v2\/product\/30106","targetHints":{"allow":["GET"]}}],"collection":[{"href":"https:\/\/pawz.rs\/en\/wp-json\/wp\/v2\/product"}],"about":[{"href":"https:\/\/pawz.rs\/en\/wp-json\/wp\/v2\/types\/product"}],"replies":[{"embeddable":true,"href":"https:\/\/pawz.rs\/en\/wp-json\/wp\/v2\/comments?post=30106"}],"wp:featuredmedia":[{"embeddable":true,"href":"https:\/\/pawz.rs\/en\/wp-json\/wp\/v2\/media\/33247"}],"wp:attachment":[{"href":"https:\/\/pawz.rs\/en\/wp-json\/wp\/v2\/media?parent=30106"}],"wp:term":[{"taxonomy":"pwb-brand","embeddable":true,"href":"https:\/\/pawz.rs\/en\/wp-json\/wp\/v2\/pwb-brand?post=30106"},{"taxonomy":"product_cat","embeddable":true,"href":"https:\/\/pawz.rs\/en\/wp-json\/wp\/v2\/product_cat?post=30106"},{"taxonomy":"product_tag","embeddable":true,"href":"https:\/\/pawz.rs\/en\/wp-json\/wp\/v2\/product_tag?post=30106"}],"curies":[{"name":"wp","href":"https:\/\/api.w.org\/{rel}","templated":true}]}}